{"id":15019,"date":"2024-04-16T10:09:45","date_gmt":"2024-04-16T10:09:45","guid":{"rendered":"https:\/\/greenum.eu\/?post_type=product&#038;p=15019"},"modified":"2024-06-12T13:02:27","modified_gmt":"2024-06-12T13:02:27","slug":"shiny-strawberry","status":"publish","type":"product","link":"https:\/\/greenum.jp\/en\/products\/shiny-strawberry\/","title":{"rendered":"SHINY STRAWBERRY"},"content":{"rendered":"<p>Aromatiz\u0113ts \u0137erme\u0146a sprejs ar mitrino\u0161u iedarb\u012bbu. Viegli un maigi aromatiz\u0113 \u0101du un \u013cauj arom\u0101tam notur\u0113ties vair\u0101kas stundas. Var atk\u0101rtoti uzsmidzin\u0101t uz \u0101das visas dienas garum\u0101 p\u0113c v\u0113l\u0113\u0161an\u0101s un vajadz\u012bbas.<\/p>\n","protected":false},"excerpt":{"rendered":"<p>Scented body mist with moisturising effect.<\/p>\n<p>&nbsp;<\/p>\n<p>Refreshes and lightly fragrances the skin, allowing the scent to linger for several hours.<\/p>\n<p>&nbsp;<\/p>\n<p><strong>FRAGRANCE NOTES:<\/strong> ORANGE, WILD STRAWBERRIES, ALMONDS, VIOLET LEAVES, PEACH, JAM, WHITE MUSK.<\/p>\n<p>&nbsp;<\/p>\n<p>HOW TO USE: Spray onto skin from a distance of 15-20 cm throughout the day.<\/p>\n<p>&nbsp;<\/p>\n<p>WARNING: Avoid getting into eyes. Keep out of reach of children.\u00a0In case of allergy, discontinue use.<\/p>\n<p>&nbsp;<\/p>\n<p>Volume: 150 ml.<\/p>\n<p>&nbsp;<\/p>\n","protected":false},"featured_media":11976,"template":"","meta":{"inline_featured_image":false},"product_brand":[],"product_cat":[200],"product_tag":[],"class_list":{"0":"post-15019","1":"product","2":"type-product","3":"status-publish","4":"has-post-thumbnail","6":"product_cat-floral-water","8":"first","9":"instock","10":"shipping-taxable","11":"product-type-simple"},"_links":{"self":[{"href":"https:\/\/greenum.jp\/en\/wp-json\/wp\/v2\/product\/15019","targetHints":{"allow":["GET"]}}],"collection":[{"href":"https:\/\/greenum.jp\/en\/wp-json\/wp\/v2\/product"}],"about":[{"href":"https:\/\/greenum.jp\/en\/wp-json\/wp\/v2\/types\/product"}],"version-history":[{"count":2,"href":"https:\/\/greenum.jp\/en\/wp-json\/wp\/v2\/product\/15019\/revisions"}],"predecessor-version":[{"id":17956,"href":"https:\/\/greenum.jp\/en\/wp-json\/wp\/v2\/product\/15019\/revisions\/17956"}],"wp:featuredmedia":[{"embeddable":true,"href":"https:\/\/greenum.jp\/en\/wp-json\/wp\/v2\/media\/11976"}],"wp:attachment":[{"href":"https:\/\/greenum.jp\/en\/wp-json\/wp\/v2\/media?parent=15019"}],"wp:term":[{"taxonomy":"product_brand","embeddable":true,"href":"https:\/\/greenum.jp\/en\/wp-json\/wp\/v2\/product_brand?post=15019"},{"taxonomy":"product_cat","embeddable":true,"href":"https:\/\/greenum.jp\/en\/wp-json\/wp\/v2\/product_cat?post=15019"},{"taxonomy":"product_tag","embeddable":true,"href":"https:\/\/greenum.jp\/en\/wp-json\/wp\/v2\/product_tag?post=15019"}],"curies":[{"name":"wp","href":"https:\/\/api.w.org\/{rel}","templated":true}]}}