{"id":15269,"date":"2024-04-16T10:10:35","date_gmt":"2024-04-16T10:10:35","guid":{"rendered":"https:\/\/greenum.eu\/?post_type=product&#038;p=15269"},"modified":"2024-05-23T11:27:37","modified_gmt":"2024-05-23T11:27:37","slug":"lemongrass-2","status":"publish","type":"product","link":"https:\/\/greenum.jp\/en\/products\/lemongrass-2\/","title":{"rendered":"LEMONGRASS"},"content":{"rendered":"\t\t<div data-elementor-type=\"product-post\" data-elementor-id=\"15269\" class=\"elementor elementor-15269\" data-elementor-post-type=\"product\">\n\t\t\t\t<div class=\"elementor-element elementor-element-2b84a25 e-flex e-con-boxed e-con e-parent\" data-id=\"2b84a25\" data-element_type=\"container\">\n\t\t\t\t\t<div class=\"e-con-inner\">\n\t\t\t\t<div class=\"elementor-element elementor-element-52ef6f5 elementor-widget elementor-widget-heading\" data-id=\"52ef6f5\" data-element_type=\"widget\" data-widget_type=\"heading.default\">\n\t\t\t\t<div class=\"elementor-widget-container\">\n\t\t\t\t\t<h2 class=\"elementor-heading-title elementor-size-default\">Add Your Heading Text Here<\/h2>\t\t\t\t<\/div>\n\t\t\t\t<\/div>\n\t\t\t\t\t<\/div>\n\t\t\t\t<\/div>\n\t\t<div class=\"elementor-element elementor-element-514b076 e-flex e-con-boxed e-con e-parent\" data-id=\"514b076\" data-element_type=\"container\">\n\t\t\t\t\t<div class=\"e-con-inner\">\n\t\t\t\t<div class=\"elementor-element elementor-element-618e719 elementor-widget elementor-widget-text-editor\" data-id=\"618e719\" data-element_type=\"widget\" data-widget_type=\"text-editor.default\">\n\t\t\t\t<div class=\"elementor-widget-container\">\n\t\t\t\t\t\t\t\t\t<p>Maigi putojo\u0161as un \u0101du m\u012bkstino\u0161as dab\u012bg\u0101s ziepes. Bag\u0101tin\u0101tas ar mande\u013cu un kokosriekstu e\u013c\u013c\u0101m un aromatiz\u0113tas ar citronz\u0101les \u0113terisko e\u013c\u013cu. <br \/>Piem\u0113rotas roku, sejas un \u0137erme\u0146a kop\u0161anai ikdien\u0101.<br \/>Ra\u017eo\u0161an\u0101 izmantota aukst\u0101 procesa metode, kas garant\u0113 ziepju cietumu un ilg\u0101ku lieto\u0161anas laiku. Augu izcelsmes izejvielas. Piem\u0113rotas veg\u0101niem. 100% roku darbs.\t\t\t\t\t\t\t\t<\/div>\n\t\t\t\t<\/div>\n\t\t\t\t\t<\/div>\n\t\t\t\t<\/div>\n\t\t\t\t<\/div>\n\t\t","protected":false},"excerpt":{"rendered":"<p>Gently foaming and skin-softening natural soap, enriched with <em>almond\u00a0<\/em>and <em>coconut<\/em> oils and scented with lemongrass essential oil.<\/p>\n<p>&nbsp;<\/p>\n<p>Ideal for daily care of hands, face and body.<\/p>\n<p>&nbsp;<\/p>\n<p>Suitable for vegans. 100% handmade.<\/p>\n<p>&nbsp;<\/p>\n<p>HOW TO USE: Massage soap between hands or on body, lather, then rinse with water to clean skin.<\/p>\n<p>&nbsp;<\/p>\n<p>STORAGE: Store at room temperature, out of direct sunlight. Avoid contact with eyes. For external use only. Keep out of the reach of children.<\/p>\n<p>&nbsp;<\/p>\n<p>Weight: 100 g.<\/p>\n","protected":false},"featured_media":12333,"template":"","meta":{"inline_featured_image":false},"product_brand":[],"product_cat":[281],"product_tag":[],"class_list":{"0":"post-15269","1":"product","2":"type-product","3":"status-publish","4":"has-post-thumbnail","6":"product_cat-natural-soap","8":"first","9":"instock","10":"shipping-taxable","11":"product-type-simple"},"_links":{"self":[{"href":"https:\/\/greenum.jp\/en\/wp-json\/wp\/v2\/product\/15269","targetHints":{"allow":["GET"]}}],"collection":[{"href":"https:\/\/greenum.jp\/en\/wp-json\/wp\/v2\/product"}],"about":[{"href":"https:\/\/greenum.jp\/en\/wp-json\/wp\/v2\/types\/product"}],"version-history":[{"count":5,"href":"https:\/\/greenum.jp\/en\/wp-json\/wp\/v2\/product\/15269\/revisions"}],"predecessor-version":[{"id":17664,"href":"https:\/\/greenum.jp\/en\/wp-json\/wp\/v2\/product\/15269\/revisions\/17664"}],"wp:featuredmedia":[{"embeddable":true,"href":"https:\/\/greenum.jp\/en\/wp-json\/wp\/v2\/media\/12333"}],"wp:attachment":[{"href":"https:\/\/greenum.jp\/en\/wp-json\/wp\/v2\/media?parent=15269"}],"wp:term":[{"taxonomy":"product_brand","embeddable":true,"href":"https:\/\/greenum.jp\/en\/wp-json\/wp\/v2\/product_brand?post=15269"},{"taxonomy":"product_cat","embeddable":true,"href":"https:\/\/greenum.jp\/en\/wp-json\/wp\/v2\/product_cat?post=15269"},{"taxonomy":"product_tag","embeddable":true,"href":"https:\/\/greenum.jp\/en\/wp-json\/wp\/v2\/product_tag?post=15269"}],"curies":[{"name":"wp","href":"https:\/\/api.w.org\/{rel}","templated":true}]}}