{"id":15615,"date":"2024-04-16T10:11:46","date_gmt":"2024-04-16T10:11:46","guid":{"rendered":"https:\/\/greenum.eu\/?post_type=product&#038;p=15615"},"modified":"2024-06-12T13:00:56","modified_gmt":"2024-06-12T13:00:56","slug":"coconut-mist","status":"publish","type":"product","link":"https:\/\/greenum.jp\/en\/products\/coconut-mist\/","title":{"rendered":"COCONUT MIST"},"content":{"rendered":"<p>Aromatiz\u0113ts \u0137erme\u0146a sprejs ar mitrino\u0161u iedarb\u012bbu. Viegli un maigi aromatiz\u0113 \u0101du un \u013cauj arom\u0101tam notur\u0113ties vair\u0101kas stundas. Var atk\u0101rtoti uzsmidzin\u0101t uz \u0101das visas dienas garum\u0101 p\u0113c v\u0113l\u0113\u0161an\u0101s un vajadz\u012bbas.<\/p>\n<p>&nbsp;<\/p>\n","protected":false},"excerpt":{"rendered":"<p>Scented body mist with moisturising effect.<\/p>\n<p>&nbsp;<\/p>\n<p>Refreshes and lightly fragrances the skin, allowing the scent to linger for several hours.<\/p>\n<p>&nbsp;<\/p>\n<p><strong>FRAGRANCE NOTES:<\/strong> BUTTER, TOFFEE,\u00a0COCONUT, VANILLA, CLEAR FLORAL,\u00a0SANDALWOOD, WARM SAND, MUSK.<\/p>\n<p>&nbsp;<\/p>\n<p>HOW TO USE: Spray onto skin from a distance of 15-20 cm throughout the day.<\/p>\n<p>&nbsp;<\/p>\n<p>WARNING: Avoid getting into eyes. Keep out of reach of children.\u00a0In case of allergy, discontinue use.<\/p>\n<p>&nbsp;<\/p>\n<p>Volume: 150 ml.<\/p>\n<p>&nbsp;<\/p>\n","protected":false},"featured_media":15004,"template":"","meta":{"inline_featured_image":false},"product_brand":[],"product_cat":[200],"product_tag":[],"class_list":{"0":"post-15615","1":"product","2":"type-product","3":"status-publish","4":"has-post-thumbnail","6":"product_cat-floral-water","8":"first","9":"instock","10":"shipping-taxable","11":"product-type-simple"},"_links":{"self":[{"href":"https:\/\/greenum.jp\/en\/wp-json\/wp\/v2\/product\/15615","targetHints":{"allow":["GET"]}}],"collection":[{"href":"https:\/\/greenum.jp\/en\/wp-json\/wp\/v2\/product"}],"about":[{"href":"https:\/\/greenum.jp\/en\/wp-json\/wp\/v2\/types\/product"}],"version-history":[{"count":2,"href":"https:\/\/greenum.jp\/en\/wp-json\/wp\/v2\/product\/15615\/revisions"}],"predecessor-version":[{"id":17952,"href":"https:\/\/greenum.jp\/en\/wp-json\/wp\/v2\/product\/15615\/revisions\/17952"}],"wp:featuredmedia":[{"embeddable":true,"href":"https:\/\/greenum.jp\/en\/wp-json\/wp\/v2\/media\/15004"}],"wp:attachment":[{"href":"https:\/\/greenum.jp\/en\/wp-json\/wp\/v2\/media?parent=15615"}],"wp:term":[{"taxonomy":"product_brand","embeddable":true,"href":"https:\/\/greenum.jp\/en\/wp-json\/wp\/v2\/product_brand?post=15615"},{"taxonomy":"product_cat","embeddable":true,"href":"https:\/\/greenum.jp\/en\/wp-json\/wp\/v2\/product_cat?post=15615"},{"taxonomy":"product_tag","embeddable":true,"href":"https:\/\/greenum.jp\/en\/wp-json\/wp\/v2\/product_tag?post=15615"}],"curies":[{"name":"wp","href":"https:\/\/api.w.org\/{rel}","templated":true}]}}