{"id":10131,"date":"2024-02-17T16:37:34","date_gmt":"2024-02-17T14:37:34","guid":{"rendered":"https:\/\/greenum.eu\/par-mums-2\/"},"modified":"2024-05-15T09:34:51","modified_gmt":"2024-05-15T09:34:51","slug":"par-mums-2","status":"publish","type":"page","link":"https:\/\/greenum.jp\/lv\/par-mums-2\/","title":{"rendered":"Par mums"},"content":{"rendered":"\t\t<div data-elementor-type=\"wp-page\" data-elementor-id=\"10131\" class=\"elementor elementor-10131 elementor-8630\" data-elementor-post-type=\"page\">\n\t\t\t\t<div class=\"elementor-element elementor-element-0f3ac52 e-flex e-con-boxed e-con e-parent\" data-id=\"0f3ac52\" data-element_type=\"container\">\n\t\t\t\t\t<div class=\"e-con-inner\">\n\t\t\t\t<div class=\"elementor-element elementor-element-5931e5d elementor-widget elementor-widget-heading\" data-id=\"5931e5d\" data-element_type=\"widget\" data-widget_type=\"heading.default\">\n\t\t\t\t<div class=\"elementor-widget-container\">\n\t\t\t\t\t<h2 class=\"elementor-heading-title elementor-size-default\">M\u0113s esam dabas da\u013ca!<\/h2>\t\t\t\t<\/div>\n\t\t\t\t<\/div>\n\t\t\t\t<div class=\"elementor-element elementor-element-66aab63 elementor-widget elementor-widget-text-editor\" data-id=\"66aab63\" data-element_type=\"widget\" data-widget_type=\"text-editor.default\">\n\t\t\t\t<div class=\"elementor-widget-container\">\n\t\t\t\t\t\t\t\t\t<div class=\"mkdf-content\">\n<div class=\"mkdf-content-inner\">\n<div class=\"mkdf-container mkdf-default-page-template\">\n<div class=\"mkdf-container-inner clearfix\">\n<div class=\"mkdf-grid-row \">\n<div class=\"mkdf-page-content-holder mkdf-grid-col-12\">\n<div class=\"elementor elementor-8630\" data-elementor-type=\"wp-page\" data-elementor-id=\"8630\" data-elementor-post-type=\"page\">\n<div class=\"elementor-element elementor-element-0f3ac52 e-flex e-con-boxed e-con e-parent\" data-particle_enable=\"false\" data-particle-mobile-disabled=\"false\" data-id=\"0f3ac52\" data-element_type=\"container\" data-core-v316-plus=\"true\">\n<div class=\"e-con-inner\">\n<div class=\"elementor-element elementor-element-66aab63 elementor-widget elementor-widget-text-editor\" data-id=\"66aab63\" data-element_type=\"widget\" data-widget_type=\"text-editor.default\">\n<div class=\"elementor-widget-container\">\n<p>M\u0113s esam pieredz\u0113jis vairumtirgot\u0101js un kosm\u0113tikas ra\u017eot\u0101js, kas, koncentr\u0113joties uz darb\u012bbas deta\u013c\u0101m, ir izaudzis, lai pied\u0101v\u0101tu ide\u0101lus pakalpojumus un produktus. M\u0113s jau gadiem sniedzam pakalpojumus, apvienojot zin\u0101tni ar dabu, lai rad\u012btu unik\u0101lus kosm\u0113tikas produktus un esam k\u013cuvu\u0161i par vienu no liel\u0101kajiem un paz\u012bstam\u0101kajiem ziepju un kosm\u0113tikas l\u012bdzek\u013cu ra\u017eot\u0101jiem Baltijas valst\u012bs.<\/p><p><br><\/p>\n<p><strong>M\u0112S PIED\u0100V\u0100JAM:<\/strong><\/p>\n<p>\u2013 Kosm\u0113tisko l\u012bdzek\u013cu ra\u017eo\u0161anu;<\/p>\n<p>\u2013 Recept\u016bru izstr\u0101di;<\/p>\n<p>\u2013 Ra\u017eo\u0161anu priv\u0101tajam z\u012bmolam;<\/p>\n<p>\u2013 Produktu pild\u012b\u0161anu un fas\u0113\u0161anu.<\/p><p><br><\/p>\n<p>M\u016bsu pieredzi veido vair\u0101k nek\u0101 3000 izstr\u0101d\u0101tas kosm\u0113tikas l\u012bdzek\u013cu receptes, divu ra\u017eot\u0146u kapacit\u0101te, sadarb\u012bba ar klientiem Eirop\u0101, \u0100zij\u0101 un Sauda Ar\u0101bij\u0101, k\u0101 ar\u012b patiesa interese par aktu\u0101lo, jauno un visu dab\u012bgo. Un tas \u013caus jums b\u016bt konkur\u0113tsp\u0113j\u012bg\u0101kam un sp\u0113c\u012bg\u0101kam j\u016bsu biznes\u0101.<\/p><p><br><\/p>\n<p><strong>PRIV\u0100TA Z\u012aMOLA PRODUKCIJA<\/strong><\/p>\n<p>Sniedziet mums ideju, izv\u0113lieties savu formulu, iepako\u0161anas v\u0113lmi un m\u0113s izveidosim jums \u012bpa\u0161u produktu.<\/p><p><br><\/p>\n<p><strong>VIENM\u0112R KAS JAUNS<\/strong><\/p>\n<p>M\u0113s esam ra\u017eoju\u0161i sava z\u012bmola kosm\u0113tiku gandr\u012bz desmit gadus. Un m\u016bsu divas modern\u0101s ra\u017eo\u0161anas vietas katru dienu rada t\u016bksto\u0161iem kosm\u0113tikas produktu un inov\u0101ciju.<\/p>\n<p>Sekojot jaun\u0101kajiem aktu\u0101lajiem p\u0113t\u012bjumiem, atbilsto\u0161i tirgus piepras\u012bjumam, p\u0113c r\u016bp\u012bgas p\u0101rbaudes, m\u0113s past\u0101v\u012bgi pied\u0101v\u0101jam jaun\u0101kos un vismodern\u0101kos produktus tirg\u016b.<\/p>\n<p>Apvienojot gadu pieredzi un labu ra\u017eo\u0161anas praksi, m\u0113s rad\u0101m augstas kvalit\u0101tes kosm\u0113tikas produktus. Liel\u0101k\u0101 da\u013ca m\u016bsu produktu ir r\u016bp\u012bgi roku darbs, kas tiem pie\u0161\u0137ir \u012bpa\u0161u kvalit\u0101tes z\u012bmi. M\u0113s regul\u0101ri veicam m\u016bsu produktu kvalit\u0101tes p\u0101rbaudes, p\u0101rbaudot tos, lai nodro\u0161in\u0101tu, ka m\u016bsu klienti sa\u0146em izcilus produktus, kas ir dro\u0161i un efekt\u012bvi.<\/p>\n<p>Pateicoties m\u016bsu ilgsto\u0161ajai sadarb\u012bbai ar uzticamiem iepakojuma ra\u017eot\u0101jiem, m\u0113s saviem klientiem iesak\u0101m vispiem\u0113rot\u0101k\u0101s iepakojuma iesp\u0113jas, lai maksim\u0101li realiz\u0113tu vi\u0146u v\u0113lmes un vajadz\u012bbas.<\/p>\n<\/div>\n<\/div>\n<\/div>\n<\/div>\n<\/div>\n<\/div>\n<\/div>\n<\/div>\n<\/div>\n<\/div>\n<\/div>\t\t\t\t\t\t\t\t<\/div>\n\t\t\t\t<\/div>\n\t\t\t\t\t<\/div>\n\t\t\t\t<\/div>\n\t\t\t\t<\/div>\n\t\t","protected":false},"excerpt":{"rendered":"<p>M\u0113s esam dabas da\u013ca! M\u0113s esam pieredz\u0113jis vairumtirgot\u0101js un kosm\u0113tikas ra\u017eot\u0101js, kas, koncentr\u0113joties uz darb\u012bbas deta\u013c\u0101m, ir izaudzis, lai pied\u0101v\u0101tu ide\u0101lus pakalpojumus un produktus. M\u0113s jau gadiem sniedzam pakalpojumus, apvienojot zin\u0101tni ar dabu, lai rad\u012btu unik\u0101lus kosm\u0113tikas produktus un esam [&hellip;]<\/p>\n","protected":false},"author":2,"featured_media":0,"parent":0,"menu_order":0,"comment_status":"closed","ping_status":"closed","template":"","meta":{"inline_featured_image":false,"footnotes":""},"class_list":["post-10131","page","type-page","status-publish","hentry"],"_links":{"self":[{"href":"https:\/\/greenum.jp\/lv\/wp-json\/wp\/v2\/pages\/10131","targetHints":{"allow":["GET"]}}],"collection":[{"href":"https:\/\/greenum.jp\/lv\/wp-json\/wp\/v2\/pages"}],"about":[{"href":"https:\/\/greenum.jp\/lv\/wp-json\/wp\/v2\/types\/page"}],"author":[{"embeddable":true,"href":"https:\/\/greenum.jp\/lv\/wp-json\/wp\/v2\/users\/2"}],"replies":[{"embeddable":true,"href":"https:\/\/greenum.jp\/lv\/wp-json\/wp\/v2\/comments?post=10131"}],"version-history":[{"count":9,"href":"https:\/\/greenum.jp\/lv\/wp-json\/wp\/v2\/pages\/10131\/revisions"}],"predecessor-version":[{"id":17295,"href":"https:\/\/greenum.jp\/lv\/wp-json\/wp\/v2\/pages\/10131\/revisions\/17295"}],"wp:attachment":[{"href":"https:\/\/greenum.jp\/lv\/wp-json\/wp\/v2\/media?parent=10131"}],"curies":[{"name":"wp","href":"https:\/\/api.w.org\/{rel}","templated":true}]}}