{"id":10147,"date":"2019-08-12T11:10:55","date_gmt":"2019-08-12T09:10:55","guid":{"rendered":"https:\/\/greenum.eu\/buj\/"},"modified":"2024-06-04T08:18:43","modified_gmt":"2024-06-04T08:18:43","slug":"buj","status":"publish","type":"page","link":"https:\/\/greenum.jp\/lv\/buj\/","title":{"rendered":"BUJ"},"content":{"rendered":"\t\t<div data-elementor-type=\"wp-page\" data-elementor-id=\"10147\" class=\"elementor elementor-10147 elementor-806\" data-elementor-post-type=\"page\">\n\t\t\t\t<div class=\"elementor-element elementor-element-5fa06c2 e-flex e-con-boxed e-con e-parent\" data-id=\"5fa06c2\" data-element_type=\"container\">\n\t\t\t\t\t<div class=\"e-con-inner\">\n\t\t\t\t<div class=\"elementor-element elementor-element-adf06f0 elementor-widget elementor-widget-n-accordion\" data-id=\"adf06f0\" data-element_type=\"widget\" data-settings=\"{&quot;default_state&quot;:&quot;expanded&quot;,&quot;max_items_expended&quot;:&quot;one&quot;,&quot;n_accordion_animation_duration&quot;:{&quot;unit&quot;:&quot;ms&quot;,&quot;size&quot;:400,&quot;sizes&quot;:[]}}\" data-widget_type=\"nested-accordion.default\">\n\t\t\t\t<div class=\"elementor-widget-container\">\n\t\t\t\t\t\t\t<div class=\"e-n-accordion\" aria-label=\"Accordion. Open links with Enter or Space, close with Escape, and navigate with Arrow Keys\">\n\t\t\t\t\t\t<details id=\"e-n-accordion-item-1820\" class=\"e-n-accordion-item\" open>\n\t\t\t\t<summary class=\"e-n-accordion-item-title\" data-accordion-index=\"1\" tabindex=\"0\" aria-expanded=\"true\" aria-controls=\"e-n-accordion-item-1820\" >\n\t\t\t\t\t<span class='e-n-accordion-item-title-header'><div class=\"e-n-accordion-item-title-text\">  Kas j\u0101dara, lai izveidotu pas\u016bt\u012bjumu priv\u0101to pre\u010du z\u012bmju pre\u010du ra\u017eo\u0161anai? <\/div><\/span>\n\t\t\t\t\t\t\t<span class='e-n-accordion-item-title-icon'>\n\t\t\t<span class='e-opened' ><i aria-hidden=\"true\" class=\"fas fa-minus\"><\/i><\/span>\n\t\t\t<span class='e-closed'><i aria-hidden=\"true\" class=\"fas fa-plus\"><\/i><\/span>\n\t\t<\/span>\n\n\t\t\t\t\t\t<\/summary>\n\t\t\t\t<div role=\"region\" aria-labelledby=\"e-n-accordion-item-1820\" class=\"elementor-element elementor-element-f56f8ac e-con-full e-flex e-con e-child\" data-id=\"f56f8ac\" data-element_type=\"container\">\n\t\t\t\t<div class=\"elementor-element elementor-element-d1beb9b elementor-widget elementor-widget-text-editor\" data-id=\"d1beb9b\" data-element_type=\"widget\" data-widget_type=\"text-editor.default\">\n\t\t\t\t<div class=\"elementor-widget-container\">\n\t\t\t\t\t\t\t\t\t<p>Vispirms j\u0101pieraksta sava v\u0113lme un j\u0101nos\u016bta uz m\u0101jaslap\u0101 nor\u0101d\u012bto e-pastu, m\u016bsu tirdzniec\u012bbas p\u0101rst\u0101vis pal\u012bdz\u0113s un ieteiks piem\u0113rot\u0101ko risin\u0101jumu jebkuriem projektiem.<\/p>\n\t\t\t\t\t\t\t\t<\/div>\n\t\t\t\t<\/div>\n\t\t\t\t<\/div>\n\t\t\t\t\t<\/details>\n\t\t\t\t\t\t<details id=\"e-n-accordion-item-1821\" class=\"e-n-accordion-item\" >\n\t\t\t\t<summary class=\"e-n-accordion-item-title\" data-accordion-index=\"2\" tabindex=\"-1\" aria-expanded=\"false\" aria-controls=\"e-n-accordion-item-1821\" >\n\t\t\t\t\t<span class='e-n-accordion-item-title-header'><div class=\"e-n-accordion-item-title-text\"> Vai ra\u017eot\u0101 prece ir re\u0123istr\u0113ta Eiropas Savien\u012bb\u0101? <\/div><\/span>\n\t\t\t\t\t\t\t<span class='e-n-accordion-item-title-icon'>\n\t\t\t<span class='e-opened' ><i aria-hidden=\"true\" class=\"fas fa-minus\"><\/i><\/span>\n\t\t\t<span class='e-closed'><i aria-hidden=\"true\" class=\"fas fa-plus\"><\/i><\/span>\n\t\t<\/span>\n\n\t\t\t\t\t\t<\/summary>\n\t\t\t\t<div role=\"region\" aria-labelledby=\"e-n-accordion-item-1821\" class=\"elementor-element elementor-element-3a5b12c e-con-full e-flex e-con e-child\" data-id=\"3a5b12c\" data-element_type=\"container\">\n\t\t\t\t<div class=\"elementor-element elementor-element-d26c123 elementor-widget elementor-widget-text-editor\" data-id=\"d26c123\" data-element_type=\"widget\" data-widget_type=\"text-editor.default\">\n\t\t\t\t<div class=\"elementor-widget-container\">\n\t\t\t\t\t\t\t\t\t<p>Visi Greenum z\u012bmola produkti tiek ra\u017eoti atbilsto\u0161i ES standartiem GMP (Good Manufacturing Practice), kas pie\u0146emti kop\u0161 2013. gada. Visi Greenum z\u012bmola produkti ir re\u0123istr\u0113ti CPNC (Cosmetic Product Notification Portal) port\u0101l\u0101.<\/p>\n\t\t\t\t\t\t\t\t<\/div>\n\t\t\t\t<\/div>\n\t\t\t\t<\/div>\n\t\t\t\t\t<\/details>\n\t\t\t\t\t\t<details id=\"e-n-accordion-item-1822\" class=\"e-n-accordion-item\" >\n\t\t\t\t<summary class=\"e-n-accordion-item-title\" data-accordion-index=\"3\" tabindex=\"-1\" aria-expanded=\"false\" aria-controls=\"e-n-accordion-item-1822\" >\n\t\t\t\t\t<span class='e-n-accordion-item-title-header'><div class=\"e-n-accordion-item-title-text\"> Kas ra\u017eo Greenum z\u012bmola produktus un kur tas notiek? <\/div><\/span>\n\t\t\t\t\t\t\t<span class='e-n-accordion-item-title-icon'>\n\t\t\t<span class='e-opened' ><i aria-hidden=\"true\" class=\"fas fa-minus\"><\/i><\/span>\n\t\t\t<span class='e-closed'><i aria-hidden=\"true\" class=\"fas fa-plus\"><\/i><\/span>\n\t\t<\/span>\n\n\t\t\t\t\t\t<\/summary>\n\t\t\t\t<div role=\"region\" aria-labelledby=\"e-n-accordion-item-1822\" class=\"elementor-element elementor-element-918174b e-con-full e-flex e-con e-child\" data-id=\"918174b\" data-element_type=\"container\">\n\t\t\t\t<div class=\"elementor-element elementor-element-0b67c79 elementor-widget elementor-widget-text-editor\" data-id=\"0b67c79\" data-element_type=\"widget\" data-widget_type=\"text-editor.default\">\n\t\t\t\t<div class=\"elementor-widget-container\">\n\t\t\t\t\t\t\t\t\t<p id=\"tw-target-text\" class=\"tw-data-text tw-text-large tw-ta\" dir=\"ltr\" data-placeholder=\"Translation\" data-ved=\"2ahUKEwiakN6oo-6EAxXqDhAIHfIPBYQQ3ewLegQIDRAU\"><span class=\"Y2IQFc\" lang=\"lv\">Visa z\u012bmola produkcija tiek ra\u017eota uz\u0146\u0113mum\u0101 Cosmetic Lab, kas atrodas R\u012bg\u0101 (Latvija), ta\u010du uz\u0146\u0113mums ra\u017eo ne tikai Greenum z\u012bmola produktus, t\u0101 sortiment\u0101 tiek pied\u0101v\u0101ta ar\u012b priv\u0101t\u0101 z\u012bmola produkcija.<\/span><\/p>\n<div id=\"gtx-trans\" style=\"position: absolute; left: 48px; top: -7px;\">\n<div class=\"gtx-trans-icon\"><\/div>\n<\/div>\n\t\t\t\t\t\t\t\t<\/div>\n\t\t\t\t<\/div>\n\t\t\t\t<\/div>\n\t\t\t\t\t<\/details>\n\t\t\t\t\t\t<details id=\"e-n-accordion-item-1823\" class=\"e-n-accordion-item\" >\n\t\t\t\t<summary class=\"e-n-accordion-item-title\" data-accordion-index=\"4\" tabindex=\"-1\" aria-expanded=\"false\" aria-controls=\"e-n-accordion-item-1823\" >\n\t\t\t\t\t<span class='e-n-accordion-item-title-header'><div class=\"e-n-accordion-item-title-text\"> Vai ir iesp\u0113jams nos\u016bt\u012bt preces \u0101rpus Eiropas Savien\u012bbas? <\/div><\/span>\n\t\t\t\t\t\t\t<span class='e-n-accordion-item-title-icon'>\n\t\t\t<span class='e-opened' ><i aria-hidden=\"true\" class=\"fas fa-minus\"><\/i><\/span>\n\t\t\t<span class='e-closed'><i aria-hidden=\"true\" class=\"fas fa-plus\"><\/i><\/span>\n\t\t<\/span>\n\n\t\t\t\t\t\t<\/summary>\n\t\t\t\t<div role=\"region\" aria-labelledby=\"e-n-accordion-item-1823\" class=\"elementor-element elementor-element-526bcb5 e-con-full e-flex e-con e-child\" data-id=\"526bcb5\" data-element_type=\"container\">\n\t\t\t\t<div class=\"elementor-element elementor-element-2ff4420 elementor-widget elementor-widget-text-editor\" data-id=\"2ff4420\" data-element_type=\"widget\" data-widget_type=\"text-editor.default\">\n\t\t\t\t<div class=\"elementor-widget-container\">\n\t\t\t\t\t\t\t\t\t<p id=\"tw-target-text\" class=\"tw-data-text tw-text-large tw-ta\" dir=\"ltr\" data-placeholder=\"Translation\" data-ved=\"2ahUKEwiakN6oo-6EAxXqDhAIHfIPBYQQ3ewLegQIDRAU\"><span class=\"Y2IQFc\" lang=\"lv\">Protams, ir iesp\u0113ja eksport\u0113t preces uz jebkuru valsti \u0101rpus ES, ta\u010du pirms tam vajadz\u0113tu noskaidrot visu, kas saist\u012bts ar sertifik\u0101tiem un muitas formalit\u0101t\u0113m konkr\u0113taj\u0101 valst\u012b.<\/span><\/p>\n\t\t\t\t\t\t\t\t<\/div>\n\t\t\t\t<\/div>\n\t\t\t\t<\/div>\n\t\t\t\t\t<\/details>\n\t\t\t\t\t\t<details id=\"e-n-accordion-item-1824\" class=\"e-n-accordion-item\" >\n\t\t\t\t<summary class=\"e-n-accordion-item-title\" data-accordion-index=\"5\" tabindex=\"-1\" aria-expanded=\"false\" aria-controls=\"e-n-accordion-item-1824\" >\n\t\t\t\t\t<span class='e-n-accordion-item-title-header'><div class=\"e-n-accordion-item-title-text\"> K\u0101ds ir minim\u0101lais pre\u010du daudzums, lai ra\u017eotu priv\u0101t\u0101 z\u012bmola produktus? <\/div><\/span>\n\t\t\t\t\t\t\t<span class='e-n-accordion-item-title-icon'>\n\t\t\t<span class='e-opened' ><i aria-hidden=\"true\" class=\"fas fa-minus\"><\/i><\/span>\n\t\t\t<span class='e-closed'><i aria-hidden=\"true\" class=\"fas fa-plus\"><\/i><\/span>\n\t\t<\/span>\n\n\t\t\t\t\t\t<\/summary>\n\t\t\t\t<div role=\"region\" aria-labelledby=\"e-n-accordion-item-1824\" class=\"elementor-element elementor-element-f2b9baa e-con-full e-flex e-con e-child\" data-id=\"f2b9baa\" data-element_type=\"container\">\n\t\t\t\t<div class=\"elementor-element elementor-element-a5aa8e5 elementor-widget elementor-widget-text-editor\" data-id=\"a5aa8e5\" data-element_type=\"widget\" data-widget_type=\"text-editor.default\">\n\t\t\t\t<div class=\"elementor-widget-container\">\n\t\t\t\t\t\t\t\t\t<p id=\"tw-target-text\" class=\"tw-data-text tw-text-large tw-ta\" dir=\"ltr\" data-placeholder=\"Translation\" data-ved=\"2ahUKEwiakN6oo-6EAxXqDhAIHfIPBYQQ3ewLegQIDRAU\"><span class=\"Y2IQFc\" lang=\"lv\">Viss ir atkar\u012bgs no sortimenta un tie\u0161i k\u0101das preces J\u016bs interes\u0113 ieg\u0101d\u0101ties, iesp\u0113jams pas\u016bt\u012bt preces ar\u012b nelielos daudzumos, bet pirms tam b\u016btu nepiecie\u0161ams p\u0101rrun\u0101t idejas un v\u0113lmes, lai m\u016bsu komanda var\u0113tu atrast sev piem\u0113rot\u0101ko variantu.<\/span><\/p>\n\t\t\t\t\t\t\t\t<\/div>\n\t\t\t\t<\/div>\n\t\t\t\t<\/div>\n\t\t\t\t\t<\/details>\n\t\t\t\t\t<\/div>\n\t\t\t\t\t\t<\/div>\n\t\t\t\t<\/div>\n\t\t\t\t\t<\/div>\n\t\t\t\t<\/div>\n\t\t<div class=\"elementor-element elementor-element-fd35292 e-flex e-con-boxed e-con e-parent\" data-id=\"fd35292\" data-element_type=\"container\">\n\t\t\t\t\t<div class=\"e-con-inner\">\n\t\t\t\t\t<\/div>\n\t\t\t\t<\/div>\n\t\t\t\t<\/div>\n\t\t","protected":false},"excerpt":{"rendered":"<p>Kas j\u0101dara, lai izveidotu pas\u016bt\u012bjumu priv\u0101to pre\u010du z\u012bmju pre\u010du ra\u017eo\u0161anai? Vispirms j\u0101pieraksta sava v\u0113lme un j\u0101nos\u016bta uz m\u0101jaslap\u0101 nor\u0101d\u012bto e-pastu, m\u016bsu tirdzniec\u012bbas p\u0101rst\u0101vis pal\u012bdz\u0113s un ieteiks piem\u0113rot\u0101ko risin\u0101jumu jebkuriem projektiem. Vai ra\u017eot\u0101 prece ir re\u0123istr\u0113ta Eiropas Savien\u012bb\u0101? Visi Greenum z\u012bmola [&hellip;]<\/p>\n","protected":false},"author":2,"featured_media":10586,"parent":0,"menu_order":0,"comment_status":"closed","ping_status":"closed","template":"","meta":{"inline_featured_image":false,"footnotes":""},"class_list":["post-10147","page","type-page","status-publish","has-post-thumbnail","hentry"],"_links":{"self":[{"href":"https:\/\/greenum.jp\/lv\/wp-json\/wp\/v2\/pages\/10147","targetHints":{"allow":["GET"]}}],"collection":[{"href":"https:\/\/greenum.jp\/lv\/wp-json\/wp\/v2\/pages"}],"about":[{"href":"https:\/\/greenum.jp\/lv\/wp-json\/wp\/v2\/types\/page"}],"author":[{"embeddable":true,"href":"https:\/\/greenum.jp\/lv\/wp-json\/wp\/v2\/users\/2"}],"replies":[{"embeddable":true,"href":"https:\/\/greenum.jp\/lv\/wp-json\/wp\/v2\/comments?post=10147"}],"version-history":[{"count":3,"href":"https:\/\/greenum.jp\/lv\/wp-json\/wp\/v2\/pages\/10147\/revisions"}],"predecessor-version":[{"id":17796,"href":"https:\/\/greenum.jp\/lv\/wp-json\/wp\/v2\/pages\/10147\/revisions\/17796"}],"wp:featuredmedia":[{"embeddable":true,"href":"https:\/\/greenum.jp\/lv\/wp-json\/wp\/v2\/media\/10586"}],"wp:attachment":[{"href":"https:\/\/greenum.jp\/lv\/wp-json\/wp\/v2\/media?parent=10147"}],"curies":[{"name":"wp","href":"https:\/\/api.w.org\/{rel}","templated":true}]}}