{"id":8614,"date":"2019-07-17T14:28:43","date_gmt":"2019-07-17T12:28:43","guid":{"rendered":"http:\/\/greenum.eu\/?page_id=8614"},"modified":"2024-03-14T12:35:15","modified_gmt":"2024-03-14T12:35:15","slug":"greenum-privatuma-politikapedejo-reizi-parskatita-26-01-2024","status":"publish","type":"page","link":"https:\/\/greenum.jp\/lv\/greenum-privatuma-politikapedejo-reizi-parskatita-26-01-2024\/","title":{"rendered":"PRIV\u0100TUMA POLITIKA"},"content":{"rendered":"\n<p>P\u0113d\u0113jo reizi p\u0101rskat\u012bta: 26.01.2024.<\/p>\n\n\n\n<p><strong>1. IEVADS UN DEFIN\u012aCIJAS<\/strong><\/p>\n\n\n\n<p>1.1. <em>Greenum<\/em>&nbsp;apstr\u0101d\u0101 personas datus tikai saska\u0146\u0101 ar piem\u0113rojamiem ties\u012bbu aktiem, nodro\u0161inot personas datu dro\u0161\u012bbu un aizsardz\u012bbu. Aicin\u0101m, r\u016bp\u012bgi iepaz\u012bties ar \u0161o Priv\u0101tuma politiku, lai lab\u0101k izprastu&nbsp;<em>Greenum<\/em>&nbsp;noteikto personas datu apstr\u0101des k\u0101rt\u012bbu.<\/p>\n\n\n\n<p>1.2. Priv\u0101tuma politik\u0101 tiek izmantotas \u0161\u0101das defin\u012bcijas:<\/p>\n\n\n\n<p>(a)&nbsp;<strong>Datu subjekts<\/strong>&nbsp;\u2013 fiziska persona, kuras personas dati tiek apstr\u0101d\u0101ti; tas var b\u016bt Klients vai jebkur\u0161 cits datu subjekts.<\/p>\n\n\n\n<p>(b)&nbsp;<em>Greenum<\/em>&nbsp;\u2013 SIA \u201c<em>Cosmetic Lab\u201d<\/em>, Re\u0123.Nr.&nbsp;LV40103863637,&nbsp;Maskavas 322a, R\u012bg\u0101, Latvij\u0101.<\/p>\n\n\n\n<p>(c)&nbsp;<strong>VDAR<\/strong>&nbsp;\u2013 Visp\u0101r\u012bg\u0101 datu aizsardz\u012bbas regula, t.i., ES Regula&nbsp;2016\/679 par personas datu apstr\u0101di.<\/p>\n\n\n\n<p>(d)&nbsp;<strong>Personas dati<\/strong>&nbsp;\u2013 jebk\u0101da inform\u0101cija, kas saist\u012bta ar identific\u0113tu vai identific\u0113jamu Datu subjektu. Identific\u0113jams Datu subjekts ir persona, kuru ir iesp\u0113jams tie\u0161i vai netie\u0161i identific\u0113t, tostarp, p\u0113c t\u0101da identifik\u0101cijas elementa k\u0101 v\u0101rds\/uzv\u0101rds vai nosaukums, identifik\u0101cijas numurs, atra\u0161an\u0101s vieta, tie\u0161saistes identifikators vai viens vai vair\u0101ki faktori, kas ir rakstur\u012bgi t\u0101s fiziskajai, psiholo\u0123iskajai, gar\u012bgajai, ekonomiskajai, kultur\u0101lajai vai soci\u0101lajai identit\u0101tei.<\/p>\n\n\n\n<p>(e)&nbsp;<strong>Personas datu apstr\u0101de<\/strong>&nbsp;\u2013 jebkura darb\u012bba vai darb\u012bbu kopums, kas tiek veikts ar personas datiem vai personas datu kop\u0101m, automatiz\u0113ti vai bez automatiz\u0113tiem l\u012bdzek\u013ciem, piem\u0113ram, v\u0101k\u0161ana, ierakst\u012b\u0161ana, organiz\u0113\u0161ana, struktur\u0113\u0161ana, glab\u0101\u0161ana, piel\u0101go\u0161ana vai p\u0101rveido\u0161ana, izg\u016b\u0161ana, konsult\u0113\u0161ana, izmanto\u0161ana, izpau\u0161ana ar p\u0101rs\u016bt\u012b\u0161anas pal\u012bdz\u012bbu, izplat\u012b\u0161ana vai cit\u0101da pieejam\u012bbas nodro\u0161in\u0101\u0161ana, piel\u012bdzin\u0101\u0161ana vai kombin\u0113\u0161ana, ierobe\u017eo\u0161ana, dz\u0113\u0161ana vai izn\u012bcin\u0101\u0161ana;<\/p>\n\n\n\n<p>(f)&nbsp;<strong>Klients<\/strong>&nbsp;\u2013&nbsp;<em>Greenum<\/em>&nbsp;klients, kas ir fiziska vai juridiska persona un kam<em>Greenum<\/em>&nbsp;p\u0101rdod produktus un\/vai sniedz pakalpojumus.<\/p>\n\n\n\n<p>(g)&nbsp;<strong>Priv\u0101tuma politika<\/strong>&nbsp;\u2013 \u0161\u012b Priv\u0101tuma politika.<\/p>\n\n\n\n<p>(h)&nbsp;<strong>Datu p\u0101rzinis<\/strong>&nbsp;\u2013 fiziska vai juridiska persona, valsts iest\u0101de, a\u0123ent\u016bra vai cita strukt\u016bra, kas vienpus\u0113ji vai kop\u0101 ar citiem nosaka personas datu apstr\u0101des m\u0113r\u0137us un l\u012bdzek\u013cus.<\/p>\n\n\n\n<p>(i)&nbsp;<strong>T\u012bmek\u013ca vietne<\/strong>&nbsp;\u2013 \u0161\u012b t\u012bmek\u013ca vietne, kuru p\u0101rvalda&nbsp;<em>Greenum<\/em>.<\/p>\n\n\n\n<p>(j)&nbsp;<strong>Apstr\u0101d\u0101t\u0101js<\/strong>&nbsp;\u2013 fiziska vai juridiska persona, publiska iest\u0101de, a\u0123ent\u016bra vai cita strukt\u016bra, kas apstr\u0101d\u0101 personas datus p\u0101rzi\u0146a v\u0101rd\u0101;<\/p>\n\n\n\n<p><strong>2. PRIV\u0100TUMA POLITIKAS PIEM\u0112RO\u0160ANA<\/strong><\/p>\n\n\n\n<p>2.1. \u0160\u012b Priv\u0101tuma politika ir piem\u0113rojama visos gad\u012bjumos, kad&nbsp;<em>Greenum<\/em><em>&nbsp;<\/em>k\u0101 datu p\u0101rzinis apstr\u0101d\u0101 Datu subjektu personas datus, sniedzot pakalpojumus un produktus savas uz\u0146\u0113m\u0113jdarb\u012bbas un profesion\u0101l\u0101s darb\u012bbas ietvaros.<\/p>\n\n\n\n<p>2.2. \u0160\u012b Priv\u0101tuma politika nav piem\u0113rojama, un<em>Greenum<\/em>&nbsp;nav datu p\u0101rzinis attiec\u012bb\u0101 uz nevienu nomaksas pakalpojumu vai aizdevumu, ko Klientam pied\u0101v\u0101 un pie\u0161\u0137ir finan\u0161u iest\u0101de. T\u0101d\u0101 gad\u012bjum\u0101 datu p\u0101rzinis ir attiec\u012bg\u0101 finan\u0161u iest\u0101de.<\/p>\n\n\n\n<p>2.3. Visp\u0101r\u012bgi \u0161\u012b Priv\u0101tuma politika nav piem\u0113rojama ar\u012b gad\u012bjumos un&nbsp;<em>Greenum<\/em><em>&nbsp;<\/em>nav datu p\u0101rzinis, ja&nbsp;<em>Greenum<\/em><em>&nbsp;<\/em>apstr\u0101d\u0101 fizisko personu personas datus saist\u012bb\u0101 ar klientu, kur\u0161 ir juridiska persona (piem\u0113ram, valdes locek\u013ca vai cita p\u0101rst\u0101vja personas datus). T\u0101d\u0101 gad\u012bjum\u0101 parasti datu p\u0101rzinis ir pats klients&nbsp;\u2013 juridisk\u0101 persona&nbsp;\u2013, bet&nbsp;<em>Greenum<\/em><em>&nbsp;<\/em>ir attiec\u012bg\u0101 klienta datu apstr\u0101d\u0101t\u0101js. Tom\u0113r&nbsp;<em>Greenum<\/em>&nbsp;var apstr\u0101d\u0101t \u0161\u0101du fizisku personu k\u0101 Datu subjektu personas datus t\u0101diem m\u0113r\u0137iem un saska\u0146\u0101 ar t\u0101d\u0101m proced\u016br\u0101m, kas izkl\u0101st\u012btas turpm\u0101k tekst\u0101,&nbsp;4.1(c).-4.1(f).&nbsp;sada\u013c\u0101.<\/p>\n\n\n\n<p>2.4. Priv\u0101tuma politika st\u0101jas sp\u0113k\u0101 t\u0101s p\u0113d\u0113j\u0101s p\u0101rskat\u012b\u0161anas datum\u0101, kas nor\u0101d\u012bts zem virsraksta.&nbsp;<em>Greenum<\/em>&nbsp;var vienpus\u0113ji groz\u012bt un papildin\u0101t Priv\u0101tuma politiku.&nbsp;<em>Greenum<\/em>&nbsp;inform\u0113 Datu subjektus par jebk\u0101d\u0101m izmai\u0146\u0101m Priv\u0101tuma politik\u0101, darot t\u0101s pieejamas sav\u0101 t\u012bmek\u013ca vietn\u0113 vai cit\u0101di p\u0113c&nbsp;<em>Greenum<\/em>&nbsp;ieskatiem.<\/p>\n\n\n\n<p><strong>3. DATU P\u0100RZINIS UN KONTAKTINFORM\u0100CIJA<\/strong><\/p>\n\n\n\n<p>3.1. Priv\u0101tuma politik\u0101 noteiktajos gad\u012bjumos Datu subjektu personas datu p\u0101rzinis ir&nbsp;<em>Greenum<\/em><em>&nbsp;<\/em>(s\u012bk\u0101ku inform\u0101ciju skat\u012bt iepriek\u0161 tekst\u0101,&nbsp;1.2(b).&nbsp;sada\u013c\u0101).<\/p>\n\n\n\n<p>3.2. Ja jums rodas jaut\u0101jumi par Priv\u0101tuma politiku un personas datu apstr\u0101di, varat sazin\u0101ties ar&nbsp;<em>Greenum<\/em><em>,<\/em>&nbsp;nos\u016btot e-pastu uz&nbsp;sales@cosmetic-lab.lv.<\/p>\n\n\n\n<p><strong>4. PERSONAS DATU APSTR\u0100DES M\u0112R\u0136I<\/strong><\/p>\n\n\n\n<p>4.1.&nbsp;<em>Greenum<\/em>&nbsp;apkopo un apstr\u0101d\u0101 personas datus \u0161\u0101diem m\u0113r\u0137iem:<\/p>\n\n\n\n<p>(a) pakalpojumu snieg\u0161ana un\/vai produktu p\u0101rdo\u0161ana Klientam, pamatojoties uz l\u012bgumu, kas nosl\u0113gts ar Klientu, tostarp sazi\u0146a ar Klientu, lai p\u0113c Klienta piepras\u012bjuma sniegtu Klientam jaunus pakalpojumus un\/vai p\u0101rdotu produktus;<\/p>\n\n\n\n<p>(b) sazi\u0146a ar potenci\u0101lo Klientu saist\u012bb\u0101 ar iesp\u0113jamo pakalpojumu un\/vai produktu snieg\u0161anu un\/vai p\u0101rdo\u0161anu, ja attiec\u012bgais Datu subjekts ir izteicis attiec\u012bgu v\u0113lmi (piem\u0113ram, iesniedzot piepras\u012bjumu T\u012bmek\u013ca vietn\u0113);<\/p>\n\n\n\n<p>(c) lai nodro\u0161in\u0101tu T\u012bmek\u013ca vietnes funkcionalit\u0101ti;<\/p>\n\n\n\n<p>(d) lai analiz\u0113tu T\u012bmek\u013ca vietnes lietojumu;&nbsp;<\/p>\n\n\n\n<p>(e) lai aizsarg\u0101tu un \u012bstenotu ties\u012bbas, kas noteiktas&nbsp;<em>Greenum<\/em>&nbsp;saisto\u0161ajos ties\u012bbu aktos un l\u012bgumos;<\/p>\n\n\n\n<p>(f) lai izpild\u012btu likum\u0101 noteiktos pien\u0101kumus un uz<em>Greenum<\/em>&nbsp;attiecin\u0101m\u0101s likum\u012bg\u0101s pras\u012bbas.<\/p>\n\n\n\n<p>4.2.&nbsp;<em>Greenum<\/em><em>&nbsp;<\/em>apkopo un apstr\u0101d\u0101 turpm\u0101k nor\u0101d\u012btos personas datus:<\/p>\n\n\n\n<p>(a) lai sniegtu pakalpojumus un\/vai p\u0101rdotu produktus Klientam, pamatojoties uz l\u012bgumu ar Klientu (m\u0113r\u0137i skatiet 4.1(a). sada\u013c\u0101) \u2013 Klienta v\u0101rds, uzv\u0101rds, e-pasta adrese, t\u0101lru\u0146a numurs, personas kods, adrese, sazi\u0146as valoda, inform\u0101cija par maks\u0101juma veidu, cita ar pas\u016bt\u012bjumu saist\u012bta inform\u0101cija (piem\u0113ram, dati par pas\u016bt\u012bto virtuvi) un citi personas dati, ko Klients var sniegt&nbsp;<em>Greenum<\/em><em>&nbsp;<\/em>saist\u012bb\u0101 ar&nbsp;<em>Greenum<\/em>&nbsp;pakalpojumu snieg\u0161anu un\/vai produktu p\u0101rdo\u0161anu;<\/p>\n\n\n\n<p>(b) lai sazin\u0101tos ar potenci\u0101lo Klientu (m\u0113r\u0137i skatiet 4.1(b). sada\u013c\u0101) \u2013 v\u0101rds, uzv\u0101rds, e-pasta adrese, t\u0101lru\u0146a numurs, adrese, sazi\u0146as valoda un citi personas dati, ko Datu subjekts var sniegt&nbsp;<em>Greenum<\/em>&nbsp;saist\u012bb\u0101 ar piepras\u012bjumiem un sarun\u0101m pirms l\u012bguma nosl\u0113g\u0161anas;<\/p>\n\n\n\n<p>(c) lai nodro\u0161in\u0101tu T\u012bmek\u013ca vietnes funkcionalit\u0101ti (m\u0113r\u0137i skatiet 4.1(c). sada\u013c\u0101) \u2013 ar s\u012bkdat\u0146u pal\u012bdz\u012bbu ieg\u016btie personas dati (piem\u0113ram, inform\u0101cija par ier\u012bci, kas izmantota T\u012bmek\u013ca vietnes apmekl\u0113\u0161anai);<\/p>\n\n\n\n<p>(d) lai analiz\u0113tu T\u012bmek\u013ca vietnes lieto\u0161anu (m\u0113r\u0137i skatiet 4.1(d). sada\u013c\u0101) \u2013 s\u012bkdat\u0146u apkopotie personas dati (piem\u0113ram, IP adrese, inform\u0101cija par ier\u012bci, kas izmantota T\u012bmek\u013ca vietnes apmekl\u0113\u0161anai, dati par T\u012bmek\u013ca vietnes lieto\u0161anu);<\/p>\n\n\n\n<p>(e) lai \u012bstenotu un aizsarg\u0101tu&nbsp;<em>Greenum<\/em><em>&nbsp;<\/em>ties\u012bbas (m\u0113r\u0137i skatiet&nbsp;4.1(e).&nbsp;sada\u013c\u0101)&nbsp;\u2013 jebkuri iepriek\u0161 min\u0113tie personas dati, kas noteikti saska\u0146\u0101 ar konkr\u0113taj\u0101m&nbsp;<em>Greenum<\/em><em>&nbsp;<\/em>\u012bstenotaj\u0101m ties\u012bb\u0101m;<\/p>\n\n\n\n<p>(f) lai izpild\u012btu likumiskos pien\u0101kumus un r\u012bkojumus (m\u0113r\u0137i skatiet 4.1(f). sada\u013c\u0101) \u2013 jebkuri iepriek\u0161 min\u0113tie personas dati, kas noteikti saska\u0146\u0101 ar konkr\u0113tu pien\u0101kumu, kas&nbsp;<em>Greenum<\/em>&nbsp;ir j\u0101izpilda.<\/p>\n\n\n\n<p>4.3. Atsevi\u0161\u0137\u0101s situ\u0101cij\u0101s personas datu snieg\u0161ana var b\u016bt nepiecie\u0161ama l\u012bguma nosl\u0113g\u0161anai vai izpildei, piem\u0113ram,<em>Greenum<\/em>&nbsp;ir nepiecie\u0161ams zin\u0101t Klienta v\u0101rdu un kontaktinform\u0101ciju, lai izpild\u012btu pas\u016bt\u012bjumu. Ja \u0161\u0101d\u0101 situ\u0101cij\u0101 Datu subjekts atsak\u0101s sniegt personas datus,&nbsp;<em>Greenum<\/em><em>,<\/em>&nbsp;iesp\u0113jams, nevar\u0113s sniegt pakalpojumu vai p\u0101rdot produktus \u0161im Datu subjektam. Ja&nbsp;<em>Greenum<\/em><em>&nbsp;<\/em>neprasa, lai Datu subjekts sniegtu konkr\u0113tus personas datus, \u0161\u0101du personas datu snieg\u0161ana ir br\u012bvpr\u0101t\u012bga, un to nesnieg\u0161ana Datu subjektam nerad\u012bs nelabv\u0113l\u012bgas sekas.<\/p>\n\n\n\n<p>4.4. Visp\u0101r\u012bgi&nbsp;<em>Greenum<\/em>&nbsp;ieg\u016bst personas datus tie\u0161i no Datu subjekta, piem\u0113ram,&nbsp;<em>Greenum<\/em>&nbsp;tie\u0161i l\u016bdz Datu subjektam nor\u0101d\u012bt v\u0101rdu un kontaktinform\u0101ciju.&nbsp;<\/p>\n\n\n\n<p><strong>5. PERSONAS DATU APSTR\u0100DES JURIDISKAIS PAMATS<\/strong><\/p>\n\n\n\n<p>5.1. Saska\u0146\u0101 ar piem\u0113rojamiem datu aizsardz\u012bbas ties\u012bbu aktiem un VDAR ikvienai personas datu apstr\u0101dei ir j\u0101b\u016bt atbilsto\u0161am juridiskajam pamatam. T\u0101l\u0101k m\u0113s nor\u0101d\u012bsim juridisko pamatu par katru no iepriek\u0161 min\u0113tajiem personas datu apstr\u0101des m\u0113r\u0137iem.<\/p>\n\n\n\n<p>5.2. Gad\u012bjum\u0101, ja&nbsp;<em>Greenum<\/em>&nbsp;apstr\u0101d\u0101 personas datus, pamatojoties uz l\u012bgumu, kas nosl\u0113gts ar Klientu, lai sniegtu Klientam pakalpojumus un\/vai p\u0101rdotu produktus (m\u0113r\u0137i skatiet&nbsp;4.1(a).&nbsp;sada\u013c\u0101), personas datu apstr\u0101des pamat\u0101 ir VDAR 6.&nbsp;panta 1.&nbsp;punkta b) apak\u0161punkts (pirmais gad\u012bjums). Tas noz\u012bm\u0113, ka personas datu apstr\u0101de ir nepiecie\u0161ama, lai izpild\u012btu ar Klientu nosl\u0113gto l\u012bgumu.<\/p>\n\n\n\n<p>5.3. Gad\u012bjum\u0101, ja&nbsp;<em>Greenum<\/em>&nbsp;apstr\u0101d\u0101 personas datus, lai sazin\u0101tos ar potenci\u0101lo Klientu (m\u0113r\u0137i skatiet&nbsp;4.1(b).&nbsp;sada\u013c\u0101), personas datu apstr\u0101des pamats ir VDAR 6.&nbsp;panta 1.&nbsp;punkta b) apak\u0161punkts (otrais gad\u012bjums). Tas noz\u012bm\u0113, ka personas datu apstr\u0101de ir nepiecie\u0161ama, lai p\u0113c Datu subjekta piepras\u012bjuma veiktu darb\u012bbas pirms l\u012bguma nosl\u0113g\u0161anas.<\/p>\n\n\n\n<p>5.4. Gad\u012bjum\u0101, ja&nbsp;<em>Greenum<\/em><em>&nbsp;<\/em>apstr\u0101d\u0101 personas datus, lai nodro\u0161in\u0101tu T\u012bmek\u013ca vietnes funkcionalit\u0101ti (m\u0113r\u0137i skatiet&nbsp;4.1(c).&nbsp;sada\u013c\u0101),&nbsp;<em>Greenum<\/em>&nbsp;to dar\u012bs tikai tad, ja b\u016bs sa\u0146\u0113mis Datu subjekta piekri\u0161anu. Ja&nbsp;<em>Greenum<\/em><em>&nbsp;<\/em>apstr\u0101d\u0101 personas datus, lai analiz\u0113tu T\u012bmek\u013ca vietnes lieto\u0161anu (m\u0113r\u0137i skatiet&nbsp;4.1(d).&nbsp;sada\u013c\u0101),&nbsp;<em>Greenum<\/em><em>&nbsp;<\/em>to dar\u012bs tikai tad, ja b\u016bs sa\u0146\u0113mis Datu subjekta piekri\u0161anu. \u0160\u0101d\u0101 gad\u012bjum\u0101 datu apstr\u0101des pamats ir Datu subjekta piekri\u0161ana saska\u0146\u0101 ar VDAR 6.&nbsp;panta 1.&nbsp;punkta a) apak\u0161punktu. Datu subjekts ir ties\u012bgs atsaukt savu piekri\u0161anu jebkur\u0101 laik\u0101.<\/p>\n\n\n\n<p>5.5. Gad\u012bjum\u0101, ja&nbsp;<em>Greenum<\/em><em>&nbsp;<\/em>apstr\u0101d\u0101 personas datus&nbsp;<em>Greenum<\/em>&nbsp;ties\u012bbu \u012bsteno\u0161anas un aizsardz\u012bbas nol\u016bkos (m\u0113r\u0137i skatiet&nbsp;4.1(e).&nbsp;sada\u013c\u0101), apstr\u0101des pamat\u0101 ir VDAR 6.&nbsp;panta 1.&nbsp;punkta f) apak\u0161punkts. Proti, apstr\u0101de ir nepiecie\u0161ama&nbsp;<em>Greenum<\/em><em>&nbsp;<\/em>likumisko intere\u0161u \u012bsteno\u0161anai. \u0160aj\u0101 gad\u012bjum\u0101&nbsp;<em>Greenum<\/em>&nbsp;likumisk\u0101s intereses ir aizsarg\u0101t savas ties\u012bbas t\u0101d\u0101 veid\u0101, k\u0101&nbsp;<em>Greenum<\/em>&nbsp;uzskata par piem\u0113rotu un nepiecie\u0161amu.<\/p>\n\n\n\n<p>5.6. Gad\u012bjum\u0101, ja&nbsp;<em>Greenum<\/em><em>&nbsp;<\/em>apstr\u0101d\u0101 personas datus, lai izpild\u012btu likumiskos pien\u0101kumus un r\u012bkojumus (m\u0113r\u0137i skatiet&nbsp;4.1(f).&nbsp;sada\u013c\u0101), personas datu apstr\u0101des pamats ir VDAR 6.&nbsp;panta 1.&nbsp;punkta c) apak\u0161punkts, t. i., personas datu apstr\u0101de ir nepiecie\u0161ama, lai izpild\u012btu&nbsp;<em>Greenum<\/em>&nbsp;k\u0101 datu p\u0101rzi\u0146a likumisko pien\u0101kumu.<\/p>\n\n\n\n<p><strong>6. PERSONAS DATU NODO\u0160ANA TRE\u0160\u0100M PERSON\u0100M<\/strong><\/p>\n\n\n\n<p>6.1.&nbsp;<em>Greenum<\/em><em>&nbsp;<\/em>var nodot Datu subjekta personas datus tre\u0161\u0101m person\u0101m vai apstr\u0101d\u0101t\u0101jiem \u0161\u0101dos gad\u012bjumos:<\/p>\n\n\n\n<p>(a) partneri, kurus&nbsp;<em>Greenum<\/em><em>&nbsp;<\/em>izmanto pakalpojumu snieg\u0161anai un produktu p\u0101rdo\u0161anai Klientiem (piem\u0113ram, transporta pakalpojumu sniedz\u0113js u.c.);<\/p>\n\n\n\n<p>(b) citiem uz\u0146\u0113mumiem, ja tas ir nepiecie\u0161ams k\u0101dam no Priv\u0101tuma politik\u0101 izkl\u0101st\u012btajiem m\u0113r\u0137iem.<\/p>\n\n\n\n<p>6.2. Visi&nbsp;<em>Greenum<\/em><em>&nbsp;<\/em>datu apstr\u0101d\u0101t\u0101ji nodro\u0161ina personas datu aizsardz\u012bbu saska\u0146\u0101 ar VDAR un citiem piem\u0113rojamiem ties\u012bbu aktiem par personas datu aizsardz\u012bbu. Visp\u0101r\u012bgi&nbsp;<em>Greenum<\/em>&nbsp;nep\u0101rs\u016bta personas datus \u0101rpus Eiropas Ekonomikas zonas (iz\u0146emot \u0160veici, k\u0101 paskaidrots iepriek\u0161). Tom\u0113r, pat ja&nbsp;<em>Greenum<\/em><em>&nbsp;<\/em>nos\u016bt\u012bs personas datus uz cit\u0101m valst\u012bm,&nbsp;<em>Greenum<\/em>&nbsp;\u012bstenos atbilsto\u0161us dro\u0161\u012bbas pas\u0101kumus saska\u0146\u0101 ar VDAR, piem\u0113ram, nosl\u0113dzot ar apstr\u0101d\u0101t\u0101ju atbilsto\u0161u l\u012bgumu par personas datu apstr\u0101di saska\u0146\u0101 ar Eiropas Komisijas apstiprin\u0101taj\u0101m standarta l\u012bguma klauzul\u0101m.<\/p>\n\n\n\n<p>6.3.&nbsp;<em>Greenum<\/em><em>&nbsp;<\/em>ir ar\u012b ties\u012bgs izpaust Datu subjekta personas datus iest\u0101dei, kurai ir ties\u012bbas piepras\u012bt no&nbsp;<em>Greenum<\/em><em>&nbsp;<\/em>personas datu izpau\u0161anu, ko tas apstr\u0101d\u0101 saska\u0146\u0101 ar piem\u0113rojamiem ties\u012bbu aktiem.<\/p>\n\n\n\n<p>6.4. P\u0113c Datu subjekta piepras\u012bjuma&nbsp;<em>Greenum<\/em><em>&nbsp;<\/em>var ar\u012b nos\u016bt\u012bt datus finan\u0161u iest\u0101dei, kas pied\u0101v\u0101 nomaksu vai aizdevumu, ta\u010du \u0161aj\u0101 gad\u012bjum\u0101 datu p\u0101rzinis parasti ir pati finan\u0161u iest\u0101de, nevis&nbsp;<em>Greenum<\/em><em>.<\/em><\/p>\n\n\n\n<p><strong>7. PERSONAS DATU GLAB\u0100\u0160ANA<\/strong><\/p>\n\n\n\n<p>7.1.&nbsp;<em>Greenum<\/em><em>&nbsp;<\/em>apstr\u0101d\u0101 un uzglab\u0101 personas datus tikai tik ilgi, cik tas ir nepiecie\u0161ams apstr\u0101des m\u0113r\u0137a sasnieg\u0161anai \u2013 tikl\u012bdz m\u0113r\u0137is b\u016bs sasniegts, personas dati tiek dz\u0113sti vai padar\u012bti anon\u012bmi.<\/p>\n\n\n\n<p>7.2. Attiec\u012bb\u0101 uz katru no m\u0113r\u0137iem, kuriem m\u0113s apstr\u0101d\u0101jam personas datus,&nbsp;<em>Greenum<\/em><em>&nbsp;<\/em>glab\u0101 personas datus \u0161\u0101dos termi\u0146os:<\/p>\n\n\n\n<p>(a) pamatojoties uz l\u012bgumu, kas nosl\u0113gts ar Klientu, lai sniegtu Klientam pakalpojumus un\/vai p\u0101rdotu produktus (m\u0113r\u0137i skatiet 4.1(a). sada\u013c\u0101) \u2013 l\u012bdz visu l\u012bgumsaist\u012bbu izpildes br\u012bdim;<\/p>\n\n\n\n<p>(b) lai sazin\u0101tos ar potenci\u0101lo Klientu (m\u0113r\u0137i skatiet 4.1(b). sada\u013c\u0101) \u2013 l\u012bdz vienam gadam p\u0113c p\u0113d\u0113j\u0101s sazin\u0101\u0161an\u0101s ar \u0161o Datu subjektu;<\/p>\n\n\n\n<p>(c) lai nodro\u0161in\u0101tu T\u012bmek\u013ca vietnes funkcionalit\u0101ti (m\u0113r\u0137i skatiet 4.1(c). sada\u013c\u0101) \u2013 l\u012bdz T\u012bmek\u013ca vietnes sesijas beig\u0101m vai l\u012bdz br\u012bdim, kad Datu subjekts atsauc savu piekri\u0161anu (izv\u0113loties agr\u0101ko);<\/p>\n\n\n\n<p>(d) lai analiz\u0113tu T\u012bmek\u013ca vietnes izmanto\u0161anu (m\u0113r\u0137i skatiet 4.1(d). sada\u013c\u0101) \u2013 1\u20132 gadus vai l\u012bdz br\u012bdim, kad Datu subjekts atsauc savu piekri\u0161anu (izv\u0113loties agr\u0101ko);<\/p>\n\n\n\n<p>(e)&nbsp;&nbsp;<em>Greenum<\/em>&nbsp;ties\u012bbu \u012bsteno\u0161anas un aizsardz\u012bbas nol\u016bkos (m\u0113r\u0137i skatiet&nbsp;4.1(e).&nbsp;sada\u013c\u0101)&nbsp;\u2013 l\u012bdz 10&nbsp;gadiem p\u0113c pas\u016bt\u012bjuma izpildes, kas ir maksim\u0101lais noilguma termi\u0146\u0161 likum\u0101 noteiktaj\u0101m pras\u012bb\u0101m;<\/p>\n\n\n\n<p>(f) lai izpild\u012btu likumiskos pien\u0101kumus un r\u012bkojumus (m\u0113r\u0137i skatiet 4.1(f). sada\u013c\u0101) \u2013 saska\u0146\u0101 ar ties\u012bbu aktos noteiktajiem termi\u0146iem. Piem\u0113ram, likums uzliek&nbsp;<em>Greenum<\/em>&nbsp;pien\u0101kumu saglab\u0101t gr\u0101matved\u012bbas attaisnojuma dokumentus (kas var ietvert personas datus) piecus gadus p\u0113c t\u0101 finan\u0161u gada beig\u0101m, kur\u0101 saimnieciskais dar\u012bjums, kura pamat\u0101 ir attaisnojuma dokuments, tika re\u0123istr\u0113ts gr\u0101matved\u012bbas re\u0123istr\u0101.<\/p>\n\n\n\n<p><strong>8. DATU SUBJEKTA TIES\u012aBAS<\/strong><\/p>\n\n\n\n<p>8.1. Datu subjektam ir ties\u012bbas jebkur\u0101 laik\u0101 sazin\u0101ties ar&nbsp;<em>Greenum<\/em><em>,<\/em>&nbsp;nos\u016btot rakstveida piepras\u012bjumu br\u012bv\u0101 form\u0101 uz \u0161\u0101du e-pasta adresi:&nbsp;sales@cosmetic-lab.lv lai:<\/p>\n\n\n\n<p>(a) piepras\u012btu piek\u013cuvi saviem personas datiem;<\/p>\n\n\n\n<p>(b) piepras\u012btu personas datu labo\u0161anu;<\/p>\n\n\n\n<p>(c) piepras\u012btu personas datu dz\u0113\u0161anu;<\/p>\n\n\n\n<p>(d) ierobe\u017eotu personas datu apstr\u0101di;<\/p>\n\n\n\n<p>(e) iebilstu personas datu apstr\u0101dei;<\/p>\n\n\n\n<p>(f) piepras\u012btu personas datu nodo\u0161anu;<\/p>\n\n\n\n<p>(g) piepras\u012btu, lai attiec\u012bb\u0101 uz Datu subjektu, ja attiecin\u0101ms, netiktu pie\u0146emts l\u0113mums, izmantojot autom\u0101tisku datu apstr\u0101di;<\/p>\n\n\n\n<p>(h) atsauktu savu piekri\u0161anu personas datu apstr\u0101dei;<\/p>\n\n\n\n<p>(i) iesniegtu s\u016bdz\u012bbu uzraudz\u012bbas iest\u0101dei (Datu valsts inspekcijai, papildinform\u0101cija:&nbsp;<a href=\"https:\/\/www.dvi.gov.lv\/lv\" target=\"_blank\" rel=\"noopener\">https:\/\/www.dvi.gov.lv\/lv<\/a>; kontaktinform\u0101cija:&nbsp;<a href=\"mailto:pasts@dvi.gov.lv\">pasts@dvi.gov.lv<\/a>).<\/p>\n\n\n\n<p>8.2. Ja&nbsp;<em>Greenum<\/em><em>&nbsp;<\/em>apstr\u0101d\u0101 personas datus, pamatojoties uz sav\u0101m likumiskaj\u0101m interes\u0113m, Datu subjektam ir ties\u012bbas piepras\u012bt no&nbsp;<em>Greenum<\/em><em>&nbsp;<\/em>papildinform\u0101ciju par likumiskaj\u0101m interes\u0113m, tostarp paskaidrojumu par to, k\u0101 Datu subjekta un&nbsp;<em>Greenum<\/em>&nbsp;intereses tiek \u0146emtas v\u0113r\u0101 un savstarp\u0113ji izsv\u0113rtas.<\/p>\n\n\n\n<p><strong>9. S\u012aKDATNES<\/strong><\/p>\n\n\n\n<p>9.1.&nbsp;<em>Greenum<\/em><em>&nbsp;<\/em>T\u012bmek\u013ca vietne izmanto s\u012bkdatnes. S\u012bkdatnes ir mazi teksta datu bloki, kas tiek glab\u0101ti lietot\u0101ja t\u012bmek\u013ca p\u0101rl\u016bk\u0101 vai ier\u012bc\u0113, apmekl\u0113jot T\u012bmek\u013ca vietni. Da\u017eas s\u012bkdatnes d\u0113v\u0113 par pirm\u0101s puses s\u012bkdatn\u0113m un t\u0101s ir saist\u012btas ar T\u012bmek\u013ca vietni, ta\u010du tiek izmantotas ar\u012b tre\u0161o personu s\u012bkdatnes (piem\u0113ram,&nbsp;<em>Google Analytics<\/em>).<\/p>\n\n\n\n<p>9.2. S\u012bkdatnes parasti tiek izmantotas, lai t\u012bmek\u013ca vietnes apmekl\u0113t\u0101ja pieredzi padar\u012btu p\u0113c iesp\u0113jas vienm\u0113r\u012bg\u0101ku un \u0113rt\u0101ku, k\u0101 ar\u012b apkopotu statistikas datus par T\u012bmek\u013ca vietnes apmekl\u0113jumiem. Tiek izmantotas konkr\u0113ti \u0161\u0101das s\u012bkdatnes:<\/p>\n\n\n\n<p>(a) Oblig\u0101ti nepiecie\u0161am\u0101s s\u012bkdatnes \u2013 s\u012bkdatnes, kas ir oblig\u0101ti nepiecie\u0161amas, lai apmekl\u0113t\u0101js var\u0113tu izmantot T\u012bmek\u013ca vietni. \u0160\u0101das s\u012bkdatnes tiek izmantotas, piem\u0113ram, lai aizsarg\u0101tu T\u012bmek\u013ca vietni no \u013caunpr\u0101t\u012bgu t\u012bmek\u013ca viet\u0146u nesankcion\u0113t\u0101m komand\u0101m (CSRF s\u012bkdatnes), lai g\u0101d\u0101tu par dro\u0161u https savienojumu utt. T\u012bmek\u013ca vietne bez t\u0101m nedarbotos. Parasti \u0161\u0101das s\u012bkdatnes tiek glab\u0101tas 1\u20132 gadus.<\/p>\n\n\n\n<p>(b) Funkcionalit\u0101tes s\u012bkdatnes \u2013 s\u012bkdatnes, kas nodro\u0161ina paredz\u0113to T\u012bmek\u013ca vietnes darb\u012bbu. Piem\u0113ram, m\u0113s izmantojam sesijas s\u012bkdatnes, kas \u013cauj atcer\u0113ties apmekl\u0113t\u0101ja izdar\u012bt\u0101s izv\u0113les (piem\u0113ram, valodas izv\u0113li) un atpaz\u012bt apmekl\u0113t\u0101ju starp sesij\u0101m. \u0160\u0101das s\u012bkdatnes parasti tiek saglab\u0101tas l\u012bdz T\u012bmek\u013ca vietnes apmekl\u0113juma sesijas beig\u0101m.<\/p>\n\n\n\n<p>(c) Anal\u012btisk\u0101s s\u012bkdatnes \u2013 s\u012bkdatnes, kuras parasti izmanto, lai analiz\u0113tu T\u012bmek\u013ca vietnes apmekl\u0113jumu un izmanto\u0161anu. Parasti \u0161\u0101das s\u012bkdatnes tiek glab\u0101tas 1\u20132 gadus.<\/p>\n\n\n\n<p>9.3. T\u012bmek\u013ca vietn\u0113 izmantot\u0101s s\u012bkdatnes var v\u0101kt vai nev\u0101kt personas datus. Cikt\u0101l tas attiecas uz personas datu apstr\u0101di, tiek piem\u0113roti \u0161\u012bs Priv\u0101tuma politikas noteikumi, un Datu subjekta ties\u012bbas attiec\u012bb\u0101 uz vi\u0146a personas datu apstr\u0101di ir noteiktas Priv\u0101tuma politik\u0101.<\/p>\n\n\n\n<p>9.4. Saist\u012bb\u0101 ar s\u012bkdatn\u0113m T\u012bmek\u013ca vietnes apmekl\u0113t\u0101jam ir ties\u012bbas:<\/p>\n\n\n\n<p>(a) atteikties no s\u012bkdat\u0146u izmanto\u0161anas, nedodot vai atsaucot piekri\u0161anu;<\/p>\n\n\n\n<p>(b) atteikties izmantot s\u012bkdatnes, izv\u0113loties atbilsto\u0161os iestat\u012bjumus sav\u0101 p\u0101rl\u016bkprogramm\u0101;<\/p>\n\n\n\n<p>(c) dz\u0113st ier\u012bc\u0113 jau saglab\u0101t\u0101s s\u012bkdatnes;<\/p>\n\n\n\n<p>9.5. Tom\u0113r oblig\u0101ti nepiecie\u0161am\u0101s s\u012bkdatnes tiks izmantotas jebkur\u0101 gad\u012bjum\u0101 bez apmekl\u0113t\u0101ja piekri\u0161anas, jo bez t\u0101m T\u012bmek\u013ca vietnes izmanto\u0161ana nav iesp\u0113jama. T\u012bmek\u013ca vietni ir iesp\u0113jams izmantot bez cit\u0101m s\u012bkdatn\u0113m, ta\u010du t\u0101d\u0101 gad\u012bjum\u0101 T\u012bmek\u013ca vietne var nedarboties piln\u012bb\u0101 un pareizi.<\/p>\n","protected":false},"excerpt":{"rendered":"<p>P\u0113d\u0113jo reizi p\u0101rskat\u012bta: 26.01.2024. 1. IEVADS UN DEFIN\u012aCIJAS 1.1. Greenum&nbsp;apstr\u0101d\u0101 personas datus tikai saska\u0146\u0101 ar piem\u0113rojamiem ties\u012bbu aktiem, nodro\u0161inot personas datu dro\u0161\u012bbu un aizsardz\u012bbu. Aicin\u0101m, r\u016bp\u012bgi iepaz\u012bties ar \u0161o Priv\u0101tuma politiku, lai lab\u0101k izprastu&nbsp;Greenum&nbsp;noteikto personas datu apstr\u0101des k\u0101rt\u012bbu. 1.2. Priv\u0101tuma [&hellip;]<\/p>\n","protected":false},"author":2,"featured_media":0,"parent":0,"menu_order":0,"comment_status":"closed","ping_status":"closed","template":"","meta":{"inline_featured_image":false,"footnotes":""},"class_list":["post-8614","page","type-page","status-publish","hentry"],"_links":{"self":[{"href":"https:\/\/greenum.jp\/lv\/wp-json\/wp\/v2\/pages\/8614","targetHints":{"allow":["GET"]}}],"collection":[{"href":"https:\/\/greenum.jp\/lv\/wp-json\/wp\/v2\/pages"}],"about":[{"href":"https:\/\/greenum.jp\/lv\/wp-json\/wp\/v2\/types\/page"}],"author":[{"embeddable":true,"href":"https:\/\/greenum.jp\/lv\/wp-json\/wp\/v2\/users\/2"}],"replies":[{"embeddable":true,"href":"https:\/\/greenum.jp\/lv\/wp-json\/wp\/v2\/comments?post=8614"}],"version-history":[{"count":0,"href":"https:\/\/greenum.jp\/lv\/wp-json\/wp\/v2\/pages\/8614\/revisions"}],"wp:attachment":[{"href":"https:\/\/greenum.jp\/lv\/wp-json\/wp\/v2\/media?parent=8614"}],"curies":[{"name":"wp","href":"https:\/\/api.w.org\/{rel}","templated":true}]}}