{"id":15625,"date":"2024-04-16T10:19:43","date_gmt":"2024-04-16T10:19:43","guid":{"rendered":"https:\/\/greenum.eu\/?post_type=product&#038;p=15625"},"modified":"2024-05-23T12:23:51","modified_gmt":"2024-05-23T12:23:51","slug":"peachy-rose","status":"publish","type":"product","link":"https:\/\/greenum.jp\/lv\/products\/peachy-rose\/","title":{"rendered":"PEACHY ROSE"},"content":{"rendered":"","protected":false},"excerpt":{"rendered":"<p>Aromatiz\u0113ta Vidusj\u016bras vannas s\u0101ls ar maigu ro\u017eu arom\u0101tu J\u016bsu atp\u016btai un labsaj\u016btai.<\/p>\n<p>&nbsp;<\/p>\n<p>Vidusj\u016bras s\u0101ls krist\u0101li toniz\u0113 un uzlabo \u0101das st\u0101vokli, mazina nogurumu, pal\u012bdz atsl\u0101bin\u0101ties un uzlabot miega kvalit\u0101ti.<\/p>\n<p>&nbsp;<\/p>\n<p><span lang=\"EN-US\">K\u0100 LIETOT: Vienai peldei pievienojiet vismaz 100 g s\u0101ls. Ieteicam\u0101 \u016bdens temperat\u016bra ir 36-39 \u00b0C.<\/span><\/p>\n<p>&nbsp;<\/p>\n<p>UZGLAB\u0100\u0160ANA: Uzglab\u0101t istabas temperat\u016br\u0101, pasarg\u0101t no tie\u0161iem saules stariem. Izvair\u012bties no saskares ar ac\u012bm. Tikai \u0101r\u0113jai lieto\u0161anai. Glab\u0101t b\u0113rniem nepieejam\u0101 viet\u0101.<\/p>\n<p>&nbsp;<\/p>\n<p>Svars: 600 g.<\/p>\n","protected":false},"featured_media":12696,"template":"","meta":{"inline_featured_image":false},"product_brand":[],"product_cat":[244],"product_tag":[],"class_list":{"0":"post-15625","1":"product","2":"type-product","3":"status-publish","4":"has-post-thumbnail","6":"product_cat-vannas-sals","8":"first","9":"instock","10":"shipping-taxable","11":"product-type-simple"},"_links":{"self":[{"href":"https:\/\/greenum.jp\/lv\/wp-json\/wp\/v2\/product\/15625","targetHints":{"allow":["GET"]}}],"collection":[{"href":"https:\/\/greenum.jp\/lv\/wp-json\/wp\/v2\/product"}],"about":[{"href":"https:\/\/greenum.jp\/lv\/wp-json\/wp\/v2\/types\/product"}],"version-history":[{"count":3,"href":"https:\/\/greenum.jp\/lv\/wp-json\/wp\/v2\/product\/15625\/revisions"}],"predecessor-version":[{"id":17707,"href":"https:\/\/greenum.jp\/lv\/wp-json\/wp\/v2\/product\/15625\/revisions\/17707"}],"wp:featuredmedia":[{"embeddable":true,"href":"https:\/\/greenum.jp\/lv\/wp-json\/wp\/v2\/media\/12696"}],"wp:attachment":[{"href":"https:\/\/greenum.jp\/lv\/wp-json\/wp\/v2\/media?parent=15625"}],"wp:term":[{"taxonomy":"product_brand","embeddable":true,"href":"https:\/\/greenum.jp\/lv\/wp-json\/wp\/v2\/product_brand?post=15625"},{"taxonomy":"product_cat","embeddable":true,"href":"https:\/\/greenum.jp\/lv\/wp-json\/wp\/v2\/product_cat?post=15625"},{"taxonomy":"product_tag","embeddable":true,"href":"https:\/\/greenum.jp\/lv\/wp-json\/wp\/v2\/product_tag?post=15625"}],"curies":[{"name":"wp","href":"https:\/\/api.w.org\/{rel}","templated":true}]}}