{"id":15630,"date":"2024-04-16T10:19:44","date_gmt":"2024-04-16T10:19:44","guid":{"rendered":"https:\/\/greenum.eu\/?post_type=product&#038;p=15630"},"modified":"2024-05-22T10:56:11","modified_gmt":"2024-05-22T10:56:11","slug":"rose","status":"publish","type":"product","link":"https:\/\/greenum.jp\/lv\/products\/rose\/","title":{"rendered":"ROSE"},"content":{"rendered":"","protected":false},"excerpt":{"rendered":"<p>Vaska svece ar ro\u017eu \u0113terisko e\u013c\u013cu keramikas trauk\u0101.<\/p>\n<p>&nbsp;<\/p>\n<p>Svece izgatavota no 100 % dab\u012bga sojas vaska, kas nodro\u0161ina ilg\u0101ku un t\u012br\u0101ku deg\u0161anu ar maz\u0101k kv\u0113pu un bez toksiskiem izgarojumiem. Rozes arom\u0101ts nomierina un rada \u012bpa\u0161i relaks\u0113jo\u0161u atmosf\u0113ru.<\/p>\n<p>&nbsp;<\/p>\n<p>100% roku darbs.<\/p>\n<p>&nbsp;<\/p>\n<p>K\u0100 LIETOT:\u00a0Lai nodro\u0161in\u0101tu t\u012bru un vienm\u0113r\u012bgu deg\u0161anu, pirms katras lieto\u0161anas reizes nogrieziet daktu l\u012bdz 6 mm.\u00a0Sveci vienm\u0113r dedziniet redzam\u0101 viet\u0101 un turiet to t\u0101l\u0101k no viegli uzliesmojo\u0161iem priek\u0161metiem, b\u0113rniem un m\u0101jdz\u012bvniekiem.<\/p>\n<p>&nbsp;<\/p>\n<p>DRO\u0160\u012aBAS BR\u012aDIN\u0100JUMS: Nekad neatst\u0101jiet dego\u0161u sveci bez uzraudz\u012bbas. Novietojiet sveci uz karstumiztur\u012bgas virsmas, lai izvair\u012btos no boj\u0101jumiem. Sargiet sveci no caurv\u0113ja, lai nov\u0113rstu nevienm\u0113r\u012bgu deg\u0161anu un kv\u0113pu uzkr\u0101\u0161anos. P\u0101rtrauciet izmantot sveci, kad ir palicis tikai 1 cm vaska, lai izvair\u012btos no trauka p\u0101rkar\u0161anas.<\/p>\n","protected":false},"featured_media":12709,"template":"","meta":{"inline_featured_image":false},"product_brand":[],"product_cat":[245],"product_tag":[],"class_list":{"0":"post-15630","1":"product","2":"type-product","3":"status-publish","4":"has-post-thumbnail","6":"product_cat-sveces-keramikas-trauka-2","8":"first","9":"instock","10":"shipping-taxable","11":"product-type-simple"},"_links":{"self":[{"href":"https:\/\/greenum.jp\/lv\/wp-json\/wp\/v2\/product\/15630","targetHints":{"allow":["GET"]}}],"collection":[{"href":"https:\/\/greenum.jp\/lv\/wp-json\/wp\/v2\/product"}],"about":[{"href":"https:\/\/greenum.jp\/lv\/wp-json\/wp\/v2\/types\/product"}],"version-history":[{"count":2,"href":"https:\/\/greenum.jp\/lv\/wp-json\/wp\/v2\/product\/15630\/revisions"}],"predecessor-version":[{"id":17591,"href":"https:\/\/greenum.jp\/lv\/wp-json\/wp\/v2\/product\/15630\/revisions\/17591"}],"wp:featuredmedia":[{"embeddable":true,"href":"https:\/\/greenum.jp\/lv\/wp-json\/wp\/v2\/media\/12709"}],"wp:attachment":[{"href":"https:\/\/greenum.jp\/lv\/wp-json\/wp\/v2\/media?parent=15630"}],"wp:term":[{"taxonomy":"product_brand","embeddable":true,"href":"https:\/\/greenum.jp\/lv\/wp-json\/wp\/v2\/product_brand?post=15630"},{"taxonomy":"product_cat","embeddable":true,"href":"https:\/\/greenum.jp\/lv\/wp-json\/wp\/v2\/product_cat?post=15630"},{"taxonomy":"product_tag","embeddable":true,"href":"https:\/\/greenum.jp\/lv\/wp-json\/wp\/v2\/product_tag?post=15630"}],"curies":[{"name":"wp","href":"https:\/\/api.w.org\/{rel}","templated":true}]}}