{"id":15632,"date":"2024-04-16T10:19:44","date_gmt":"2024-04-16T10:19:44","guid":{"rendered":"https:\/\/greenum.eu\/?post_type=product&#038;p=15632"},"modified":"2024-04-16T11:05:21","modified_gmt":"2024-04-16T11:05:21","slug":"sunrise-2","status":"publish","type":"product","link":"https:\/\/greenum.jp\/lv\/products\/sunrise-2\/","title":{"rendered":"SUNRISE"},"content":{"rendered":"","protected":false},"excerpt":{"rendered":"<p>Barojo\u0161s \u0137erme\u0146a kr\u0113ms sausai un norm\u0101lai \u0101dai.<\/p>\n<p>&nbsp;<\/p>\n<p>Bag\u0101tin\u0101ts ar alveju, mande\u013cu un avokado e\u013c\u013c\u0101m, k\u0101 ar\u012b \u0161\u012b un kakao sviestiem \u0101das maksim\u0101lai kop\u0161anai. Dzi\u013ci mitrina un padara \u0101du z\u012bdaini maigu, veicina \u0101das barjeras atjauno\u0161anos un aizsardz\u012bbu. \u0100tri ies\u016bcas \u0101d\u0101 un neatst\u0101j taukainu.<\/p>\n<p>&nbsp;<\/p>\n<p>K\u0100 LIETOT: Uzkl\u0101jiet uz visa \u0137erme\u0146a no r\u012bta un\/vai vakar\u0101 un iemas\u0113jiet \u0101d\u0101.<\/p>\n<p>&nbsp;<\/p>\n<p>&nbsp;<\/p>\n<p>Svars: 200 g.<\/p>\n","protected":false},"featured_media":12713,"template":"","meta":{"inline_featured_image":false},"product_brand":[],"product_cat":[246],"product_tag":[],"class_list":{"0":"post-15632","1":"product","2":"type-product","3":"status-publish","4":"has-post-thumbnail","6":"product_cat-kermena-krems-2","8":"first","9":"instock","10":"shipping-taxable","11":"product-type-simple"},"_links":{"self":[{"href":"https:\/\/greenum.jp\/lv\/wp-json\/wp\/v2\/product\/15632","targetHints":{"allow":["GET"]}}],"collection":[{"href":"https:\/\/greenum.jp\/lv\/wp-json\/wp\/v2\/product"}],"about":[{"href":"https:\/\/greenum.jp\/lv\/wp-json\/wp\/v2\/types\/product"}],"version-history":[{"count":1,"href":"https:\/\/greenum.jp\/lv\/wp-json\/wp\/v2\/product\/15632\/revisions"}],"predecessor-version":[{"id":15662,"href":"https:\/\/greenum.jp\/lv\/wp-json\/wp\/v2\/product\/15632\/revisions\/15662"}],"wp:featuredmedia":[{"embeddable":true,"href":"https:\/\/greenum.jp\/lv\/wp-json\/wp\/v2\/media\/12713"}],"wp:attachment":[{"href":"https:\/\/greenum.jp\/lv\/wp-json\/wp\/v2\/media?parent=15632"}],"wp:term":[{"taxonomy":"product_brand","embeddable":true,"href":"https:\/\/greenum.jp\/lv\/wp-json\/wp\/v2\/product_brand?post=15632"},{"taxonomy":"product_cat","embeddable":true,"href":"https:\/\/greenum.jp\/lv\/wp-json\/wp\/v2\/product_cat?post=15632"},{"taxonomy":"product_tag","embeddable":true,"href":"https:\/\/greenum.jp\/lv\/wp-json\/wp\/v2\/product_tag?post=15632"}],"curies":[{"name":"wp","href":"https:\/\/api.w.org\/{rel}","templated":true}]}}