{"id":15637,"date":"2024-04-16T10:19:44","date_gmt":"2024-04-16T10:19:44","guid":{"rendered":"https:\/\/greenum.eu\/?post_type=product&#038;p=15637"},"modified":"2024-04-16T11:43:30","modified_gmt":"2024-04-16T11:43:30","slug":"strawberry-2","status":"publish","type":"product","link":"https:\/\/greenum.jp\/lv\/products\/strawberry-2\/","title":{"rendered":"STRAWBERRY"},"content":{"rendered":"","protected":false},"excerpt":{"rendered":"<p>Maigs, att\u012bro\u0161s du\u0161as zef\u012brs ar pat\u012bkami gais\u012bgu konsistenci.<\/p>\n<p>&nbsp;<\/p>\n<p>Piem\u012bt viegls p\u012blinga efekts, pateicoties sast\u0101v\u0101 eso\u0161ajai s\u0101lij, kas lieliski att\u012bra, mas\u0113 un toniz\u0113 \u0101du. P\u0113c lieto\u0161anas \u0101da b\u016bs z\u012bdaini maiga, mitrin\u0101ta un atsvaidzin\u0101ta. Piem\u0113rots jebkura tipa \u0101das kop\u0161anai.<\/p>\n<p>&nbsp;<\/p>\n<p>K\u0100 LIETOT: \u00a0Mazg\u0101\u0161an\u0101s laik\u0101 ar pirkstu galiem uzkl\u0101t zef\u012bru uz mitras \u0101das, viegli iemas\u0113t, noskalot ar siltu \u016bdeni.<\/p>\n<p>&nbsp;<\/p>\n<p>UZMAN\u012aBU: Nav ieteicams lieto\u0161anai uz iekaisu\u0161as vai boj\u0101tas \u0101das.<\/p>\n<p>&nbsp;<\/p>\n<p>UZGLAB\u0100\u0160ANA: Ori\u0123in\u0101laj\u0101 iepakojum\u0101 saus\u0101 un tum\u0161\u0101 viet\u0101.<\/p>\n<p>&nbsp;<\/p>\n<p>Svars: 160 g.<\/p>\n","protected":false},"featured_media":12728,"template":"","meta":{"inline_featured_image":false},"product_brand":[],"product_cat":[247],"product_tag":[],"class_list":{"0":"post-15637","1":"product","2":"type-product","3":"status-publish","4":"has-post-thumbnail","6":"product_cat-dusas-sufle-2","8":"first","9":"instock","10":"shipping-taxable","11":"product-type-simple"},"_links":{"self":[{"href":"https:\/\/greenum.jp\/lv\/wp-json\/wp\/v2\/product\/15637","targetHints":{"allow":["GET"]}}],"collection":[{"href":"https:\/\/greenum.jp\/lv\/wp-json\/wp\/v2\/product"}],"about":[{"href":"https:\/\/greenum.jp\/lv\/wp-json\/wp\/v2\/types\/product"}],"version-history":[{"count":1,"href":"https:\/\/greenum.jp\/lv\/wp-json\/wp\/v2\/product\/15637\/revisions"}],"predecessor-version":[{"id":15667,"href":"https:\/\/greenum.jp\/lv\/wp-json\/wp\/v2\/product\/15637\/revisions\/15667"}],"wp:featuredmedia":[{"embeddable":true,"href":"https:\/\/greenum.jp\/lv\/wp-json\/wp\/v2\/media\/12728"}],"wp:attachment":[{"href":"https:\/\/greenum.jp\/lv\/wp-json\/wp\/v2\/media?parent=15637"}],"wp:term":[{"taxonomy":"product_brand","embeddable":true,"href":"https:\/\/greenum.jp\/lv\/wp-json\/wp\/v2\/product_brand?post=15637"},{"taxonomy":"product_cat","embeddable":true,"href":"https:\/\/greenum.jp\/lv\/wp-json\/wp\/v2\/product_cat?post=15637"},{"taxonomy":"product_tag","embeddable":true,"href":"https:\/\/greenum.jp\/lv\/wp-json\/wp\/v2\/product_tag?post=15637"}],"curies":[{"name":"wp","href":"https:\/\/api.w.org\/{rel}","templated":true}]}}