{"id":15640,"date":"2024-04-16T10:19:45","date_gmt":"2024-04-16T10:19:45","guid":{"rendered":"https:\/\/greenum.eu\/?post_type=product&#038;p=15640"},"modified":"2024-04-22T10:49:09","modified_gmt":"2024-04-22T10:49:09","slug":"saldo-mandelu-ella","status":"publish","type":"product","link":"https:\/\/greenum.jp\/lv\/products\/saldo-mandelu-ella\/","title":{"rendered":"SALDO MANDE\u013bU E\u013b\u013bA"},"content":{"rendered":"","protected":false},"excerpt":{"rendered":"<p>100% dab\u012bga saldo mande\u013cu e\u013c\u013ca \u0137erme\u0146a kop\u0161anai.<\/p>\n<p>&nbsp;<\/p>\n<p>Bag\u0101ta ar tauksk\u0101b\u0113m un mitrino\u0161\u0101m un m\u012bkstino\u0161\u0101m viel\u0101m, kas dzi\u013ci mitrina \u0101du, padarot to m\u012bkstu un elast\u012bgu. Nostiprina \u0101das dabisko aizsargbarjeru. Neaizsprosto poras.<\/p>\n<p>&nbsp;<\/p>\n<p>Nesatur aromatiz\u0113t\u0101jus un konservantus.<\/p>\n<p>&nbsp;<\/p>\n<p>Piem\u0113rota visiem \u0101das tipiem.<\/p>\n<p>&nbsp;<\/p>\n<p>K\u0100 LIETOT: Nelielu daudzumu e\u013c\u013cas mas\u0113jo\u0161\u0101m kust\u012bb\u0101m uzkl\u0101t uz t\u012bras \u0137erme\u0146a \u0101das.<\/p>\n<p>&nbsp;<\/p>\n<p>UZGLAB\u0100\u0160ANA: Uzglab\u0101t ori\u0123in\u0101laj\u0101 iepakojum\u0101 saus\u0101 un tum\u0161\u0101 viet\u0101.<\/p>\n","protected":false},"featured_media":12737,"template":"","meta":{"inline_featured_image":false},"product_brand":[],"product_cat":[249],"product_tag":[],"class_list":{"0":"post-15640","1":"product","2":"type-product","3":"status-publish","4":"has-post-thumbnail","6":"product_cat-dabigas-ellas-2","8":"first","9":"instock","10":"shipping-taxable","11":"product-type-simple"},"_links":{"self":[{"href":"https:\/\/greenum.jp\/lv\/wp-json\/wp\/v2\/product\/15640","targetHints":{"allow":["GET"]}}],"collection":[{"href":"https:\/\/greenum.jp\/lv\/wp-json\/wp\/v2\/product"}],"about":[{"href":"https:\/\/greenum.jp\/lv\/wp-json\/wp\/v2\/types\/product"}],"version-history":[{"count":4,"href":"https:\/\/greenum.jp\/lv\/wp-json\/wp\/v2\/product\/15640\/revisions"}],"predecessor-version":[{"id":16498,"href":"https:\/\/greenum.jp\/lv\/wp-json\/wp\/v2\/product\/15640\/revisions\/16498"}],"wp:featuredmedia":[{"embeddable":true,"href":"https:\/\/greenum.jp\/lv\/wp-json\/wp\/v2\/media\/12737"}],"wp:attachment":[{"href":"https:\/\/greenum.jp\/lv\/wp-json\/wp\/v2\/media?parent=15640"}],"wp:term":[{"taxonomy":"product_brand","embeddable":true,"href":"https:\/\/greenum.jp\/lv\/wp-json\/wp\/v2\/product_brand?post=15640"},{"taxonomy":"product_cat","embeddable":true,"href":"https:\/\/greenum.jp\/lv\/wp-json\/wp\/v2\/product_cat?post=15640"},{"taxonomy":"product_tag","embeddable":true,"href":"https:\/\/greenum.jp\/lv\/wp-json\/wp\/v2\/product_tag?post=15640"}],"curies":[{"name":"wp","href":"https:\/\/api.w.org\/{rel}","templated":true}]}}