{"id":15642,"date":"2024-04-16T10:19:45","date_gmt":"2024-04-16T10:19:45","guid":{"rendered":"https:\/\/greenum.eu\/?post_type=product&#038;p=15642"},"modified":"2024-04-22T10:48:27","modified_gmt":"2024-04-22T10:48:27","slug":"avokado-ella","status":"publish","type":"product","link":"https:\/\/greenum.jp\/lv\/products\/avokado-ella\/","title":{"rendered":"AVOKADO E\u013b\u013bA"},"content":{"rendered":"","protected":false},"excerpt":{"rendered":"<p>100% dab\u012bga avokado e\u013c\u013ca \u0137erme\u0146a un matu kop\u0161anai.<\/p>\n<p>&nbsp;<\/p>\n<p>Dzi\u013ci mitrina un baro \u0101du, uzlabo t\u0101s elast\u012bbu un stiprina \u0101das dabisko aizsargsl\u0101ni. Atjauno matus un palielina to mirdzumu.<\/p>\n<p>&nbsp;<\/p>\n<p>Nesatur aromatiz\u0113t\u0101jus un konservantus.<\/p>\n<p>&nbsp;<\/p>\n<p>Piem\u0113rota sausai un jut\u012bgai \u0101dai.<\/p>\n<p>&nbsp;<\/p>\n<p>K\u0100 LIETOT: Nelielu daudzumu e\u013c\u013cas mas\u0113jo\u0161\u0101m kust\u012bb\u0101m uzkl\u0101t uz t\u012bras \u0137erme\u0146a \u0101das.<\/p>\n<p>&nbsp;<\/p>\n<p>UZGLAB\u0100\u0160ANA: Uzglab\u0101t ori\u0123in\u0101laj\u0101 iepakojum\u0101 saus\u0101 un tum\u0161\u0101 viet\u0101.<\/p>\n","protected":false},"featured_media":12741,"template":"","meta":{"inline_featured_image":false},"product_brand":[],"product_cat":[249],"product_tag":[],"class_list":{"0":"post-15642","1":"product","2":"type-product","3":"status-publish","4":"has-post-thumbnail","6":"product_cat-dabigas-ellas-2","8":"first","9":"instock","10":"shipping-taxable","11":"product-type-simple"},"_links":{"self":[{"href":"https:\/\/greenum.jp\/lv\/wp-json\/wp\/v2\/product\/15642","targetHints":{"allow":["GET"]}}],"collection":[{"href":"https:\/\/greenum.jp\/lv\/wp-json\/wp\/v2\/product"}],"about":[{"href":"https:\/\/greenum.jp\/lv\/wp-json\/wp\/v2\/types\/product"}],"version-history":[{"count":11,"href":"https:\/\/greenum.jp\/lv\/wp-json\/wp\/v2\/product\/15642\/revisions"}],"predecessor-version":[{"id":16497,"href":"https:\/\/greenum.jp\/lv\/wp-json\/wp\/v2\/product\/15642\/revisions\/16497"}],"wp:featuredmedia":[{"embeddable":true,"href":"https:\/\/greenum.jp\/lv\/wp-json\/wp\/v2\/media\/12741"}],"wp:attachment":[{"href":"https:\/\/greenum.jp\/lv\/wp-json\/wp\/v2\/media?parent=15642"}],"wp:term":[{"taxonomy":"product_brand","embeddable":true,"href":"https:\/\/greenum.jp\/lv\/wp-json\/wp\/v2\/product_brand?post=15642"},{"taxonomy":"product_cat","embeddable":true,"href":"https:\/\/greenum.jp\/lv\/wp-json\/wp\/v2\/product_cat?post=15642"},{"taxonomy":"product_tag","embeddable":true,"href":"https:\/\/greenum.jp\/lv\/wp-json\/wp\/v2\/product_tag?post=15642"}],"curies":[{"name":"wp","href":"https:\/\/api.w.org\/{rel}","templated":true}]}}