{"id":15644,"date":"2024-04-16T10:19:46","date_gmt":"2024-04-16T10:19:46","guid":{"rendered":"https:\/\/greenum.eu\/?post_type=product&#038;p=15644"},"modified":"2024-06-06T07:31:37","modified_gmt":"2024-06-06T07:31:37","slug":"barojoss-sejas-krems","status":"publish","type":"product","link":"https:\/\/greenum.jp\/lv\/products\/barojoss-sejas-krems\/","title":{"rendered":"CUCUMBER &#038; ALOE VERA"},"content":{"rendered":"","protected":false},"excerpt":{"rendered":"<p>Barojo\u0161s sejas kr\u0113ms ar gur\u0137u ekstraktu un alveju <em>sausai<\/em> sejas \u0101dai.<\/p>\n<p>&nbsp;<\/p>\n<p>Gur\u0137u ekstrakts un alveja mitrina un nomierina sejas \u0101du. \u0160\u012b un kakao sviesti, avokado un saldo mande\u013cu e\u013c\u013cas dzi\u013ci mitrina \u0101du un uzlabo t\u0101s elast\u012bbu, padarot sejas \u0101du z\u012bdaini maigu. \u0100tri uzs\u016bcas \u0101d\u0101 un neats\u0101j taukainu k\u0101rti\u0146u.<\/p>\n<p>&nbsp;<\/p>\n<p>K\u0100 LIETOT: Uzkl\u0101t uz t\u012bras sejas un\/vai kakla \u0101du no r\u012bta un\/vai vakar\u0101.<\/p>\n<p>&nbsp;<\/p>\n<p>Tilpums 50ml.<\/p>\n","protected":false},"featured_media":12746,"template":"","meta":{"inline_featured_image":false},"product_brand":[],"product_cat":[250],"product_tag":[],"class_list":{"0":"post-15644","1":"product","2":"type-product","3":"status-publish","4":"has-post-thumbnail","6":"product_cat-sejas-krems-2","8":"first","9":"instock","10":"shipping-taxable","11":"product-type-simple"},"_links":{"self":[{"href":"https:\/\/greenum.jp\/lv\/wp-json\/wp\/v2\/product\/15644","targetHints":{"allow":["GET"]}}],"collection":[{"href":"https:\/\/greenum.jp\/lv\/wp-json\/wp\/v2\/product"}],"about":[{"href":"https:\/\/greenum.jp\/lv\/wp-json\/wp\/v2\/types\/product"}],"version-history":[{"count":3,"href":"https:\/\/greenum.jp\/lv\/wp-json\/wp\/v2\/product\/15644\/revisions"}],"predecessor-version":[{"id":17848,"href":"https:\/\/greenum.jp\/lv\/wp-json\/wp\/v2\/product\/15644\/revisions\/17848"}],"wp:featuredmedia":[{"embeddable":true,"href":"https:\/\/greenum.jp\/lv\/wp-json\/wp\/v2\/media\/12746"}],"wp:attachment":[{"href":"https:\/\/greenum.jp\/lv\/wp-json\/wp\/v2\/media?parent=15644"}],"wp:term":[{"taxonomy":"product_brand","embeddable":true,"href":"https:\/\/greenum.jp\/lv\/wp-json\/wp\/v2\/product_brand?post=15644"},{"taxonomy":"product_cat","embeddable":true,"href":"https:\/\/greenum.jp\/lv\/wp-json\/wp\/v2\/product_cat?post=15644"},{"taxonomy":"product_tag","embeddable":true,"href":"https:\/\/greenum.jp\/lv\/wp-json\/wp\/v2\/product_tag?post=15644"}],"curies":[{"name":"wp","href":"https:\/\/api.w.org\/{rel}","templated":true}]}}