{"id":15645,"date":"2024-04-16T10:19:46","date_gmt":"2024-04-16T10:19:46","guid":{"rendered":"https:\/\/greenum.eu\/?post_type=product&#038;p=15645"},"modified":"2024-06-06T07:30:37","modified_gmt":"2024-06-06T07:30:37","slug":"mitrinoss-sejas-krems","status":"publish","type":"product","link":"https:\/\/greenum.jp\/lv\/products\/mitrinoss-sejas-krems\/","title":{"rendered":"CALENDULA &#038; ALOE VERA"},"content":{"rendered":"","protected":false},"excerpt":{"rendered":"<p>Mitrino\u0161s sejas kr\u0113ms ar kli\u0146\u0123er\u012b\u0161u ekstraktu un alveju <em>taukainai <\/em>sejas \u0101dai.<\/p>\n<p>&nbsp;<\/p>\n<p>Bag\u0101tin\u0101ts ar \u0161\u012b sviestu. Mitrina \u0101du un uzlabo t\u0101s elast\u012bbu, padarot sejas \u0101du z\u012bdaini maigu. \u0100tri ies\u016bcas \u0101d\u0101 un neatst\u0101j taukainu k\u0101rti\u0146u.<\/p>\n<p>&nbsp;<\/p>\n<p>K\u0100 LIETOT: Uzkl\u0101t uz t\u012bras sejas un\/vai kakla \u0101du no r\u012bta un\/vai vakar\u0101.<\/p>\n<p>&nbsp;<\/p>\n<p>Tilpums 50ml.<\/p>\n","protected":false},"featured_media":12749,"template":"","meta":{"inline_featured_image":false},"product_brand":[],"product_cat":[250],"product_tag":[],"class_list":{"0":"post-15645","1":"product","2":"type-product","3":"status-publish","4":"has-post-thumbnail","6":"product_cat-sejas-krems-2","8":"first","9":"instock","10":"shipping-taxable","11":"product-type-simple"},"_links":{"self":[{"href":"https:\/\/greenum.jp\/lv\/wp-json\/wp\/v2\/product\/15645","targetHints":{"allow":["GET"]}}],"collection":[{"href":"https:\/\/greenum.jp\/lv\/wp-json\/wp\/v2\/product"}],"about":[{"href":"https:\/\/greenum.jp\/lv\/wp-json\/wp\/v2\/types\/product"}],"version-history":[{"count":4,"href":"https:\/\/greenum.jp\/lv\/wp-json\/wp\/v2\/product\/15645\/revisions"}],"predecessor-version":[{"id":17846,"href":"https:\/\/greenum.jp\/lv\/wp-json\/wp\/v2\/product\/15645\/revisions\/17846"}],"wp:featuredmedia":[{"embeddable":true,"href":"https:\/\/greenum.jp\/lv\/wp-json\/wp\/v2\/media\/12749"}],"wp:attachment":[{"href":"https:\/\/greenum.jp\/lv\/wp-json\/wp\/v2\/media?parent=15645"}],"wp:term":[{"taxonomy":"product_brand","embeddable":true,"href":"https:\/\/greenum.jp\/lv\/wp-json\/wp\/v2\/product_brand?post=15645"},{"taxonomy":"product_cat","embeddable":true,"href":"https:\/\/greenum.jp\/lv\/wp-json\/wp\/v2\/product_cat?post=15645"},{"taxonomy":"product_tag","embeddable":true,"href":"https:\/\/greenum.jp\/lv\/wp-json\/wp\/v2\/product_tag?post=15645"}],"curies":[{"name":"wp","href":"https:\/\/api.w.org\/{rel}","templated":true}]}}