{"id":15646,"date":"2024-04-16T10:19:46","date_gmt":"2024-04-16T10:19:46","guid":{"rendered":"https:\/\/greenum.eu\/?post_type=product&#038;p=15646"},"modified":"2024-06-05T08:38:53","modified_gmt":"2024-06-05T08:38:53","slug":"sejas-krems-viriesiem","status":"publish","type":"product","link":"https:\/\/greenum.jp\/lv\/products\/sejas-krems-viriesiem\/","title":{"rendered":"JUNIPER &#038; ALOE VERA"},"content":{"rendered":"","protected":false},"excerpt":{"rendered":"<p><strong>V\u012aRIE\u0160IEM<\/strong><\/p>\n<p>Barojo\u0161s sejas kr\u0113ms\u00a0ar kadi\u0137a ogu ekstraktu un alveju <em>visiem \u0101das tipiem.<\/em><\/p>\n<p>&nbsp;<\/p>\n<p>Kadi\u0137a ogu ekstrakts stimul\u0113 un uzlabo \u0101das tvirtumu, savuk\u0101rt alvejai ir pretiekaisuma un nomierino\u0161a iedarb\u012bba. \u0160\u012b sviests, avokado un mande\u013cu e\u013c\u013cas m\u012bkstina un sniedz optim\u0101lu \u0101das mitrin\u0101\u0161anu. \u0100tri uzs\u016bcas \u0101d\u0101 un neats\u0101j taukainu k\u0101rti\u0146u.<\/p>\n<p>&nbsp;<\/p>\n<p>K\u0100 LIETOT: Uzkl\u0101t uz t\u012bras sejas un\/vai kakla no r\u012bta un\/vai vakar\u0101. Piem\u0113rots ar\u012b p\u0113c sk\u016b\u0161an\u0101s.<\/p>\n<p>&nbsp;<\/p>\n<p>Tilpums 50ml.<\/p>\n","protected":false},"featured_media":12752,"template":"","meta":{"inline_featured_image":false},"product_brand":[],"product_cat":[250],"product_tag":[],"class_list":{"0":"post-15646","1":"product","2":"type-product","3":"status-publish","4":"has-post-thumbnail","6":"product_cat-sejas-krems-2","8":"first","9":"instock","10":"shipping-taxable","11":"product-type-simple"},"_links":{"self":[{"href":"https:\/\/greenum.jp\/lv\/wp-json\/wp\/v2\/product\/15646","targetHints":{"allow":["GET"]}}],"collection":[{"href":"https:\/\/greenum.jp\/lv\/wp-json\/wp\/v2\/product"}],"about":[{"href":"https:\/\/greenum.jp\/lv\/wp-json\/wp\/v2\/types\/product"}],"version-history":[{"count":6,"href":"https:\/\/greenum.jp\/lv\/wp-json\/wp\/v2\/product\/15646\/revisions"}],"predecessor-version":[{"id":17833,"href":"https:\/\/greenum.jp\/lv\/wp-json\/wp\/v2\/product\/15646\/revisions\/17833"}],"wp:featuredmedia":[{"embeddable":true,"href":"https:\/\/greenum.jp\/lv\/wp-json\/wp\/v2\/media\/12752"}],"wp:attachment":[{"href":"https:\/\/greenum.jp\/lv\/wp-json\/wp\/v2\/media?parent=15646"}],"wp:term":[{"taxonomy":"product_brand","embeddable":true,"href":"https:\/\/greenum.jp\/lv\/wp-json\/wp\/v2\/product_brand?post=15646"},{"taxonomy":"product_cat","embeddable":true,"href":"https:\/\/greenum.jp\/lv\/wp-json\/wp\/v2\/product_cat?post=15646"},{"taxonomy":"product_tag","embeddable":true,"href":"https:\/\/greenum.jp\/lv\/wp-json\/wp\/v2\/product_tag?post=15646"}],"curies":[{"name":"wp","href":"https:\/\/api.w.org\/{rel}","templated":true}]}}