{"id":15649,"date":"2024-04-16T10:19:46","date_gmt":"2024-04-16T10:19:46","guid":{"rendered":"https:\/\/greenum.eu\/?post_type=product&#038;p=15649"},"modified":"2024-04-18T07:19:15","modified_gmt":"2024-04-18T07:19:15","slug":"peachy-rose-2","status":"publish","type":"product","link":"https:\/\/greenum.jp\/lv\/products\/peachy-rose-2\/","title":{"rendered":"PEACHY ROSE"},"content":{"rendered":"","protected":false},"excerpt":{"rendered":"<p>Mas\u0101\u017eas e\u013c\u013ca \u0137ermenim ar vieglu ro\u017eu arom\u0101tu.<\/p>\n<p>&nbsp;<\/p>\n<p>V\u012bnogu kauli\u0146u e\u013c\u013ca lieliski ies\u016bcas \u0101d\u0101, nepadarot to taukainu. Ar izteikti m\u012bkstino\u0161\u0101m un \u0101das atjaunojo\u0161\u0101m \u012bpa\u0161\u012bb\u0101m, padarot \u0101du z\u012bdaini maigu, k\u0101 ar\u012b pat\u012bkami aromatiz\u0113tu.<\/p>\n<p>&nbsp;<\/p>\n<p>Nesatur kr\u0101svielas un konservantus.<\/p>\n<p>&nbsp;<\/p>\n<p>K\u0100 LIETOT:\u00a0Nepiecie\u0161amo mas\u0101\u017eas e\u013c\u013cas daudzumu vienm\u0113r\u012bgi uzkl\u0101jiet uz \u0101das un veiciet mas\u0101\u017eu. Var izmantot k\u0101 \u0137erme\u0146a e\u013c\u013cu.<\/p>\n<p>&nbsp;<\/p>\n<p>UZGLAB\u0100\u0160ANA:\u00a0Uzglab\u0101t ori\u0123in\u0101laj\u0101 iepakojum\u0101 saus\u0101 un tum\u0161\u0101 viet\u0101.<\/p>\n<p>&nbsp;<\/p>\n<p>Tilpums: 200 ml.<\/p>\n","protected":false},"featured_media":12759,"template":"","meta":{"inline_featured_image":false},"product_brand":[],"product_cat":[251],"product_tag":[],"class_list":{"0":"post-15649","1":"product","2":"type-product","3":"status-publish","4":"has-post-thumbnail","6":"product_cat-masazas-ellas-2","8":"first","9":"instock","10":"shipping-taxable","11":"product-type-simple"},"_links":{"self":[{"href":"https:\/\/greenum.jp\/lv\/wp-json\/wp\/v2\/product\/15649","targetHints":{"allow":["GET"]}}],"collection":[{"href":"https:\/\/greenum.jp\/lv\/wp-json\/wp\/v2\/product"}],"about":[{"href":"https:\/\/greenum.jp\/lv\/wp-json\/wp\/v2\/types\/product"}],"version-history":[{"count":2,"href":"https:\/\/greenum.jp\/lv\/wp-json\/wp\/v2\/product\/15649\/revisions"}],"predecessor-version":[{"id":16392,"href":"https:\/\/greenum.jp\/lv\/wp-json\/wp\/v2\/product\/15649\/revisions\/16392"}],"wp:featuredmedia":[{"embeddable":true,"href":"https:\/\/greenum.jp\/lv\/wp-json\/wp\/v2\/media\/12759"}],"wp:attachment":[{"href":"https:\/\/greenum.jp\/lv\/wp-json\/wp\/v2\/media?parent=15649"}],"wp:term":[{"taxonomy":"product_brand","embeddable":true,"href":"https:\/\/greenum.jp\/lv\/wp-json\/wp\/v2\/product_brand?post=15649"},{"taxonomy":"product_cat","embeddable":true,"href":"https:\/\/greenum.jp\/lv\/wp-json\/wp\/v2\/product_cat?post=15649"},{"taxonomy":"product_tag","embeddable":true,"href":"https:\/\/greenum.jp\/lv\/wp-json\/wp\/v2\/product_tag?post=15649"}],"curies":[{"name":"wp","href":"https:\/\/api.w.org\/{rel}","templated":true}]}}