{"id":15682,"date":"2024-04-16T10:19:54","date_gmt":"2024-04-16T10:19:54","guid":{"rendered":"https:\/\/greenum.eu\/?post_type=product&#038;p=15682"},"modified":"2024-04-17T12:39:11","modified_gmt":"2024-04-17T12:39:11","slug":"spicy","status":"publish","type":"product","link":"https:\/\/greenum.jp\/lv\/products\/spicy\/","title":{"rendered":"SPICY"},"content":{"rendered":"","protected":false},"excerpt":{"rendered":"<p>Dab\u012bga sojas vaska mas\u0101\u017eas svece \u012bpa\u0161\u0101m saj\u016bt\u0101m un relaks\u0101cijai.<\/p>\n<p>&nbsp;<\/p>\n<p>Bag\u0101tin\u0101ta ar \u0161\u012b sviestu, kas baro \u0101du. Arom\u0101tiz\u0113ta ar bergamotes un rozmar\u012bna \u0113teriskaj\u0101m e\u013c\u013c\u0101m, radot aromterapijas efektu.<\/p>\n<p>&nbsp;<\/p>\n<p>K\u0100 LIETOT: <span lang=\"EN-US\">Aizdedziniet degli un gaidiet, l\u012bdz vasks izk\u016bst nepiecie\u0161am\u0101 daudzum\u0101. Nodz\u0113siet degli, ielejiet vasku rok\u0101s un lietojiet to k\u0101 siltu mas\u0101\u017eas e\u013c\u013cu.<b><\/b><\/span><\/p>\n<p>&nbsp;<\/p>\n<p>BR\u012aDIN\u0100JUMS: Nekad neatst\u0101jiet dego\u0161u sveci bez uzraudz\u012bbas!<\/p>\n<p>&nbsp;<\/p>\n<p>Svars: 100 g.<\/p>\n","protected":false},"featured_media":12765,"template":"","meta":{"inline_featured_image":false},"product_brand":[],"product_cat":[252],"product_tag":[],"class_list":{"0":"post-15682","1":"product","2":"type-product","3":"status-publish","4":"has-post-thumbnail","6":"product_cat-masazas-sveces-2","8":"first","9":"instock","10":"shipping-taxable","11":"product-type-simple"},"_links":{"self":[{"href":"https:\/\/greenum.jp\/lv\/wp-json\/wp\/v2\/product\/15682","targetHints":{"allow":["GET"]}}],"collection":[{"href":"https:\/\/greenum.jp\/lv\/wp-json\/wp\/v2\/product"}],"about":[{"href":"https:\/\/greenum.jp\/lv\/wp-json\/wp\/v2\/types\/product"}],"version-history":[{"count":2,"href":"https:\/\/greenum.jp\/lv\/wp-json\/wp\/v2\/product\/15682\/revisions"}],"predecessor-version":[{"id":16370,"href":"https:\/\/greenum.jp\/lv\/wp-json\/wp\/v2\/product\/15682\/revisions\/16370"}],"wp:featuredmedia":[{"embeddable":true,"href":"https:\/\/greenum.jp\/lv\/wp-json\/wp\/v2\/media\/12765"}],"wp:attachment":[{"href":"https:\/\/greenum.jp\/lv\/wp-json\/wp\/v2\/media?parent=15682"}],"wp:term":[{"taxonomy":"product_brand","embeddable":true,"href":"https:\/\/greenum.jp\/lv\/wp-json\/wp\/v2\/product_brand?post=15682"},{"taxonomy":"product_cat","embeddable":true,"href":"https:\/\/greenum.jp\/lv\/wp-json\/wp\/v2\/product_cat?post=15682"},{"taxonomy":"product_tag","embeddable":true,"href":"https:\/\/greenum.jp\/lv\/wp-json\/wp\/v2\/product_tag?post=15682"}],"curies":[{"name":"wp","href":"https:\/\/api.w.org\/{rel}","templated":true}]}}