{"id":15685,"date":"2024-04-16T10:19:54","date_gmt":"2024-04-16T10:19:54","guid":{"rendered":"https:\/\/greenum.eu\/?post_type=product&#038;p=15685"},"modified":"2024-06-04T08:22:47","modified_gmt":"2024-06-04T08:22:47","slug":"strawberry-4","status":"publish","type":"product","link":"https:\/\/greenum.jp\/lv\/products\/strawberry-4\/","title":{"rendered":"STRAWBERRY"},"content":{"rendered":"","protected":false},"excerpt":{"rendered":"<p>Ziepes ar lufu.<\/p>\n<p>&nbsp;<\/p>\n<p>Nodro\u0161ina mikromas\u0101\u017eu, att\u012bra, mitrina un uzlabo asinsrites procesus.<\/p>\n<p>&nbsp;<\/p>\n<p>Piem\u0113rotas visiem \u0101das tipiem.<\/p>\n<p>&nbsp;<\/p>\n<p>K\u0100 LIETOT:\u00a0Samitriniet ziepes, uzkl\u0101jiet uz \u0101das un ar mas\u0101\u017eas kust\u012bb\u0101m saputojiet, p\u0113c tam r\u016bp\u012bgi noskalojiet ar siltu \u016bdeni.<\/p>\n","protected":false},"featured_media":12771,"template":"","meta":{"inline_featured_image":false},"product_brand":[],"product_cat":[217],"product_tag":[],"class_list":{"0":"post-15685","1":"product","2":"type-product","3":"status-publish","4":"has-post-thumbnail","6":"product_cat-ziepes-ar-lufu","8":"first","9":"instock","10":"shipping-taxable","11":"product-type-simple"},"_links":{"self":[{"href":"https:\/\/greenum.jp\/lv\/wp-json\/wp\/v2\/product\/15685","targetHints":{"allow":["GET"]}}],"collection":[{"href":"https:\/\/greenum.jp\/lv\/wp-json\/wp\/v2\/product"}],"about":[{"href":"https:\/\/greenum.jp\/lv\/wp-json\/wp\/v2\/types\/product"}],"version-history":[{"count":4,"href":"https:\/\/greenum.jp\/lv\/wp-json\/wp\/v2\/product\/15685\/revisions"}],"predecessor-version":[{"id":17801,"href":"https:\/\/greenum.jp\/lv\/wp-json\/wp\/v2\/product\/15685\/revisions\/17801"}],"wp:featuredmedia":[{"embeddable":true,"href":"https:\/\/greenum.jp\/lv\/wp-json\/wp\/v2\/media\/12771"}],"wp:attachment":[{"href":"https:\/\/greenum.jp\/lv\/wp-json\/wp\/v2\/media?parent=15685"}],"wp:term":[{"taxonomy":"product_brand","embeddable":true,"href":"https:\/\/greenum.jp\/lv\/wp-json\/wp\/v2\/product_brand?post=15685"},{"taxonomy":"product_cat","embeddable":true,"href":"https:\/\/greenum.jp\/lv\/wp-json\/wp\/v2\/product_cat?post=15685"},{"taxonomy":"product_tag","embeddable":true,"href":"https:\/\/greenum.jp\/lv\/wp-json\/wp\/v2\/product_tag?post=15685"}],"curies":[{"name":"wp","href":"https:\/\/api.w.org\/{rel}","templated":true}]}}