{"id":15691,"date":"2024-04-16T10:19:55","date_gmt":"2024-04-16T10:19:55","guid":{"rendered":"https:\/\/greenum.eu\/?post_type=product&#038;p=15691"},"modified":"2024-04-16T11:38:13","modified_gmt":"2024-04-16T11:38:13","slug":"red-grape-2","status":"publish","type":"product","link":"https:\/\/greenum.jp\/lv\/products\/red-grape-2\/","title":{"rendered":"RED GRAPE"},"content":{"rendered":"","protected":false},"excerpt":{"rendered":"<p>Viegls barojo\u0161s \u0137erme\u0146a kr\u0113ms ar izteikti mitrino\u0161u iedarb\u012bbu optim\u0101lai \u0101das kop\u0161anai.<\/p>\n<p>&nbsp;<\/p>\n<p>Bag\u0101tin\u0101ts ar alveju, mande\u013cu un avokado e\u013c\u013c\u0101m. Mitrina un padara \u0101du z\u012bdaini maigu. \u0100tri ies\u016bcas \u0101d\u0101 un neatst\u0101j taukainu. Piem\u0113rots visiem \u0101das tipiem.<\/p>\n<p>&nbsp;<\/p>\n<p>K\u0100 LIETOT: Uzkl\u0101jiet uz visa \u0137erme\u0146a no r\u012bta un\/vai vakar\u0101 un iemas\u0113jiet \u0101d\u0101.<\/p>\n<p>&nbsp;<\/p>\n<p>UZGLAB\u0100\u0160ANA: Ori\u0123in\u0101laj\u0101 iepakojum\u0101 saus\u0101 un tum\u0161\u0101 viet\u0101.<\/p>\n<p>&nbsp;<\/p>\n<p>Svars: 200 g.<\/p>\n","protected":false},"featured_media":12785,"template":"","meta":{"inline_featured_image":false},"product_brand":[],"product_cat":[253],"product_tag":[],"class_list":{"0":"post-15691","1":"product","2":"type-product","3":"status-publish","4":"has-post-thumbnail","6":"product_cat-kermena-jogurts-2","8":"first","9":"instock","10":"shipping-taxable","11":"product-type-simple"},"_links":{"self":[{"href":"https:\/\/greenum.jp\/lv\/wp-json\/wp\/v2\/product\/15691","targetHints":{"allow":["GET"]}}],"collection":[{"href":"https:\/\/greenum.jp\/lv\/wp-json\/wp\/v2\/product"}],"about":[{"href":"https:\/\/greenum.jp\/lv\/wp-json\/wp\/v2\/types\/product"}],"version-history":[{"count":1,"href":"https:\/\/greenum.jp\/lv\/wp-json\/wp\/v2\/product\/15691\/revisions"}],"predecessor-version":[{"id":15721,"href":"https:\/\/greenum.jp\/lv\/wp-json\/wp\/v2\/product\/15691\/revisions\/15721"}],"wp:featuredmedia":[{"embeddable":true,"href":"https:\/\/greenum.jp\/lv\/wp-json\/wp\/v2\/media\/12785"}],"wp:attachment":[{"href":"https:\/\/greenum.jp\/lv\/wp-json\/wp\/v2\/media?parent=15691"}],"wp:term":[{"taxonomy":"product_brand","embeddable":true,"href":"https:\/\/greenum.jp\/lv\/wp-json\/wp\/v2\/product_brand?post=15691"},{"taxonomy":"product_cat","embeddable":true,"href":"https:\/\/greenum.jp\/lv\/wp-json\/wp\/v2\/product_cat?post=15691"},{"taxonomy":"product_tag","embeddable":true,"href":"https:\/\/greenum.jp\/lv\/wp-json\/wp\/v2\/product_tag?post=15691"}],"curies":[{"name":"wp","href":"https:\/\/api.w.org\/{rel}","templated":true}]}}