{"id":15695,"date":"2024-04-16T10:19:56","date_gmt":"2024-04-16T10:19:56","guid":{"rendered":"https:\/\/greenum.eu\/?post_type=product&#038;p=15695"},"modified":"2024-06-13T11:02:05","modified_gmt":"2024-06-13T11:02:05","slug":"amor","status":"publish","type":"product","link":"https:\/\/greenum.jp\/lv\/products\/amor\/","title":{"rendered":"AMOR"},"content":{"rendered":"","protected":false},"excerpt":{"rendered":"<p>Dab\u012bgs vannas kr\u0113meris relaks\u0101cijai un \u012bpa\u0161ai \u0101das kop\u0161anai.<\/p>\n<p>&nbsp;<\/p>\n<p>Bag\u0101tin\u0101ts ar augstas kvalit\u0101tes <em>kakao s\u0113klu sviestu, \u0161\u012b sviestu<\/em> un <em>saldo mande\u013cu e\u013c\u013cu. <\/em>Dzi\u013ci mitrina un baro \u0101du, padarot to z\u012bdaini maigu un smar\u017e\u012bgu.<\/p>\n<p>&nbsp;<\/p>\n<p>K\u0100 LIETOT:<\/p>\n<p>Iem\u0113rciet vannas kr\u0113meri silt\u0101 vann\u0101, un tas s\u0101ks viegli putot, \u016bden\u012b izdalot mitrino\u0161o kakao s\u0113klu sviestu, \u0161\u012b sviestu un saldo mande\u013cu e\u013c\u013cu. Baudiet peldi l\u012bdz 20 min\u016bt\u0113m, p\u0113c tam noskalojieties du\u0161\u0101.<\/p>\n<p>Ieteikums p\u0113c lieto\u0161anas: Produkta sast\u0101vs var atst\u0101t nogulsnes, t\u0101p\u0113c p\u0113c lieto\u0161anas ieteicams vannu izskalot.<\/p>\n<p>&nbsp;<\/p>\n","protected":false},"featured_media":12797,"template":"","meta":{"inline_featured_image":false},"product_brand":[],"product_cat":[294],"product_tag":[],"class_list":{"0":"post-15695","1":"product","2":"type-product","3":"status-publish","4":"has-post-thumbnail","6":"product_cat-vannas-krems","8":"first","9":"instock","10":"shipping-taxable","11":"product-type-simple"},"_links":{"self":[{"href":"https:\/\/greenum.jp\/lv\/wp-json\/wp\/v2\/product\/15695","targetHints":{"allow":["GET"]}}],"collection":[{"href":"https:\/\/greenum.jp\/lv\/wp-json\/wp\/v2\/product"}],"about":[{"href":"https:\/\/greenum.jp\/lv\/wp-json\/wp\/v2\/types\/product"}],"version-history":[{"count":3,"href":"https:\/\/greenum.jp\/lv\/wp-json\/wp\/v2\/product\/15695\/revisions"}],"predecessor-version":[{"id":17983,"href":"https:\/\/greenum.jp\/lv\/wp-json\/wp\/v2\/product\/15695\/revisions\/17983"}],"wp:featuredmedia":[{"embeddable":true,"href":"https:\/\/greenum.jp\/lv\/wp-json\/wp\/v2\/media\/12797"}],"wp:attachment":[{"href":"https:\/\/greenum.jp\/lv\/wp-json\/wp\/v2\/media?parent=15695"}],"wp:term":[{"taxonomy":"product_brand","embeddable":true,"href":"https:\/\/greenum.jp\/lv\/wp-json\/wp\/v2\/product_brand?post=15695"},{"taxonomy":"product_cat","embeddable":true,"href":"https:\/\/greenum.jp\/lv\/wp-json\/wp\/v2\/product_cat?post=15695"},{"taxonomy":"product_tag","embeddable":true,"href":"https:\/\/greenum.jp\/lv\/wp-json\/wp\/v2\/product_tag?post=15695"}],"curies":[{"name":"wp","href":"https:\/\/api.w.org\/{rel}","templated":true}]}}