{"id":15708,"date":"2024-04-16T10:19:58","date_gmt":"2024-04-16T10:19:58","guid":{"rendered":"https:\/\/greenum.eu\/?post_type=product&#038;p=15708"},"modified":"2024-05-22T11:46:27","modified_gmt":"2024-05-22T11:46:27","slug":"coffee-cake","status":"publish","type":"product","link":"https:\/\/greenum.jp\/lv\/products\/coffee-cake\/","title":{"rendered":"KAFIJAS K\u016aCI\u0145A"},"content":{"rendered":"","protected":false},"excerpt":{"rendered":"<p>Dizaina ziepes kafijas k\u016bci\u0146as form\u0101.<\/p>\n<p>&nbsp;<\/p>\n<p>NETO +\/- 100g.<\/p>\n<p>&nbsp;<\/p>\n<p><em>* Kr\u0101sa, dizains un smar\u017ea atbilsto\u0161i m\u016bsu klientu v\u0113lm\u0113m un piepras\u012bjumiem.<\/em><\/p>\n<p>&nbsp;<\/p>\n<p>&nbsp;<\/p>\n","protected":false},"featured_media":12834,"template":"","meta":{"inline_featured_image":false},"product_brand":[],"product_cat":[219],"product_tag":[],"class_list":{"0":"post-15708","1":"product","2":"type-product","3":"status-publish","4":"has-post-thumbnail","6":"product_cat-formu-ziepes","8":"first","9":"instock","10":"shipping-taxable","11":"product-type-simple"},"_links":{"self":[{"href":"https:\/\/greenum.jp\/lv\/wp-json\/wp\/v2\/product\/15708","targetHints":{"allow":["GET"]}}],"collection":[{"href":"https:\/\/greenum.jp\/lv\/wp-json\/wp\/v2\/product"}],"about":[{"href":"https:\/\/greenum.jp\/lv\/wp-json\/wp\/v2\/types\/product"}],"version-history":[{"count":3,"href":"https:\/\/greenum.jp\/lv\/wp-json\/wp\/v2\/product\/15708\/revisions"}],"predecessor-version":[{"id":17614,"href":"https:\/\/greenum.jp\/lv\/wp-json\/wp\/v2\/product\/15708\/revisions\/17614"}],"wp:featuredmedia":[{"embeddable":true,"href":"https:\/\/greenum.jp\/lv\/wp-json\/wp\/v2\/media\/12834"}],"wp:attachment":[{"href":"https:\/\/greenum.jp\/lv\/wp-json\/wp\/v2\/media?parent=15708"}],"wp:term":[{"taxonomy":"product_brand","embeddable":true,"href":"https:\/\/greenum.jp\/lv\/wp-json\/wp\/v2\/product_brand?post=15708"},{"taxonomy":"product_cat","embeddable":true,"href":"https:\/\/greenum.jp\/lv\/wp-json\/wp\/v2\/product_cat?post=15708"},{"taxonomy":"product_tag","embeddable":true,"href":"https:\/\/greenum.jp\/lv\/wp-json\/wp\/v2\/product_tag?post=15708"}],"curies":[{"name":"wp","href":"https:\/\/api.w.org\/{rel}","templated":true}]}}