{"id":15711,"date":"2024-04-16T10:19:58","date_gmt":"2024-04-16T10:19:58","guid":{"rendered":"https:\/\/greenum.eu\/?post_type=product&#038;p=15711"},"modified":"2024-05-22T12:21:42","modified_gmt":"2024-05-22T12:21:42","slug":"cube-with-flowers","status":"publish","type":"product","link":"https:\/\/greenum.jp\/lv\/products\/cube-with-flowers\/","title":{"rendered":"KUBS AR ZIEDIEM"},"content":{"rendered":"","protected":false},"excerpt":{"rendered":"<p>Dizaina ziepe &#8211; kubs ar ziediem.<\/p>\n<p>&nbsp;<\/p>\n<p>NETO +\/- 150g.<\/p>\n<p>&nbsp;<\/p>\n<p><em>* Kr\u0101sa, dizains un smar\u017ea atbilsto\u0161i m\u016bsu klientu v\u0113lm\u0113m un piepras\u012bjumiem.<\/em><\/p>\n<p>&nbsp;<\/p>\n<p>&nbsp;<\/p>\n","protected":false},"featured_media":12840,"template":"","meta":{"inline_featured_image":false},"product_brand":[],"product_cat":[219],"product_tag":[],"class_list":{"0":"post-15711","1":"product","2":"type-product","3":"status-publish","4":"has-post-thumbnail","6":"product_cat-formu-ziepes","8":"first","9":"instock","10":"shipping-taxable","11":"product-type-simple"},"_links":{"self":[{"href":"https:\/\/greenum.jp\/lv\/wp-json\/wp\/v2\/product\/15711","targetHints":{"allow":["GET"]}}],"collection":[{"href":"https:\/\/greenum.jp\/lv\/wp-json\/wp\/v2\/product"}],"about":[{"href":"https:\/\/greenum.jp\/lv\/wp-json\/wp\/v2\/types\/product"}],"version-history":[{"count":4,"href":"https:\/\/greenum.jp\/lv\/wp-json\/wp\/v2\/product\/15711\/revisions"}],"predecessor-version":[{"id":17636,"href":"https:\/\/greenum.jp\/lv\/wp-json\/wp\/v2\/product\/15711\/revisions\/17636"}],"wp:featuredmedia":[{"embeddable":true,"href":"https:\/\/greenum.jp\/lv\/wp-json\/wp\/v2\/media\/12840"}],"wp:attachment":[{"href":"https:\/\/greenum.jp\/lv\/wp-json\/wp\/v2\/media?parent=15711"}],"wp:term":[{"taxonomy":"product_brand","embeddable":true,"href":"https:\/\/greenum.jp\/lv\/wp-json\/wp\/v2\/product_brand?post=15711"},{"taxonomy":"product_cat","embeddable":true,"href":"https:\/\/greenum.jp\/lv\/wp-json\/wp\/v2\/product_cat?post=15711"},{"taxonomy":"product_tag","embeddable":true,"href":"https:\/\/greenum.jp\/lv\/wp-json\/wp\/v2\/product_tag?post=15711"}],"curies":[{"name":"wp","href":"https:\/\/api.w.org\/{rel}","templated":true}]}}