{"id":15884,"date":"2024-04-16T10:20:31","date_gmt":"2024-04-16T10:20:31","guid":{"rendered":"https:\/\/greenum.eu\/?post_type=product&#038;p=15884"},"modified":"2024-05-21T09:17:08","modified_gmt":"2024-05-21T09:17:08","slug":"lavender-flowers","status":"publish","type":"product","link":"https:\/\/greenum.jp\/lv\/products\/lavender-flowers\/","title":{"rendered":"LAVENDER FLOWERS"},"content":{"rendered":"","protected":false},"excerpt":{"rendered":"<p>Maigi att\u012bro\u0161as un dzi\u013ci mitrino\u0161as glicer\u012bna ziepes ar unik\u0101lu dizainu un atsvaidzino\u0161u arom\u0101tu.<\/p>\n<p>&nbsp;<\/p>\n<p>100% roku darbs.<\/p>\n<p>&nbsp;<\/p>\n<p>K\u0100 LIETOT: Iemas\u0113jiet ziepes starp rok\u0101m vai uz \u0137erme\u0146a, saputojiet, p\u0113c tam noskalojiet ar \u016bdeni, lai \u0101da b\u016btu t\u012bra.<\/p>\n<p>&nbsp;<\/p>\n<p>UZGLAB\u0100\u0160ANA: Uzglab\u0101t istabas temperat\u016br\u0101, pasarg\u0101jot no tie\u0161iem saules stariem. Izvair\u012bties no saskares ar ac\u012bm. Tikai \u0101r\u0113jai lieto\u0161anai. Glab\u0101t b\u0113rniem nepieejam\u0101 viet\u0101.<\/p>\n<p>&nbsp;<\/p>\n<p>Svars: 100 g.<\/p>\n","protected":false},"featured_media":13006,"template":"","meta":{"inline_featured_image":false},"product_brand":[],"product_cat":[216],"product_tag":[],"class_list":{"0":"post-15884","1":"product","2":"type-product","3":"status-publish","4":"has-post-thumbnail","6":"product_cat-ziepes","8":"first","9":"instock","10":"shipping-taxable","11":"product-type-simple"},"_links":{"self":[{"href":"https:\/\/greenum.jp\/lv\/wp-json\/wp\/v2\/product\/15884","targetHints":{"allow":["GET"]}}],"collection":[{"href":"https:\/\/greenum.jp\/lv\/wp-json\/wp\/v2\/product"}],"about":[{"href":"https:\/\/greenum.jp\/lv\/wp-json\/wp\/v2\/types\/product"}],"version-history":[{"count":4,"href":"https:\/\/greenum.jp\/lv\/wp-json\/wp\/v2\/product\/15884\/revisions"}],"predecessor-version":[{"id":17430,"href":"https:\/\/greenum.jp\/lv\/wp-json\/wp\/v2\/product\/15884\/revisions\/17430"}],"wp:featuredmedia":[{"embeddable":true,"href":"https:\/\/greenum.jp\/lv\/wp-json\/wp\/v2\/media\/13006"}],"wp:attachment":[{"href":"https:\/\/greenum.jp\/lv\/wp-json\/wp\/v2\/media?parent=15884"}],"wp:term":[{"taxonomy":"product_brand","embeddable":true,"href":"https:\/\/greenum.jp\/lv\/wp-json\/wp\/v2\/product_brand?post=15884"},{"taxonomy":"product_cat","embeddable":true,"href":"https:\/\/greenum.jp\/lv\/wp-json\/wp\/v2\/product_cat?post=15884"},{"taxonomy":"product_tag","embeddable":true,"href":"https:\/\/greenum.jp\/lv\/wp-json\/wp\/v2\/product_tag?post=15884"}],"curies":[{"name":"wp","href":"https:\/\/api.w.org\/{rel}","templated":true}]}}