{"id":15922,"date":"2024-04-16T10:20:39","date_gmt":"2024-04-16T10:20:39","guid":{"rendered":"https:\/\/greenum.eu\/?post_type=product&#038;p=15922"},"modified":"2024-05-23T12:00:14","modified_gmt":"2024-05-23T12:00:14","slug":"peachy-rose-3","status":"publish","type":"product","link":"https:\/\/greenum.jp\/lv\/products\/peachy-rose-3\/","title":{"rendered":"PEACHY ROSE"},"content":{"rendered":"","protected":false},"excerpt":{"rendered":"<p>Vannas piens ar maigu ro\u017eu arom\u0101tu. Maigi kopj, m\u012bkstina un nomierina \u0101du vanno\u0161an\u0101s laik\u0101. Satur govs piena pulveri.<\/p>\n<p>&nbsp;<\/p>\n<p>K\u0100 LIETOT: Vannai \u016bden\u012b pievienot vismaz 100 g vannas piena. Ieteicam\u0101 \u016bdens temperat\u016bra ir 36-39 \u00b0C.<\/p>\n<p>&nbsp;<\/p>\n<p>UZGLAB\u0100\u0160ANA: Uzglab\u0101t istabas temperat\u016br\u0101, pasarg\u0101t no tie\u0161iem saules stariem. Izvair\u012bties no saskares ar ac\u012bm. Tikai \u0101r\u0113jai lieto\u0161anai. Glab\u0101t b\u0113rniem nepieejam\u0101 viet\u0101.<\/p>\n<p>&nbsp;<\/p>\n<p>Svars: 300 g.<\/p>\n<p>&nbsp;<\/p>\n<p>&nbsp;<\/p>\n","protected":false},"featured_media":13026,"template":"","meta":{"inline_featured_image":false},"product_brand":[],"product_cat":[221],"product_tag":[],"class_list":{"0":"post-15922","1":"product","2":"type-product","3":"status-publish","4":"has-post-thumbnail","6":"product_cat-vannas-piens","8":"first","9":"instock","10":"shipping-taxable","11":"product-type-simple"},"_links":{"self":[{"href":"https:\/\/greenum.jp\/lv\/wp-json\/wp\/v2\/product\/15922","targetHints":{"allow":["GET"]}}],"collection":[{"href":"https:\/\/greenum.jp\/lv\/wp-json\/wp\/v2\/product"}],"about":[{"href":"https:\/\/greenum.jp\/lv\/wp-json\/wp\/v2\/types\/product"}],"version-history":[{"count":2,"href":"https:\/\/greenum.jp\/lv\/wp-json\/wp\/v2\/product\/15922\/revisions"}],"predecessor-version":[{"id":17690,"href":"https:\/\/greenum.jp\/lv\/wp-json\/wp\/v2\/product\/15922\/revisions\/17690"}],"wp:featuredmedia":[{"embeddable":true,"href":"https:\/\/greenum.jp\/lv\/wp-json\/wp\/v2\/media\/13026"}],"wp:attachment":[{"href":"https:\/\/greenum.jp\/lv\/wp-json\/wp\/v2\/media?parent=15922"}],"wp:term":[{"taxonomy":"product_brand","embeddable":true,"href":"https:\/\/greenum.jp\/lv\/wp-json\/wp\/v2\/product_brand?post=15922"},{"taxonomy":"product_cat","embeddable":true,"href":"https:\/\/greenum.jp\/lv\/wp-json\/wp\/v2\/product_cat?post=15922"},{"taxonomy":"product_tag","embeddable":true,"href":"https:\/\/greenum.jp\/lv\/wp-json\/wp\/v2\/product_tag?post=15922"}],"curies":[{"name":"wp","href":"https:\/\/api.w.org\/{rel}","templated":true}]}}