{"id":15932,"date":"2024-04-16T10:20:40","date_gmt":"2024-04-16T10:20:40","guid":{"rendered":"https:\/\/greenum.eu\/?post_type=product&#038;p=15932"},"modified":"2024-04-16T10:53:23","modified_gmt":"2024-04-16T10:53:23","slug":"pink-touch-4","status":"publish","type":"product","link":"https:\/\/greenum.jp\/lv\/products\/pink-touch-4\/","title":{"rendered":"PINK TOUCH"},"content":{"rendered":"","protected":false},"excerpt":{"rendered":"<p>Viegli aromatiz\u0113ts \u0161\u012b un kakao sviesta b\u0101zes \u0137erme\u0146a sviests ar jutekliski maigu arom\u0101tu. Barojo\u0161s un ar dziedino\u0161\u0101m \u012bpa\u0161\u012bb\u0101m, kas piem\u0113rots raupjas un sausas \u0101das kop\u0161anai, saglab\u0101jot \u0101du maigu un z\u012bdaini gludu. Produkts piem\u0113rots ikdienas lieto\u0161anai p\u0113c vannas vai du\u0161as, p\u0113c skrubja lieto\u0161anas, k\u0101 ar\u012b \u0137erme\u0146a mas\u0101\u017eai.\u00a0Nesatur kr\u0101svielas.<\/p>\n<p>&nbsp;<\/p>\n<p>K\u0100 LIETOT: Pirms lieto\u0161anas nelielu daudzumu sviesta paturiet plaukst\u0101s, lai m\u012bkstin\u0101tu, p\u0113c tam iemas\u0113jiet to \u0101d\u0101. Nav nepiecie\u0161ams noskalot.<\/p>\n<p>&nbsp;<\/p>\n<p>Svars: 180 g.<\/p>\n<p>&nbsp;<\/p>\n","protected":false},"featured_media":13056,"template":"","meta":{"inline_featured_image":false},"product_brand":[],"product_cat":[230],"product_tag":[],"class_list":{"0":"post-15932","1":"product","2":"type-product","3":"status-publish","4":"has-post-thumbnail","6":"product_cat-kermena-sviests","8":"first","9":"instock","10":"shipping-taxable","11":"product-type-simple"},"_links":{"self":[{"href":"https:\/\/greenum.jp\/lv\/wp-json\/wp\/v2\/product\/15932","targetHints":{"allow":["GET"]}}],"collection":[{"href":"https:\/\/greenum.jp\/lv\/wp-json\/wp\/v2\/product"}],"about":[{"href":"https:\/\/greenum.jp\/lv\/wp-json\/wp\/v2\/types\/product"}],"version-history":[{"count":1,"href":"https:\/\/greenum.jp\/lv\/wp-json\/wp\/v2\/product\/15932\/revisions"}],"predecessor-version":[{"id":15962,"href":"https:\/\/greenum.jp\/lv\/wp-json\/wp\/v2\/product\/15932\/revisions\/15962"}],"wp:featuredmedia":[{"embeddable":true,"href":"https:\/\/greenum.jp\/lv\/wp-json\/wp\/v2\/media\/13056"}],"wp:attachment":[{"href":"https:\/\/greenum.jp\/lv\/wp-json\/wp\/v2\/media?parent=15932"}],"wp:term":[{"taxonomy":"product_brand","embeddable":true,"href":"https:\/\/greenum.jp\/lv\/wp-json\/wp\/v2\/product_brand?post=15932"},{"taxonomy":"product_cat","embeddable":true,"href":"https:\/\/greenum.jp\/lv\/wp-json\/wp\/v2\/product_cat?post=15932"},{"taxonomy":"product_tag","embeddable":true,"href":"https:\/\/greenum.jp\/lv\/wp-json\/wp\/v2\/product_tag?post=15932"}],"curies":[{"name":"wp","href":"https:\/\/api.w.org\/{rel}","templated":true}]}}