{"id":15933,"date":"2024-04-16T10:20:40","date_gmt":"2024-04-16T10:20:40","guid":{"rendered":"https:\/\/greenum.eu\/?post_type=product&#038;p=15933"},"modified":"2024-04-16T10:53:27","modified_gmt":"2024-04-16T10:53:27","slug":"strawberry-7","status":"publish","type":"product","link":"https:\/\/greenum.jp\/lv\/products\/strawberry-7\/","title":{"rendered":"STRAWBERRY"},"content":{"rendered":"","protected":false},"excerpt":{"rendered":"<p>Viegli aromatiz\u0113ts \u0161\u012b un kakao sviesta b\u0101zes \u0137erme\u0146a sviests ar atsvaidzino\u0161u zeme\u0146u arom\u0101tu.<\/p>\n<p>Ar barojo\u0161\u0101m un dziedino\u0161\u0101m \u012bpa\u0161\u012bb\u0101m, piem\u0113rots raupjas un sausas \u0101das kop\u0161anai, saglab\u0101jot \u0101du m\u012bkstu un z\u012bdaini gludu. Produkts piem\u0113rots ikdienas lieto\u0161anai p\u0113c vannas vai du\u0161as, p\u0113c skrubja uzkl\u0101\u0161anas, k\u0101 ar\u012b \u0137erme\u0146a mas\u0101\u017eai. Nesatur kr\u0101svielas.<\/p>\n<p>&nbsp;<\/p>\n<p>K\u0100 LIETOT: Pirms lieto\u0161anas nelielu daudzumu sviesta paturiet plaukst\u0101s, lai m\u012bkstin\u0101tu, p\u0113c tam iemas\u0113jiet to \u0101d\u0101. Nav nepiecie\u0161ams noskalot.<\/p>\n<p>&nbsp;<\/p>\n<p>Svars: 180 g.<\/p>\n<p>&nbsp;<\/p>\n","protected":false},"featured_media":13059,"template":"","meta":{"inline_featured_image":false},"product_brand":[],"product_cat":[230],"product_tag":[],"class_list":{"0":"post-15933","1":"product","2":"type-product","3":"status-publish","4":"has-post-thumbnail","6":"product_cat-kermena-sviests","8":"first","9":"instock","10":"shipping-taxable","11":"product-type-simple"},"_links":{"self":[{"href":"https:\/\/greenum.jp\/lv\/wp-json\/wp\/v2\/product\/15933","targetHints":{"allow":["GET"]}}],"collection":[{"href":"https:\/\/greenum.jp\/lv\/wp-json\/wp\/v2\/product"}],"about":[{"href":"https:\/\/greenum.jp\/lv\/wp-json\/wp\/v2\/types\/product"}],"version-history":[{"count":1,"href":"https:\/\/greenum.jp\/lv\/wp-json\/wp\/v2\/product\/15933\/revisions"}],"predecessor-version":[{"id":15963,"href":"https:\/\/greenum.jp\/lv\/wp-json\/wp\/v2\/product\/15933\/revisions\/15963"}],"wp:featuredmedia":[{"embeddable":true,"href":"https:\/\/greenum.jp\/lv\/wp-json\/wp\/v2\/media\/13059"}],"wp:attachment":[{"href":"https:\/\/greenum.jp\/lv\/wp-json\/wp\/v2\/media?parent=15933"}],"wp:term":[{"taxonomy":"product_brand","embeddable":true,"href":"https:\/\/greenum.jp\/lv\/wp-json\/wp\/v2\/product_brand?post=15933"},{"taxonomy":"product_cat","embeddable":true,"href":"https:\/\/greenum.jp\/lv\/wp-json\/wp\/v2\/product_cat?post=15933"},{"taxonomy":"product_tag","embeddable":true,"href":"https:\/\/greenum.jp\/lv\/wp-json\/wp\/v2\/product_tag?post=15933"}],"curies":[{"name":"wp","href":"https:\/\/api.w.org\/{rel}","templated":true}]}}