{"id":15939,"date":"2024-04-16T10:20:41","date_gmt":"2024-04-16T10:20:41","guid":{"rendered":"https:\/\/greenum.eu\/?post_type=product&#038;p=15939"},"modified":"2024-09-02T07:25:48","modified_gmt":"2024-09-02T07:25:48","slug":"strawberry-8","status":"publish","type":"product","link":"https:\/\/greenum.jp\/lv\/products\/strawberry-8\/","title":{"rendered":"STRAWBERRY"},"content":{"rendered":"","protected":false},"excerpt":{"rendered":"<p>\u0136erme\u0146a cukura skrubis ar saldo mande\u013cu e\u013c\u013cu un alveju.<\/p>\n<p>&nbsp;<\/p>\n<p>Efekt\u012bvi att\u012bra un stimul\u0113 \u0101du. No\u0146em atmiru\u0161\u0101s \u0101das \u0161\u016bnas, padarot \u0101du atjaunotu, mitrin\u0101tu un mirdzo\u0161u. \u0100da k\u013c\u016bst dzi\u013ci mitrin\u0101ta un z\u012bdaini maiga.<\/p>\n<p>&nbsp;<\/p>\n<p>K\u0100 LIETOT: Uzkl\u0101jiet skrubi ar pirkstu galiem uz mitras \u0101das, mas\u0113jiet to ar ap\u013cveida kust\u012bb\u0101m, p\u0113c tam noskalojiet ar \u016bdeni. Ieteicams lietot 1-2 reizes ned\u0113\u013c\u0101. Ieteicams lietot ar\u012b saun\u0101.<\/p>\n<p>&nbsp;<\/p>\n<p>UZMAN\u012aBU: tikai \u0101r\u0113jai lieto\u0161anai. Nenor\u012bt. Izvair\u012bties no saskares ar ac\u012bm. P\u0101rtraukt lieto\u0161anu, ja par\u0101d\u0101s iekaisuma paz\u012bmes, un konsult\u0113ties ar \u0101rstu. Nelietot uz iekaisu\u0161as vai boj\u0101tas \u0101das.<\/p>\n<p>&nbsp;<\/p>\n<p>UZGLAB\u0100\u0160ANA: Uzglab\u0101t ori\u0123in\u0101laj\u0101 iepakojum\u0101 saus\u0101 un tum\u0161\u0101 viet\u0101.<\/p>\n<p>&nbsp;<\/p>\n<p>Svars: 300 g.<\/p>\n","protected":false},"featured_media":13077,"template":"","meta":{"inline_featured_image":false},"product_brand":[],"product_cat":[237],"product_tag":[],"class_list":{"0":"post-15939","1":"product","2":"type-product","3":"status-publish","4":"has-post-thumbnail","6":"product_cat-kermena-cukura-skrubis","8":"first","9":"instock","10":"shipping-taxable","11":"product-type-simple"},"_links":{"self":[{"href":"https:\/\/greenum.jp\/lv\/wp-json\/wp\/v2\/product\/15939","targetHints":{"allow":["GET"]}}],"collection":[{"href":"https:\/\/greenum.jp\/lv\/wp-json\/wp\/v2\/product"}],"about":[{"href":"https:\/\/greenum.jp\/lv\/wp-json\/wp\/v2\/types\/product"}],"version-history":[{"count":2,"href":"https:\/\/greenum.jp\/lv\/wp-json\/wp\/v2\/product\/15939\/revisions"}],"predecessor-version":[{"id":18015,"href":"https:\/\/greenum.jp\/lv\/wp-json\/wp\/v2\/product\/15939\/revisions\/18015"}],"wp:featuredmedia":[{"embeddable":true,"href":"https:\/\/greenum.jp\/lv\/wp-json\/wp\/v2\/media\/13077"}],"wp:attachment":[{"href":"https:\/\/greenum.jp\/lv\/wp-json\/wp\/v2\/media?parent=15939"}],"wp:term":[{"taxonomy":"product_brand","embeddable":true,"href":"https:\/\/greenum.jp\/lv\/wp-json\/wp\/v2\/product_brand?post=15939"},{"taxonomy":"product_cat","embeddable":true,"href":"https:\/\/greenum.jp\/lv\/wp-json\/wp\/v2\/product_cat?post=15939"},{"taxonomy":"product_tag","embeddable":true,"href":"https:\/\/greenum.jp\/lv\/wp-json\/wp\/v2\/product_tag?post=15939"}],"curies":[{"name":"wp","href":"https:\/\/api.w.org\/{rel}","templated":true}]}}