{"id":15946,"date":"2024-04-16T10:20:42","date_gmt":"2024-04-16T10:20:42","guid":{"rendered":"https:\/\/greenum.eu\/?post_type=product&#038;p=15946"},"modified":"2024-04-16T11:04:13","modified_gmt":"2024-04-16T11:04:13","slug":"peachy-rose-5","status":"publish","type":"product","link":"https:\/\/greenum.jp\/lv\/products\/peachy-rose-5\/","title":{"rendered":"PEACHY ROSE"},"content":{"rendered":"","protected":false},"excerpt":{"rendered":"<p>\u0136erme\u0146a s\u0101ls skrubis ar saldo mande\u013cu e\u013c\u013cu un alveju.<\/p>\n<p>&nbsp;<\/p>\n<p>Efekt\u012bvi att\u012bra un stimul\u0113 \u0101du. Maigi no\u0146em atmiru\u0161\u0101s \u0101das \u0161\u016bnas, padarot \u0101du atjaunotu un mirdzo\u0161u. \u0100da k\u013c\u016bst dzi\u013ci mitrin\u0101ta un z\u012bdaini maiga.<\/p>\n<p>&nbsp;<\/p>\n<p>K\u0100 LIETOT: Uzkl\u0101jiet skrubi ar pirkstu galiem uz mitras \u0101das, mas\u0113jiet to ar ap\u013cveida kust\u012bb\u0101m, p\u0113c tam noskalojiet ar \u016bdeni. Ieteicams lietot 1-2 reizes ned\u0113\u013c\u0101. Ieteicams lietot ar\u012b saun\u0101.<\/p>\n<p>&nbsp;<\/p>\n<p>UZMAN\u012aBU: Tikai \u0101r\u0113jai lieto\u0161anai. Nenor\u012bt. Izvair\u012bties no saskares ar ac\u012bm. P\u0101rtraukt lieto\u0161anu, ja par\u0101d\u0101s iekaisuma paz\u012bmes, un konsult\u0113ties ar \u0101rstu. Nelietot uz iekaisu\u0161as vai boj\u0101tas \u0101das.<\/p>\n<p>&nbsp;<\/p>\n<p>UZGLAB\u0100\u0160ANA: Uzglab\u0101t ori\u0123in\u0101laj\u0101 iepakojum\u0101 saus\u0101 un tum\u0161\u0101 viet\u0101.<\/p>\n<p>&nbsp;<\/p>\n<p>Svars: 320 g.<\/p>\n","protected":false},"featured_media":13098,"template":"","meta":{"inline_featured_image":false},"product_brand":[],"product_cat":[238],"product_tag":[],"class_list":{"0":"post-15946","1":"product","2":"type-product","3":"status-publish","4":"has-post-thumbnail","6":"product_cat-kermena-sals-skrubis","8":"first","9":"instock","10":"shipping-taxable","11":"product-type-simple"},"_links":{"self":[{"href":"https:\/\/greenum.jp\/lv\/wp-json\/wp\/v2\/product\/15946","targetHints":{"allow":["GET"]}}],"collection":[{"href":"https:\/\/greenum.jp\/lv\/wp-json\/wp\/v2\/product"}],"about":[{"href":"https:\/\/greenum.jp\/lv\/wp-json\/wp\/v2\/types\/product"}],"version-history":[{"count":1,"href":"https:\/\/greenum.jp\/lv\/wp-json\/wp\/v2\/product\/15946\/revisions"}],"predecessor-version":[{"id":15976,"href":"https:\/\/greenum.jp\/lv\/wp-json\/wp\/v2\/product\/15946\/revisions\/15976"}],"wp:featuredmedia":[{"embeddable":true,"href":"https:\/\/greenum.jp\/lv\/wp-json\/wp\/v2\/media\/13098"}],"wp:attachment":[{"href":"https:\/\/greenum.jp\/lv\/wp-json\/wp\/v2\/media?parent=15946"}],"wp:term":[{"taxonomy":"product_brand","embeddable":true,"href":"https:\/\/greenum.jp\/lv\/wp-json\/wp\/v2\/product_brand?post=15946"},{"taxonomy":"product_cat","embeddable":true,"href":"https:\/\/greenum.jp\/lv\/wp-json\/wp\/v2\/product_cat?post=15946"},{"taxonomy":"product_tag","embeddable":true,"href":"https:\/\/greenum.jp\/lv\/wp-json\/wp\/v2\/product_tag?post=15946"}],"curies":[{"name":"wp","href":"https:\/\/api.w.org\/{rel}","templated":true}]}}