{"id":16177,"date":"2024-04-16T10:21:36","date_gmt":"2024-04-16T10:21:36","guid":{"rendered":"https:\/\/greenum.eu\/?post_type=product&#038;p=16177"},"modified":"2024-04-16T10:55:22","modified_gmt":"2024-04-16T10:55:22","slug":"pirate-lady","status":"publish","type":"product","link":"https:\/\/greenum.jp\/lv\/products\/pirate-lady\/","title":{"rendered":"PIRATE LADY"},"content":{"rendered":"\t\t<div data-elementor-type=\"product-post\" data-elementor-id=\"16177\" class=\"elementor elementor-16177\" data-elementor-post-type=\"product\">\n\t\t\t\t<div class=\"elementor-element elementor-element-7fe834e e-flex e-con-boxed e-con e-parent\" data-id=\"7fe834e\" data-element_type=\"container\">\n\t\t\t\t\t<div class=\"e-con-inner\">\n\t\t\t\t<div class=\"elementor-element elementor-element-b6dba8e elementor-widget elementor-widget-text-editor\" data-id=\"b6dba8e\" data-element_type=\"widget\" data-widget_type=\"text-editor.default\">\n\t\t\t\t<div class=\"elementor-widget-container\">\n\t\t\t\t\t\t\t\t\t<p>Aromatiz\u0113ts \u0137erme\u0146a sprejs ar mitrino\u0161u iedarb\u012bbu. Viegli un maigi aromatiz\u0113 \u0101du un \u013cauj arom\u0101tam notur\u0113ties vair\u0101kas stundas. Var atk\u0101rtoti uzsmidzin\u0101t uz \u0101das visas dienas garum\u0101 p\u0113c v\u0113l\u0113\u0161an\u0101s un vajadz\u012bbas.\t\t\t\t\t\t\t\t<\/div>\n\t\t\t\t<\/div>\n\t\t\t\t\t<\/div>\n\t\t\t\t<\/div>\n\t\t\t\t<\/div>\n\t\t","protected":false},"excerpt":{"rendered":"<p>Aromatiz\u0113ts \u0137erme\u0146a sprejs ar mitrino\u0161u efektu.<\/p>\n<p>Atsvaidzina un viegli aromatiz\u0113 \u0101du, \u013caujot arom\u0101tam notur\u0113ties vair\u0101ku stundu garum\u0101.<\/p>\n<p>&nbsp;<\/p>\n<p><strong>AROM\u0100TA KOMPOZ\u012aCIJA:\u00a0<\/strong>BERGAMOTE, MANDAR\u012aNS, UPENES, ROZ\u0100 PIPARI, ANAN\u0100SS, MELONE, ROZE, MAGNOLIJA, JASM\u012aNS, \u012aLANG\u012aLANGS, TUBEROZE, BUMBIERS, L\u012a\u010cIJA, VET\u012aVERS, CIEDRS, PA\u010c\u016aLIJA, BALTAIS MUSKUSS.<\/p>\n<p>&nbsp;<\/p>\n<p>K\u0100 LIETOT: Uzsmidzin\u0101t uz \u0101das no 15 \u2013 20 cm liela att\u0101luma visas dienas garum\u0101.<\/p>\n<p>&nbsp;<\/p>\n<p>BR\u012aDIN\u0100JUMS: Izvairieties no iek\u013c\u016b\u0161anas ac\u012bs. Uzglab\u0101t b\u0113rniem nepieejam\u0101 viet\u0101. Aler\u0123ijas gad\u012bjum\u0101 p\u0101rtraukt lieto\u0161anu.<\/p>\n<p>&nbsp;<\/p>\n<p>Tilpums: 150 ml.<\/p>\n<p>&nbsp;<\/p>\n","protected":false},"featured_media":13443,"template":"","meta":{"inline_featured_image":false},"product_brand":[],"product_cat":[248],"product_tag":[],"class_list":{"0":"post-16177","1":"product","2":"type-product","3":"status-publish","4":"has-post-thumbnail","6":"product_cat-ziedudeni-2","8":"first","9":"instock","10":"shipping-taxable","11":"product-type-simple"},"_links":{"self":[{"href":"https:\/\/greenum.jp\/lv\/wp-json\/wp\/v2\/product\/16177","targetHints":{"allow":["GET"]}}],"collection":[{"href":"https:\/\/greenum.jp\/lv\/wp-json\/wp\/v2\/product"}],"about":[{"href":"https:\/\/greenum.jp\/lv\/wp-json\/wp\/v2\/types\/product"}],"version-history":[{"count":1,"href":"https:\/\/greenum.jp\/lv\/wp-json\/wp\/v2\/product\/16177\/revisions"}],"predecessor-version":[{"id":16207,"href":"https:\/\/greenum.jp\/lv\/wp-json\/wp\/v2\/product\/16177\/revisions\/16207"}],"wp:featuredmedia":[{"embeddable":true,"href":"https:\/\/greenum.jp\/lv\/wp-json\/wp\/v2\/media\/13443"}],"wp:attachment":[{"href":"https:\/\/greenum.jp\/lv\/wp-json\/wp\/v2\/media?parent=16177"}],"wp:term":[{"taxonomy":"product_brand","embeddable":true,"href":"https:\/\/greenum.jp\/lv\/wp-json\/wp\/v2\/product_brand?post=16177"},{"taxonomy":"product_cat","embeddable":true,"href":"https:\/\/greenum.jp\/lv\/wp-json\/wp\/v2\/product_cat?post=16177"},{"taxonomy":"product_tag","embeddable":true,"href":"https:\/\/greenum.jp\/lv\/wp-json\/wp\/v2\/product_tag?post=16177"}],"curies":[{"name":"wp","href":"https:\/\/api.w.org\/{rel}","templated":true}]}}