{"id":16178,"date":"2024-04-16T10:21:36","date_gmt":"2024-04-16T10:21:36","guid":{"rendered":"https:\/\/greenum.eu\/?post_type=product&#038;p=16178"},"modified":"2024-04-16T10:55:28","modified_gmt":"2024-04-16T10:55:28","slug":"pink-fantasy","status":"publish","type":"product","link":"https:\/\/greenum.jp\/lv\/products\/pink-fantasy\/","title":{"rendered":"PINK FANTASY"},"content":{"rendered":"\t\t<div data-elementor-type=\"product-post\" data-elementor-id=\"16178\" class=\"elementor elementor-16178\" data-elementor-post-type=\"product\">\n\t\t\t\t<div class=\"elementor-element elementor-element-5a22d0b e-flex e-con-boxed e-con e-parent\" data-id=\"5a22d0b\" data-element_type=\"container\">\n\t\t\t\t\t<div class=\"e-con-inner\">\n\t\t\t\t<div class=\"elementor-element elementor-element-4a68eeb elementor-widget elementor-widget-text-editor\" data-id=\"4a68eeb\" data-element_type=\"widget\" data-widget_type=\"text-editor.default\">\n\t\t\t\t<div class=\"elementor-widget-container\">\n\t\t\t\t\t\t\t\t\t<p>Aromatiz\u0113ts \u0137erme\u0146a sprejs ar mitrino\u0161u iedarb\u012bbu. Viegli un maigi aromatiz\u0113 \u0101du un \u013cauj arom\u0101tam notur\u0113ties vair\u0101kas stundas. Var atk\u0101rtoti uzsmidzin\u0101t uz \u0101das visas dienas garum\u0101 p\u0113c v\u0113l\u0113\u0161an\u0101s un vajadz\u012bbas.\t\t\t\t\t\t\t\t<\/div>\n\t\t\t\t<\/div>\n\t\t\t\t\t<\/div>\n\t\t\t\t<\/div>\n\t\t\t\t<\/div>\n\t\t","protected":false},"excerpt":{"rendered":"<p>Aromatiz\u0113ts \u0137erme\u0146a sprejs ar mitrino\u0161u efektu.<\/p>\n<p>Atsvaidzina un viegli aromatiz\u0113 \u0101du, \u013caujot arom\u0101tam notur\u0113ties vair\u0101ku stundu garum\u0101.<\/p>\n<p>&nbsp;<\/p>\n<p><strong>AROM\u0100TA KOMPOZ\u012aCIJA:<\/strong>MELONE, APELS\u012aNS, ALDEH\u012aDI, FR\u0112ZIJA, TUTTI FRUTTI, \u0100BOLS, PL\u016aME, PERSIKS, JASM\u012aNS, \u016aDENS NOTIS, GAI\u0160\u0100S SMILTIS, SARKANIE AUG\u013bI, MUSKUSS, P\u016aDERA NOTIS, VANI\u013bA, \u012aRISS, DZINTARS.<\/p>\n<p>&nbsp;<\/p>\n<p>K\u0100 LIETOT: Uzsmidzin\u0101t uz \u0101das no 15 \u2013 20 cm liela att\u0101luma visas dienas garum\u0101.<\/p>\n<p>&nbsp;<\/p>\n<p>BR\u012aDIN\u0100JUMS: Izvairieties no iek\u013c\u016b\u0161anas ac\u012bs. Uzglab\u0101t b\u0113rniem nepieejam\u0101 viet\u0101. Aler\u0123ijas gad\u012bjum\u0101 p\u0101rtraukt lieto\u0161anu.<\/p>\n<p>&nbsp;<\/p>\n<p>Tilpums: 150 ml.<\/p>\n<p>&nbsp;<\/p>\n<p>&nbsp;<\/p>\n","protected":false},"featured_media":13447,"template":"","meta":{"inline_featured_image":false},"product_brand":[],"product_cat":[248],"product_tag":[],"class_list":{"0":"post-16178","1":"product","2":"type-product","3":"status-publish","4":"has-post-thumbnail","6":"product_cat-ziedudeni-2","8":"first","9":"instock","10":"shipping-taxable","11":"product-type-simple"},"_links":{"self":[{"href":"https:\/\/greenum.jp\/lv\/wp-json\/wp\/v2\/product\/16178","targetHints":{"allow":["GET"]}}],"collection":[{"href":"https:\/\/greenum.jp\/lv\/wp-json\/wp\/v2\/product"}],"about":[{"href":"https:\/\/greenum.jp\/lv\/wp-json\/wp\/v2\/types\/product"}],"version-history":[{"count":1,"href":"https:\/\/greenum.jp\/lv\/wp-json\/wp\/v2\/product\/16178\/revisions"}],"predecessor-version":[{"id":16208,"href":"https:\/\/greenum.jp\/lv\/wp-json\/wp\/v2\/product\/16178\/revisions\/16208"}],"wp:featuredmedia":[{"embeddable":true,"href":"https:\/\/greenum.jp\/lv\/wp-json\/wp\/v2\/media\/13447"}],"wp:attachment":[{"href":"https:\/\/greenum.jp\/lv\/wp-json\/wp\/v2\/media?parent=16178"}],"wp:term":[{"taxonomy":"product_brand","embeddable":true,"href":"https:\/\/greenum.jp\/lv\/wp-json\/wp\/v2\/product_brand?post=16178"},{"taxonomy":"product_cat","embeddable":true,"href":"https:\/\/greenum.jp\/lv\/wp-json\/wp\/v2\/product_cat?post=16178"},{"taxonomy":"product_tag","embeddable":true,"href":"https:\/\/greenum.jp\/lv\/wp-json\/wp\/v2\/product_tag?post=16178"}],"curies":[{"name":"wp","href":"https:\/\/api.w.org\/{rel}","templated":true}]}}