{"id":16179,"date":"2024-04-16T10:21:36","date_gmt":"2024-04-16T10:21:36","guid":{"rendered":"https:\/\/greenum.eu\/?post_type=product&#038;p=16179"},"modified":"2024-04-16T10:55:34","modified_gmt":"2024-04-16T10:55:34","slug":"blue-desert","status":"publish","type":"product","link":"https:\/\/greenum.jp\/lv\/products\/blue-desert\/","title":{"rendered":"BLUE DESERT"},"content":{"rendered":"","protected":false},"excerpt":{"rendered":"<p>Aromatiz\u0113ts \u0137erme\u0146a sprejs ar mitrino\u0161u efektu.<\/p>\n<p>Atsvaidzina un viegli aromatiz\u0113 \u0101du, \u013caujot arom\u0101tam notur\u0113ties vair\u0101ku stundu garum\u0101.<\/p>\n<p>&nbsp;<\/p>\n<p><strong>AROM\u0100TA KOMPOZ\u012aCIJA:\u00a0<\/strong>CITRONS, GREIPFR\u016aTS, APELS\u012aNS, OPUNCIJA, INGVERS, ZIEDU AKORDS, KAKTUSA ZIEDS, JASM\u012aNS, GARD\u0112NIJA, LILIJA, DZINTARS, SANDALKOKS, CIEDRA KOKS, VANI\u013bA, KOKOSRIEKSTS, BALTAIS MUSKUSS.<\/p>\n<p>&nbsp;<\/p>\n<p>K\u0100 LIETOT: Uzsmidzin\u0101t uz \u0101das no 15 \u2013 20 cm liela att\u0101luma visas dienas garum\u0101.<\/p>\n<p>&nbsp;<\/p>\n<p>BR\u012aDIN\u0100JUMS: Izvairieties no iek\u013c\u016b\u0161anas ac\u012bs. Uzglab\u0101t b\u0113rniem nepieejam\u0101 viet\u0101. Aler\u0123ijas gad\u012bjum\u0101 p\u0101rtraukt lieto\u0161anu.<\/p>\n<p>&nbsp;<\/p>\n<p>Tilpums: 150 ml.<\/p>\n","protected":false},"featured_media":13451,"template":"","meta":{"inline_featured_image":false},"product_brand":[],"product_cat":[248],"product_tag":[],"class_list":{"0":"post-16179","1":"product","2":"type-product","3":"status-publish","4":"has-post-thumbnail","6":"product_cat-ziedudeni-2","8":"first","9":"instock","10":"shipping-taxable","11":"product-type-simple"},"_links":{"self":[{"href":"https:\/\/greenum.jp\/lv\/wp-json\/wp\/v2\/product\/16179","targetHints":{"allow":["GET"]}}],"collection":[{"href":"https:\/\/greenum.jp\/lv\/wp-json\/wp\/v2\/product"}],"about":[{"href":"https:\/\/greenum.jp\/lv\/wp-json\/wp\/v2\/types\/product"}],"version-history":[{"count":1,"href":"https:\/\/greenum.jp\/lv\/wp-json\/wp\/v2\/product\/16179\/revisions"}],"predecessor-version":[{"id":16209,"href":"https:\/\/greenum.jp\/lv\/wp-json\/wp\/v2\/product\/16179\/revisions\/16209"}],"wp:featuredmedia":[{"embeddable":true,"href":"https:\/\/greenum.jp\/lv\/wp-json\/wp\/v2\/media\/13451"}],"wp:attachment":[{"href":"https:\/\/greenum.jp\/lv\/wp-json\/wp\/v2\/media?parent=16179"}],"wp:term":[{"taxonomy":"product_brand","embeddable":true,"href":"https:\/\/greenum.jp\/lv\/wp-json\/wp\/v2\/product_brand?post=16179"},{"taxonomy":"product_cat","embeddable":true,"href":"https:\/\/greenum.jp\/lv\/wp-json\/wp\/v2\/product_cat?post=16179"},{"taxonomy":"product_tag","embeddable":true,"href":"https:\/\/greenum.jp\/lv\/wp-json\/wp\/v2\/product_tag?post=16179"}],"curies":[{"name":"wp","href":"https:\/\/api.w.org\/{rel}","templated":true}]}}