{"id":16225,"date":"2024-04-16T10:21:48","date_gmt":"2024-04-16T10:21:48","guid":{"rendered":"https:\/\/greenum.eu\/?post_type=product&#038;p=16225"},"modified":"2024-06-06T08:08:35","modified_gmt":"2024-06-06T08:08:35","slug":"spring-breeze","status":"publish","type":"product","link":"https:\/\/greenum.jp\/lv\/products\/spring-breeze\/","title":{"rendered":"SPRING BREEZE"},"content":{"rendered":"","protected":false},"excerpt":{"rendered":"<p>Deo kr\u0113ms ar atsvaidzino\u0161u un maigu arom\u0101tu.<\/p>\n<p>&nbsp;<\/p>\n<p>Satur dab\u012bgas sast\u0101vda\u013cas, kas efekt\u012bvi nov\u0113r\u0161 nepat\u012bkamo \u0137erme\u0146a arom\u0101tu un pal\u012bdz saglab\u0101t svaigumu visas dienas garum\u0101.<\/p>\n<p>&nbsp;<\/p>\n<p>LIETO\u0160ANA: Uzkl\u0101jiet uz t\u012bras, sausas \u0101das. Nelietot uz boj\u0101tas \u0101das. Lieto\u0161anai tikai padus\u0113s.<\/p>\n<p>&nbsp;<\/p>\n<p>UZGLAB\u0100\u0160ANA: Uzglab\u0101t ori\u0123in\u0101laj\u0101 iepakojum\u0101 istabas temperat\u016br\u0101, izvairoties no tie\u0161iem saules stariem.<\/p>\n<p>&nbsp;<\/p>\n<p>Svars: 50 g.<\/p>\n","protected":false},"featured_media":14394,"template":"","meta":{"inline_featured_image":false},"product_brand":[],"product_cat":[306],"product_tag":[],"class_list":{"0":"post-16225","1":"product","2":"type-product","3":"status-publish","4":"has-post-thumbnail","6":"product_cat-dezodorants","8":"first","9":"instock","10":"shipping-taxable","11":"product-type-simple"},"_links":{"self":[{"href":"https:\/\/greenum.jp\/lv\/wp-json\/wp\/v2\/product\/16225","targetHints":{"allow":["GET"]}}],"collection":[{"href":"https:\/\/greenum.jp\/lv\/wp-json\/wp\/v2\/product"}],"about":[{"href":"https:\/\/greenum.jp\/lv\/wp-json\/wp\/v2\/types\/product"}],"version-history":[{"count":4,"href":"https:\/\/greenum.jp\/lv\/wp-json\/wp\/v2\/product\/16225\/revisions"}],"predecessor-version":[{"id":17865,"href":"https:\/\/greenum.jp\/lv\/wp-json\/wp\/v2\/product\/16225\/revisions\/17865"}],"wp:featuredmedia":[{"embeddable":true,"href":"https:\/\/greenum.jp\/lv\/wp-json\/wp\/v2\/media\/14394"}],"wp:attachment":[{"href":"https:\/\/greenum.jp\/lv\/wp-json\/wp\/v2\/media?parent=16225"}],"wp:term":[{"taxonomy":"product_brand","embeddable":true,"href":"https:\/\/greenum.jp\/lv\/wp-json\/wp\/v2\/product_brand?post=16225"},{"taxonomy":"product_cat","embeddable":true,"href":"https:\/\/greenum.jp\/lv\/wp-json\/wp\/v2\/product_cat?post=16225"},{"taxonomy":"product_tag","embeddable":true,"href":"https:\/\/greenum.jp\/lv\/wp-json\/wp\/v2\/product_tag?post=16225"}],"curies":[{"name":"wp","href":"https:\/\/api.w.org\/{rel}","templated":true}]}}