{"id":16279,"date":"2024-04-17T08:02:48","date_gmt":"2024-04-17T08:02:48","guid":{"rendered":"https:\/\/greenum.eu\/?post_type=product&#038;p=16279"},"modified":"2024-05-30T12:36:41","modified_gmt":"2024-05-30T12:36:41","slug":"magnolia-garden-2","status":"publish","type":"product","link":"https:\/\/greenum.jp\/lv\/products\/magnolia-garden-2\/","title":{"rendered":"MAGNOLIA GARDEN"},"content":{"rendered":"","protected":false},"excerpt":{"rendered":"<p>Telpu aromatiz\u0113t\u0101js \u201cMagnolia Garden\u201d ar svaig\u0101m <em>magnolijas, aug\u013cu<\/em> un <em>ziedu<\/em>\u00a0arom\u0101ta not\u012bm.<\/p>\n<p>&nbsp;<\/p>\n<p>Atsvaidzina telpu, radot \u012bpa\u0161u noska\u0146u un m\u0101j\u012bguma saj\u016btu. Piem\u0113rots gan ofisos, gan m\u0101j\u0101s.<\/p>\n<p>&nbsp;<\/p>\n<p>K\u0100 LIETOT: Iz\u0146emiet koci\u0146us no iepakojuma un ievietojiet tos paredz\u0113taj\u0101 flakon\u0101. Ja v\u0113laties intens\u012bv\u0101ku arom\u0101tu, apgrieziet koci\u0146us otr\u0101di. P\u0113c roku saskares ar koci\u0146iem nomazg\u0101jiet t\u0101s.<\/p>\n<p>&nbsp;<\/p>\n<p>UZGLAB\u0100\u0160ANA: Uzglab\u0101t b\u0113rniem nepieejam\u0101 viet\u0101. Glab\u0101t saus\u0101 viet\u0101, temperat\u016br\u0101 no +5 l\u012bdz +35\u00b0C. Glab\u0101t atstatu no viegli uzliesmojo\u0161\u0101m, karst\u0101m viet\u0101m, pasarg\u0101t no tie\u0161iem saules stariem. Uzglab\u0101t vertik\u0101l\u0101 st\u0101vokl\u012b.<\/p>\n","protected":false},"featured_media":16280,"template":"","meta":{"inline_featured_image":false},"product_brand":[],"product_cat":[239],"product_tag":[],"class_list":{"0":"post-16279","1":"product","2":"type-product","3":"status-publish","4":"has-post-thumbnail","6":"product_cat-telpu-aromatizetaji","8":"first","9":"instock","10":"shipping-taxable","11":"product-type-simple"},"_links":{"self":[{"href":"https:\/\/greenum.jp\/lv\/wp-json\/wp\/v2\/product\/16279","targetHints":{"allow":["GET"]}}],"collection":[{"href":"https:\/\/greenum.jp\/lv\/wp-json\/wp\/v2\/product"}],"about":[{"href":"https:\/\/greenum.jp\/lv\/wp-json\/wp\/v2\/types\/product"}],"version-history":[{"count":5,"href":"https:\/\/greenum.jp\/lv\/wp-json\/wp\/v2\/product\/16279\/revisions"}],"predecessor-version":[{"id":17764,"href":"https:\/\/greenum.jp\/lv\/wp-json\/wp\/v2\/product\/16279\/revisions\/17764"}],"wp:featuredmedia":[{"embeddable":true,"href":"https:\/\/greenum.jp\/lv\/wp-json\/wp\/v2\/media\/16280"}],"wp:attachment":[{"href":"https:\/\/greenum.jp\/lv\/wp-json\/wp\/v2\/media?parent=16279"}],"wp:term":[{"taxonomy":"product_brand","embeddable":true,"href":"https:\/\/greenum.jp\/lv\/wp-json\/wp\/v2\/product_brand?post=16279"},{"taxonomy":"product_cat","embeddable":true,"href":"https:\/\/greenum.jp\/lv\/wp-json\/wp\/v2\/product_cat?post=16279"},{"taxonomy":"product_tag","embeddable":true,"href":"https:\/\/greenum.jp\/lv\/wp-json\/wp\/v2\/product_tag?post=16279"}],"curies":[{"name":"wp","href":"https:\/\/api.w.org\/{rel}","templated":true}]}}