{"id":16611,"date":"2024-04-16T10:10:21","date_gmt":"2024-04-16T10:10:21","guid":{"rendered":"https:\/\/greenum.eu\/?post_type=product&#038;p=16611"},"modified":"2024-04-24T10:52:59","modified_gmt":"2024-04-24T10:52:59","slug":"passion-fruit-7","status":"publish","type":"product","link":"https:\/\/greenum.jp\/lv\/products\/passion-fruit-7\/","title":{"rendered":"PASSION FRUIT"},"content":{"rendered":"","protected":false},"excerpt":{"rendered":"<p>Du\u0161as \u017eeleja ar alvejas un za\u013c\u0101s t\u0113jas ekstraktiem.<\/p>\n<p>&nbsp;<\/p>\n<p>Pateicoties mitrino\u0161ajai formulai, j\u016bsu \u0101da b\u016bs lieliski att\u012br\u012bta, nomierin\u0101ta un pabarota. Pantenols (provitam\u012bns B5) nodro\u0161ina papildu mitrin\u0101\u0161anu un m\u012bkstin\u0101\u0161anu.<\/p>\n<p>&nbsp;<\/p>\n<p>Piem\u0113rots ikdienas lieto\u0161anai visiem \u0101das tipiem.<\/p>\n<p>&nbsp;<\/p>\n<p>K\u0100 LIETOT: Uzkl\u0101jiet uz mitras \u0101das un viegli iemas\u0113jiet, p\u0113c tam noskalojiet. Piem\u0113rots lieto\u0161anai vann\u0101 vai du\u0161\u0101.<\/p>\n","protected":false},"featured_media":12237,"template":"","meta":{"inline_featured_image":false},"product_brand":[],"product_cat":[229],"product_tag":[],"class_list":{"0":"post-16611","1":"product","2":"type-product","3":"status-publish","4":"has-post-thumbnail","6":"product_cat-dusas-zeleja","8":"first","9":"instock","10":"shipping-taxable","11":"product-type-simple"},"_links":{"self":[{"href":"https:\/\/greenum.jp\/lv\/wp-json\/wp\/v2\/product\/16611","targetHints":{"allow":["GET"]}}],"collection":[{"href":"https:\/\/greenum.jp\/lv\/wp-json\/wp\/v2\/product"}],"about":[{"href":"https:\/\/greenum.jp\/lv\/wp-json\/wp\/v2\/types\/product"}],"version-history":[{"count":2,"href":"https:\/\/greenum.jp\/lv\/wp-json\/wp\/v2\/product\/16611\/revisions"}],"predecessor-version":[{"id":16613,"href":"https:\/\/greenum.jp\/lv\/wp-json\/wp\/v2\/product\/16611\/revisions\/16613"}],"wp:featuredmedia":[{"embeddable":true,"href":"https:\/\/greenum.jp\/lv\/wp-json\/wp\/v2\/media\/12237"}],"wp:attachment":[{"href":"https:\/\/greenum.jp\/lv\/wp-json\/wp\/v2\/media?parent=16611"}],"wp:term":[{"taxonomy":"product_brand","embeddable":true,"href":"https:\/\/greenum.jp\/lv\/wp-json\/wp\/v2\/product_brand?post=16611"},{"taxonomy":"product_cat","embeddable":true,"href":"https:\/\/greenum.jp\/lv\/wp-json\/wp\/v2\/product_cat?post=16611"},{"taxonomy":"product_tag","embeddable":true,"href":"https:\/\/greenum.jp\/lv\/wp-json\/wp\/v2\/product_tag?post=16611"}],"curies":[{"name":"wp","href":"https:\/\/api.w.org\/{rel}","templated":true}]}}