{"id":16677,"date":"2024-04-16T10:10:22","date_gmt":"2024-04-16T10:10:22","guid":{"rendered":"https:\/\/greenum.eu\/?post_type=product&#038;p=16677"},"modified":"2024-06-12T12:11:41","modified_gmt":"2024-06-12T12:11:41","slug":"passion-fruit-5","status":"publish","type":"product","link":"https:\/\/greenum.jp\/lv\/products\/passion-fruit-5\/","title":{"rendered":"PASSION FRUIT"},"content":{"rendered":"","protected":false},"excerpt":{"rendered":"<p>Du\u0161as e\u013c\u013ca ar <em>r\u012bcine\u013c\u013cu, alveju<\/em> un <em>\u010dia s\u0113klu<\/em> ekstraktu.<\/p>\n<p>&nbsp;<\/p>\n<p>Efekt\u012bvi mitrina un uzlabo \u0101das elast\u012bbu. P\u0101rv\u0113r\u0161as par maig\u0101m, m\u012bkstino\u0161\u0101m put\u0101m, kas maigi att\u012bra, atst\u0101jot sat\u012bnisku maigumu uz visa \u0137erme\u0146a. Satur E vitam\u012bnu.<\/p>\n<p>&nbsp;<\/p>\n<p>Piem\u0113rots visiem \u0101das tipiem.<\/p>\n<p>&nbsp;<\/p>\n<p>K\u0100 LIETOT: Uzkl\u0101jiet vann\u0101 vai du\u0161\u0101. Uzkl\u0101jiet uz mitras \u0101das un viegli iemas\u0113jiet, p\u0113c tam noskalojiet.<\/p>\n","protected":false},"featured_media":12251,"template":"","meta":{"inline_featured_image":false},"product_brand":[],"product_cat":[236],"product_tag":[],"class_list":{"0":"post-16677","1":"product","2":"type-product","3":"status-publish","4":"has-post-thumbnail","6":"product_cat-dusas-ella","8":"first","9":"instock","10":"shipping-taxable","11":"product-type-simple"},"_links":{"self":[{"href":"https:\/\/greenum.jp\/lv\/wp-json\/wp\/v2\/product\/16677","targetHints":{"allow":["GET"]}}],"collection":[{"href":"https:\/\/greenum.jp\/lv\/wp-json\/wp\/v2\/product"}],"about":[{"href":"https:\/\/greenum.jp\/lv\/wp-json\/wp\/v2\/types\/product"}],"version-history":[{"count":3,"href":"https:\/\/greenum.jp\/lv\/wp-json\/wp\/v2\/product\/16677\/revisions"}],"predecessor-version":[{"id":17948,"href":"https:\/\/greenum.jp\/lv\/wp-json\/wp\/v2\/product\/16677\/revisions\/17948"}],"wp:featuredmedia":[{"embeddable":true,"href":"https:\/\/greenum.jp\/lv\/wp-json\/wp\/v2\/media\/12251"}],"wp:attachment":[{"href":"https:\/\/greenum.jp\/lv\/wp-json\/wp\/v2\/media?parent=16677"}],"wp:term":[{"taxonomy":"product_brand","embeddable":true,"href":"https:\/\/greenum.jp\/lv\/wp-json\/wp\/v2\/product_brand?post=16677"},{"taxonomy":"product_cat","embeddable":true,"href":"https:\/\/greenum.jp\/lv\/wp-json\/wp\/v2\/product_cat?post=16677"},{"taxonomy":"product_tag","embeddable":true,"href":"https:\/\/greenum.jp\/lv\/wp-json\/wp\/v2\/product_tag?post=16677"}],"curies":[{"name":"wp","href":"https:\/\/api.w.org\/{rel}","templated":true}]}}