{"id":17028,"date":"2024-04-16T10:10:35","date_gmt":"2024-04-16T10:10:35","guid":{"rendered":"https:\/\/greenum.eu\/?post_type=product&#038;p=17028"},"modified":"2024-05-23T11:32:13","modified_gmt":"2024-05-23T11:32:13","slug":"citrus-2","status":"publish","type":"product","link":"https:\/\/greenum.jp\/lv\/products\/citrus-2\/","title":{"rendered":"CITRUS"},"content":{"rendered":"\t\t<div data-elementor-type=\"product-post\" data-elementor-id=\"17028\" class=\"elementor elementor-17028 elementor-15270\" data-elementor-post-type=\"product\">\n\t\t\t\t<div class=\"elementor-element elementor-element-b14efbd e-flex e-con-boxed e-con e-parent\" data-id=\"b14efbd\" data-element_type=\"container\">\n\t\t\t\t\t<div class=\"e-con-inner\">\n\t\t\t\t<div class=\"elementor-element elementor-element-44b4454 elementor-widget elementor-widget-text-editor\" data-id=\"44b4454\" data-element_type=\"widget\" data-widget_type=\"text-editor.default\">\n\t\t\t\t<div class=\"elementor-widget-container\">\n\t\t\t\t\t\t\t\t\t<p>Maigi putojo\u0161as un \u0101du m\u012bkstino\u0161as dab\u012bg\u0101s ziepes. Bag\u0101tin\u0101tas ar mande\u013cu un kokosriekstu e\u013c\u013c\u0101m un aromatiz\u0113tas ar greipfr\u016bta un mandar\u012bna \u0113teriskaj\u0101m e\u013c\u013c\u0101m. <br \/>Piem\u0113rotas roku, sejas un \u0137erme\u0146a kop\u0161anai ikdien\u0101.<br \/>Ra\u017eo\u0161an\u0101 izmantota aukst\u0101 procesa metode, kas garant\u0113 ziepju cietumu un ilg\u0101ku lieto\u0161anas laiku. Augu izcelsmes izejvielas. Piem\u0113rotas veg\u0101niem. 100% roku darbs.\t\t\t\t\t\t\t\t<\/div>\n\t\t\t\t<\/div>\n\t\t\t\t\t<\/div>\n\t\t\t\t<\/div>\n\t\t\t\t<\/div>\n\t\t","protected":false},"excerpt":{"rendered":"<p>Maigi putojo\u0161as un \u0101du m\u012bkstino\u0161as dab\u012bg\u0101s ziepes, bag\u0101tin\u0101tas ar <em>mande\u013cu<\/em> un <em>kokosriekstu<\/em> e\u013c\u013c\u0101m un aromatiz\u0113tas ar greipfr\u016btu un mandar\u012bnu \u0113teriskaj\u0101m e\u013c\u013c\u0101m.<\/p>\n<p>&nbsp;<\/p>\n<p>Ide\u0101li piem\u0113rots ikdienas roku, sejas un \u0137erme\u0146a kop\u0161anai.<\/p>\n<p>&nbsp;<\/p>\n<p>Piem\u0113rots veg\u0101niem. 100% roku darbs.<\/p>\n<p>&nbsp;<\/p>\n<p>K\u0100 LIETOT: Iemas\u0113jiet ziepes starp rok\u0101m vai uz \u0137erme\u0146a, saputojiet, p\u0113c tam noskalojiet ar \u016bdeni, lai \u0101da b\u016btu t\u012bra.<\/p>\n<p>&nbsp;<\/p>\n<p>UZGLAB\u0100\u0160ANA: Uzglab\u0101t istabas temperat\u016br\u0101, pasarg\u0101t no tie\u0161iem saules stariem. Izvair\u012bties no saskares ar ac\u012bm. Tikai \u0101r\u0113jai lieto\u0161anai. Glab\u0101t b\u0113rniem nepieejam\u0101 viet\u0101.<\/p>\n<p>&nbsp;<\/p>\n<p>Svars: 100 g.<\/p>\n","protected":false},"featured_media":12337,"template":"","meta":{"inline_featured_image":false},"product_brand":[],"product_cat":[296],"product_tag":[],"class_list":{"0":"post-17028","1":"product","2":"type-product","3":"status-publish","4":"has-post-thumbnail","6":"product_cat-dabigas-ziepes","8":"first","9":"instock","10":"shipping-taxable","11":"product-type-simple"},"_links":{"self":[{"href":"https:\/\/greenum.jp\/lv\/wp-json\/wp\/v2\/product\/17028","targetHints":{"allow":["GET"]}}],"collection":[{"href":"https:\/\/greenum.jp\/lv\/wp-json\/wp\/v2\/product"}],"about":[{"href":"https:\/\/greenum.jp\/lv\/wp-json\/wp\/v2\/types\/product"}],"version-history":[{"count":7,"href":"https:\/\/greenum.jp\/lv\/wp-json\/wp\/v2\/product\/17028\/revisions"}],"predecessor-version":[{"id":17669,"href":"https:\/\/greenum.jp\/lv\/wp-json\/wp\/v2\/product\/17028\/revisions\/17669"}],"wp:featuredmedia":[{"embeddable":true,"href":"https:\/\/greenum.jp\/lv\/wp-json\/wp\/v2\/media\/12337"}],"wp:attachment":[{"href":"https:\/\/greenum.jp\/lv\/wp-json\/wp\/v2\/media?parent=17028"}],"wp:term":[{"taxonomy":"product_brand","embeddable":true,"href":"https:\/\/greenum.jp\/lv\/wp-json\/wp\/v2\/product_brand?post=17028"},{"taxonomy":"product_cat","embeddable":true,"href":"https:\/\/greenum.jp\/lv\/wp-json\/wp\/v2\/product_cat?post=17028"},{"taxonomy":"product_tag","embeddable":true,"href":"https:\/\/greenum.jp\/lv\/wp-json\/wp\/v2\/product_tag?post=17028"}],"curies":[{"name":"wp","href":"https:\/\/api.w.org\/{rel}","templated":true}]}}