{"id":17033,"date":"2024-04-16T10:10:34","date_gmt":"2024-04-16T10:10:34","guid":{"rendered":"https:\/\/greenum.eu\/?post_type=product&#038;p=17033"},"modified":"2024-05-23T11:32:50","modified_gmt":"2024-05-23T11:32:50","slug":"grapefruit-10","status":"publish","type":"product","link":"https:\/\/greenum.jp\/lv\/products\/grapefruit-10\/","title":{"rendered":"GRAPEFRUIT"},"content":{"rendered":"","protected":false},"excerpt":{"rendered":"<p>Maigi putojo\u0161as un \u0101du m\u012bkstino\u0161as dab\u012bg\u0101s ziepes, bag\u0101tin\u0101tas ar <em>mande\u013cu<\/em> un <em>kokosriekstu<\/em> e\u013c\u013c\u0101m un aromatiz\u0113tas ar greipfr\u016btu \u0113terisko e\u013c\u013cu.<\/p>\n<p>&nbsp;<\/p>\n<p>Ide\u0101li piem\u0113rots ikdienas roku, sejas un \u0137erme\u0146a kop\u0161anai.<\/p>\n<p>&nbsp;<\/p>\n<p>Piem\u0113rots veg\u0101niem. 100% roku darbs.<\/p>\n<p>&nbsp;<\/p>\n<p>K\u0100 LIETOT: Iemas\u0113jiet ziepes starp rok\u0101m vai uz \u0137erme\u0146a, saputojiet, p\u0113c tam noskalojiet ar \u016bdeni, lai \u0101da b\u016btu t\u012bra.<\/p>\n<p>&nbsp;<\/p>\n<p>UZGLAB\u0100\u0160ANA: Uzglab\u0101t istabas temperat\u016br\u0101, pasarg\u0101t no tie\u0161iem saules stariem. Izvair\u012bties no saskares ar ac\u012bm. Tikai \u0101r\u0113jai lieto\u0161anai. Glab\u0101t b\u0113rniem nepieejam\u0101 viet\u0101.<\/p>\n<p>&nbsp;<\/p>\n<p>Svars: 100 g.<\/p>\n","protected":false},"featured_media":12328,"template":"","meta":{"inline_featured_image":false},"product_brand":[],"product_cat":[296],"product_tag":[],"class_list":{"0":"post-17033","1":"product","2":"type-product","3":"status-publish","4":"has-post-thumbnail","6":"product_cat-dabigas-ziepes","8":"first","9":"instock","10":"shipping-taxable","11":"product-type-simple"},"_links":{"self":[{"href":"https:\/\/greenum.jp\/lv\/wp-json\/wp\/v2\/product\/17033","targetHints":{"allow":["GET"]}}],"collection":[{"href":"https:\/\/greenum.jp\/lv\/wp-json\/wp\/v2\/product"}],"about":[{"href":"https:\/\/greenum.jp\/lv\/wp-json\/wp\/v2\/types\/product"}],"version-history":[{"count":3,"href":"https:\/\/greenum.jp\/lv\/wp-json\/wp\/v2\/product\/17033\/revisions"}],"predecessor-version":[{"id":17670,"href":"https:\/\/greenum.jp\/lv\/wp-json\/wp\/v2\/product\/17033\/revisions\/17670"}],"wp:featuredmedia":[{"embeddable":true,"href":"https:\/\/greenum.jp\/lv\/wp-json\/wp\/v2\/media\/12328"}],"wp:attachment":[{"href":"https:\/\/greenum.jp\/lv\/wp-json\/wp\/v2\/media?parent=17033"}],"wp:term":[{"taxonomy":"product_brand","embeddable":true,"href":"https:\/\/greenum.jp\/lv\/wp-json\/wp\/v2\/product_brand?post=17033"},{"taxonomy":"product_cat","embeddable":true,"href":"https:\/\/greenum.jp\/lv\/wp-json\/wp\/v2\/product_cat?post=17033"},{"taxonomy":"product_tag","embeddable":true,"href":"https:\/\/greenum.jp\/lv\/wp-json\/wp\/v2\/product_tag?post=17033"}],"curies":[{"name":"wp","href":"https:\/\/api.w.org\/{rel}","templated":true}]}}