{"id":17053,"date":"2024-05-02T07:46:11","date_gmt":"2024-05-02T07:46:11","guid":{"rendered":"https:\/\/greenum.eu\/?post_type=product&#038;p=17053"},"modified":"2024-05-23T12:22:07","modified_gmt":"2024-05-23T12:22:07","slug":"lavender-6","status":"publish","type":"product","link":"https:\/\/greenum.jp\/lv\/products\/lavender-6\/","title":{"rendered":"LAVENDER FIELD"},"content":{"rendered":"","protected":false},"excerpt":{"rendered":"<p>Aromatiz\u0113ta Vidusj\u016bras vannas s\u0101ls ar nomierino\u0161u lavandas arom\u0101tu J\u016bsu atp\u016btai un labsaj\u016btai.<\/p>\n<p>&nbsp;<\/p>\n<p>Vidusj\u016bras s\u0101ls krist\u0101li toniz\u0113 un uzlabo \u0101das st\u0101vokli, mazina nogurumu, pal\u012bdz atsl\u0101bin\u0101ties un uzlabot miega kvalit\u0101ti.<\/p>\n<p>&nbsp;<\/p>\n<p><span lang=\"EN-US\">K\u0100 LIETOT: Vienai peldei pievienojiet vismaz 100 g s\u0101ls. Ieteicam\u0101 \u016bdens temperat\u016bra ir 36-39 \u00b0C.<\/span><\/p>\n<p>&nbsp;<\/p>\n<p>UZGLAB\u0100\u0160ANA: Uzglab\u0101t istabas temperat\u016br\u0101, pasarg\u0101t no tie\u0161iem saules stariem. Izvair\u012bties no saskares ar ac\u012bm. Tikai \u0101r\u0113jai lieto\u0161anai. Glab\u0101t b\u0113rniem nepieejam\u0101 viet\u0101.<\/p>\n<p>&nbsp;<\/p>\n<p>Svars: 600 g.<\/p>\n","protected":false},"featured_media":17055,"template":"","meta":{"inline_featured_image":false},"product_brand":[],"product_cat":[244],"product_tag":[],"class_list":{"0":"post-17053","1":"product","2":"type-product","3":"status-publish","4":"has-post-thumbnail","6":"product_cat-vannas-sals","8":"first","9":"instock","10":"shipping-taxable","11":"product-type-simple"},"_links":{"self":[{"href":"https:\/\/greenum.jp\/lv\/wp-json\/wp\/v2\/product\/17053","targetHints":{"allow":["GET"]}}],"collection":[{"href":"https:\/\/greenum.jp\/lv\/wp-json\/wp\/v2\/product"}],"about":[{"href":"https:\/\/greenum.jp\/lv\/wp-json\/wp\/v2\/types\/product"}],"version-history":[{"count":7,"href":"https:\/\/greenum.jp\/lv\/wp-json\/wp\/v2\/product\/17053\/revisions"}],"predecessor-version":[{"id":17705,"href":"https:\/\/greenum.jp\/lv\/wp-json\/wp\/v2\/product\/17053\/revisions\/17705"}],"wp:featuredmedia":[{"embeddable":true,"href":"https:\/\/greenum.jp\/lv\/wp-json\/wp\/v2\/media\/17055"}],"wp:attachment":[{"href":"https:\/\/greenum.jp\/lv\/wp-json\/wp\/v2\/media?parent=17053"}],"wp:term":[{"taxonomy":"product_brand","embeddable":true,"href":"https:\/\/greenum.jp\/lv\/wp-json\/wp\/v2\/product_brand?post=17053"},{"taxonomy":"product_cat","embeddable":true,"href":"https:\/\/greenum.jp\/lv\/wp-json\/wp\/v2\/product_cat?post=17053"},{"taxonomy":"product_tag","embeddable":true,"href":"https:\/\/greenum.jp\/lv\/wp-json\/wp\/v2\/product_tag?post=17053"}],"curies":[{"name":"wp","href":"https:\/\/api.w.org\/{rel}","templated":true}]}}