{"id":17291,"date":"2024-04-16T10:11:37","date_gmt":"2024-04-16T10:11:37","guid":{"rendered":"https:\/\/greenum.eu\/?post_type=product&#038;p=17291"},"modified":"2024-05-15T09:17:57","modified_gmt":"2024-05-15T09:17:57","slug":"grapefruit-6","status":"publish","type":"product","link":"https:\/\/greenum.jp\/lv\/products\/grapefruit-6\/","title":{"rendered":"GRAPEFRUIT"},"content":{"rendered":"","protected":false},"excerpt":{"rendered":"<p>Cietais \u0161amp\u016bns maigai un efekt\u012bvai matu un galvas \u0101das mazg\u0101\u0161anai.<\/p>\n<p>&nbsp;<\/p>\n<p>Bag\u0101tin\u0101ts ar augu olbaltumvielu hidroliz\u0101tu, kas nodro\u0161ina svar\u012bgas bar\u012bbas vielas, atjauno un stiprina matus no iek\u0161puses.<\/p>\n<p>&nbsp;<\/p>\n<p>Kakao sviests mitrina un baro matus un galvas \u0101du.<\/p>\n<ul>\n<li>Nesatur \u016bdeni.<\/li>\n<li>Ekonomisks un ide\u0101li piem\u0113rots ce\u013co\u0161anai.<\/li>\n<\/ul>\n<p>K\u0100 LIETOT: Cieto \u0161amp\u016bnu iemas\u0113 slapjos matos ar ap\u013cveida kust\u012bb\u0101m l\u012bdz ieg\u016bts pietieko\u0161s putu daudzums. Mazg\u0101 matus k\u0101 ierasts, r\u016bp\u012bgi izskalo. Ja \u0161amp\u016bns iek\u013cuvis ac\u012bs, izskalot ar lielu v\u0113sa \u016bdens daudzumu.<\/p>\n<p>&nbsp;<\/p>\n<p>GLAB\u0100\u0160ANA: Uzglab\u0101t cieto \u0161amp\u016bnu saus\u0101 viet\u0101, +5 l\u012bdz +25 <sup>o<\/sup>C temperat\u016br\u0101. Netur\u0113t tie\u0161os saules staros. Glab\u0101t b\u0113rniem nepieejam\u0101 viet\u0101.<\/p>\n","protected":false},"featured_media":11941,"template":"","meta":{"inline_featured_image":false},"product_brand":[],"product_cat":[305],"product_tag":[],"class_list":{"0":"post-17291","1":"product","2":"type-product","3":"status-publish","4":"has-post-thumbnail","6":"product_cat-cietais-sampuns","8":"first","9":"instock","10":"shipping-taxable","11":"product-type-simple"},"_links":{"self":[{"href":"https:\/\/greenum.jp\/lv\/wp-json\/wp\/v2\/product\/17291","targetHints":{"allow":["GET"]}}],"collection":[{"href":"https:\/\/greenum.jp\/lv\/wp-json\/wp\/v2\/product"}],"about":[{"href":"https:\/\/greenum.jp\/lv\/wp-json\/wp\/v2\/types\/product"}],"version-history":[{"count":2,"href":"https:\/\/greenum.jp\/lv\/wp-json\/wp\/v2\/product\/17291\/revisions"}],"predecessor-version":[{"id":17310,"href":"https:\/\/greenum.jp\/lv\/wp-json\/wp\/v2\/product\/17291\/revisions\/17310"}],"wp:featuredmedia":[{"embeddable":true,"href":"https:\/\/greenum.jp\/lv\/wp-json\/wp\/v2\/media\/11941"}],"wp:attachment":[{"href":"https:\/\/greenum.jp\/lv\/wp-json\/wp\/v2\/media?parent=17291"}],"wp:term":[{"taxonomy":"product_brand","embeddable":true,"href":"https:\/\/greenum.jp\/lv\/wp-json\/wp\/v2\/product_brand?post=17291"},{"taxonomy":"product_cat","embeddable":true,"href":"https:\/\/greenum.jp\/lv\/wp-json\/wp\/v2\/product_cat?post=17291"},{"taxonomy":"product_tag","embeddable":true,"href":"https:\/\/greenum.jp\/lv\/wp-json\/wp\/v2\/product_tag?post=17291"}],"curies":[{"name":"wp","href":"https:\/\/api.w.org\/{rel}","templated":true}]}}