{"id":17348,"date":"2024-04-16T10:11:37","date_gmt":"2024-04-16T10:11:37","guid":{"rendered":"https:\/\/greenum.eu\/?post_type=product&#038;p=17348"},"modified":"2024-05-21T07:35:40","modified_gmt":"2024-05-21T07:35:40","slug":"kondicionieris-2","status":"publish","type":"product","link":"https:\/\/greenum.jp\/lv\/products\/kondicionieris-2\/","title":{"rendered":"KONDICIONIERIS"},"content":{"rendered":"","protected":false},"excerpt":{"rendered":"<p>Cietais matu kondicionieris ar piparm\u0113tru \u0113terisko e\u013c\u013cu intens\u012bvai matu baro\u0161anai.<\/p>\n<p>&nbsp;<\/p>\n<p>Piparm\u0113tras \u0113terisk\u0101 e\u013c\u013ca veicina matu aug\u0161anu, uzlabo galvas \u0101das vesel\u012bbu un tai rakstur\u012bga nomierino\u0161a iedarb\u012bba.<\/p>\n<p>&nbsp;<\/p>\n<p>R\u012bcine\u013c\u013ca pal\u012bdz nov\u0113rst matu izkri\u0161anu un stiprina matu saknes, atjauno boj\u0101tu matu strukt\u016bru.<\/p>\n<p>&nbsp;<\/p>\n<p>Ol\u012bve\u013c\u013ca un \u0161\u012b sviests m\u012bkstina matus un \u0101du, veidojot aizsargsl\u0101ni. P\u0113c kondicioniera lieto\u0161anas mati k\u013c\u016bst m\u012bkst\u0101ki un glud\u0101ki.<\/p>\n<p>&nbsp;<\/p>\n<p>Piem\u0113rots visiem matu tipiem.<\/p>\n<p>&nbsp;<\/p>\n<p>K\u0100 LIETOT: Iemas\u0113jiet kondicionieri t\u012bros, mitros matos un galvas \u0101d\u0101 un atst\u0101jiet iedarboties 2-3 min\u016btes. Var lietot k\u0101 masku, atst\u0101jiet uz 10 min. P\u0113c lieto\u0161anas r\u016bp\u012bgi izskalojiet. Ja kondicionieris iek\u013c\u016bst ac\u012bs, izskalojiet ar lielu \u016bdens daudzumu!<\/p>\n<p>&nbsp;<\/p>\n<p>GLAB\u0100\u0160ANA: Uzglab\u0101t kondicionieri ziepju trauk\u0101 ar dren\u0101\u017eu. Uzglab\u0101t saus\u0101 viet\u0101 +5 l\u012bdz +25 oC temperat\u016br\u0101. Sarg\u0101t no tie\u0161iem saules stariem.<\/p>\n","protected":false},"featured_media":11953,"template":"","meta":{"inline_featured_image":false},"product_brand":[],"product_cat":[305],"product_tag":[],"class_list":{"0":"post-17348","1":"product","2":"type-product","3":"status-publish","4":"has-post-thumbnail","6":"product_cat-cietais-sampuns","8":"first","9":"instock","10":"shipping-taxable","11":"product-type-simple"},"_links":{"self":[{"href":"https:\/\/greenum.jp\/lv\/wp-json\/wp\/v2\/product\/17348","targetHints":{"allow":["GET"]}}],"collection":[{"href":"https:\/\/greenum.jp\/lv\/wp-json\/wp\/v2\/product"}],"about":[{"href":"https:\/\/greenum.jp\/lv\/wp-json\/wp\/v2\/types\/product"}],"version-history":[{"count":8,"href":"https:\/\/greenum.jp\/lv\/wp-json\/wp\/v2\/product\/17348\/revisions"}],"predecessor-version":[{"id":17395,"href":"https:\/\/greenum.jp\/lv\/wp-json\/wp\/v2\/product\/17348\/revisions\/17395"}],"wp:featuredmedia":[{"embeddable":true,"href":"https:\/\/greenum.jp\/lv\/wp-json\/wp\/v2\/media\/11953"}],"wp:attachment":[{"href":"https:\/\/greenum.jp\/lv\/wp-json\/wp\/v2\/media?parent=17348"}],"wp:term":[{"taxonomy":"product_brand","embeddable":true,"href":"https:\/\/greenum.jp\/lv\/wp-json\/wp\/v2\/product_brand?post=17348"},{"taxonomy":"product_cat","embeddable":true,"href":"https:\/\/greenum.jp\/lv\/wp-json\/wp\/v2\/product_cat?post=17348"},{"taxonomy":"product_tag","embeddable":true,"href":"https:\/\/greenum.jp\/lv\/wp-json\/wp\/v2\/product_tag?post=17348"}],"curies":[{"name":"wp","href":"https:\/\/api.w.org\/{rel}","templated":true}]}}