{"id":18055,"date":"2024-09-17T11:50:42","date_gmt":"2024-09-17T11:50:42","guid":{"rendered":"https:\/\/greenum.eu\/?post_type=product&#038;p=18055"},"modified":"2024-09-17T12:22:29","modified_gmt":"2024-09-17T12:22:29","slug":"rosemary","status":"publish","type":"product","link":"https:\/\/greenum.jp\/lv\/products\/rosemary\/","title":{"rendered":"ROSEMARY"},"content":{"rendered":"","protected":false},"excerpt":{"rendered":"<p>Rozmar\u012bna \u0113terisk\u0101 e\u013c\u013ca.<\/p>\n<p>&nbsp;<\/p>\n<p>Tilpums 10 ml.<\/p>\n<p>&nbsp;<\/p>\n<p>100 % BIO.<\/p>\n<p>&nbsp;<\/p>\n<p>Lielisks papildin\u0101jums vannas ritu\u0101liem, mas\u0101\u017eai vai aromterapijai.<\/p>\n<p>&nbsp;<\/p>\n<p>GLAB\u0100\u0160ANA: Uzglab\u0101t ori\u0123in\u0101laj\u0101 iepakojum\u0101 saus\u0101 un tum\u0161\u0101 viet\u0101.<\/p>\n","protected":false},"featured_media":18029,"template":"","meta":{"inline_featured_image":false},"product_brand":[],"product_cat":[],"product_tag":[],"class_list":{"0":"post-18055","1":"product","2":"type-product","3":"status-publish","4":"has-post-thumbnail","7":"first","8":"instock","9":"shipping-taxable","10":"product-type-simple"},"_links":{"self":[{"href":"https:\/\/greenum.jp\/lv\/wp-json\/wp\/v2\/product\/18055","targetHints":{"allow":["GET"]}}],"collection":[{"href":"https:\/\/greenum.jp\/lv\/wp-json\/wp\/v2\/product"}],"about":[{"href":"https:\/\/greenum.jp\/lv\/wp-json\/wp\/v2\/types\/product"}],"version-history":[{"count":2,"href":"https:\/\/greenum.jp\/lv\/wp-json\/wp\/v2\/product\/18055\/revisions"}],"predecessor-version":[{"id":18057,"href":"https:\/\/greenum.jp\/lv\/wp-json\/wp\/v2\/product\/18055\/revisions\/18057"}],"wp:featuredmedia":[{"embeddable":true,"href":"https:\/\/greenum.jp\/lv\/wp-json\/wp\/v2\/media\/18029"}],"wp:attachment":[{"href":"https:\/\/greenum.jp\/lv\/wp-json\/wp\/v2\/media?parent=18055"}],"wp:term":[{"taxonomy":"product_brand","embeddable":true,"href":"https:\/\/greenum.jp\/lv\/wp-json\/wp\/v2\/product_brand?post=18055"},{"taxonomy":"product_cat","embeddable":true,"href":"https:\/\/greenum.jp\/lv\/wp-json\/wp\/v2\/product_cat?post=18055"},{"taxonomy":"product_tag","embeddable":true,"href":"https:\/\/greenum.jp\/lv\/wp-json\/wp\/v2\/product_tag?post=18055"}],"curies":[{"name":"wp","href":"https:\/\/api.w.org\/{rel}","templated":true}]}}