{"id":18058,"date":"2024-09-17T12:20:28","date_gmt":"2024-09-17T12:20:28","guid":{"rendered":"https:\/\/greenum.eu\/?post_type=product&#038;p=18058"},"modified":"2024-09-17T12:20:59","modified_gmt":"2024-09-17T12:20:59","slug":"rozmarins","status":"publish","type":"product","link":"https:\/\/greenum.jp\/lv\/products\/rozmarins\/","title":{"rendered":"ROZMAR\u012aNS"},"content":{"rendered":"","protected":false},"excerpt":{"rendered":"<p>Rozmar\u012bna \u0113terisk\u0101 e\u013c\u013ca.<\/p>\n<p>&nbsp;<\/p>\n<p>Tilpums 10 ml.<\/p>\n<p>&nbsp;<\/p>\n<p>100 % BIO.<\/p>\n<p>&nbsp;<\/p>\n<p>Lielisks papildin\u0101jums vannas ritu\u0101liem, mas\u0101\u017eai vai aromterapijai.<\/p>\n<p>&nbsp;<\/p>\n<p>GLAB\u0100\u0160ANA: Uzglab\u0101t ori\u0123in\u0101laj\u0101 iepakojum\u0101 saus\u0101 un tum\u0161\u0101 viet\u0101.<\/p>\n","protected":false},"featured_media":18029,"template":"","meta":{"inline_featured_image":false},"product_brand":[],"product_cat":[216],"product_tag":[],"class_list":{"0":"post-18058","1":"product","2":"type-product","3":"status-publish","4":"has-post-thumbnail","6":"product_cat-ziepes","8":"first","9":"instock","10":"shipping-taxable","11":"product-type-simple"},"_links":{"self":[{"href":"https:\/\/greenum.jp\/lv\/wp-json\/wp\/v2\/product\/18058","targetHints":{"allow":["GET"]}}],"collection":[{"href":"https:\/\/greenum.jp\/lv\/wp-json\/wp\/v2\/product"}],"about":[{"href":"https:\/\/greenum.jp\/lv\/wp-json\/wp\/v2\/types\/product"}],"version-history":[{"count":2,"href":"https:\/\/greenum.jp\/lv\/wp-json\/wp\/v2\/product\/18058\/revisions"}],"predecessor-version":[{"id":18060,"href":"https:\/\/greenum.jp\/lv\/wp-json\/wp\/v2\/product\/18058\/revisions\/18060"}],"wp:featuredmedia":[{"embeddable":true,"href":"https:\/\/greenum.jp\/lv\/wp-json\/wp\/v2\/media\/18029"}],"wp:attachment":[{"href":"https:\/\/greenum.jp\/lv\/wp-json\/wp\/v2\/media?parent=18058"}],"wp:term":[{"taxonomy":"product_brand","embeddable":true,"href":"https:\/\/greenum.jp\/lv\/wp-json\/wp\/v2\/product_brand?post=18058"},{"taxonomy":"product_cat","embeddable":true,"href":"https:\/\/greenum.jp\/lv\/wp-json\/wp\/v2\/product_cat?post=18058"},{"taxonomy":"product_tag","embeddable":true,"href":"https:\/\/greenum.jp\/lv\/wp-json\/wp\/v2\/product_tag?post=18058"}],"curies":[{"name":"wp","href":"https:\/\/api.w.org\/{rel}","templated":true}]}}