{"id":18097,"date":"2024-10-22T09:46:15","date_gmt":"2024-10-22T09:46:15","guid":{"rendered":"https:\/\/greenum.eu\/?post_type=product&#038;p=18097"},"modified":"2024-10-22T09:46:15","modified_gmt":"2024-10-22T09:46:15","slug":"tejas-koks","status":"publish","type":"product","link":"https:\/\/greenum.jp\/lv\/products\/tejas-koks\/","title":{"rendered":"T\u0112JAS KOKS"},"content":{"rendered":"","protected":false},"excerpt":{"rendered":"<p>T\u0113jas koka \u0113terisk\u0101 e\u013c\u013ca. 100 % BIO.<\/p>\n<p>&nbsp;<\/p>\n<p>Lielisks papildin\u0101jums vannas ritu\u0101liem, mas\u0101\u017eai vai aromterapijai.<\/p>\n<p>&nbsp;<\/p>\n<p>Tilpums 10 ml.<\/p>\n<p>&nbsp;<\/p>\n<p>GLAB\u0100\u0160ANA: Uzglab\u0101t ori\u0123in\u0101laj\u0101 iepakojum\u0101 saus\u0101 un tum\u0161\u0101 viet\u0101.<\/p>\n","protected":false},"featured_media":18041,"template":"","meta":{"inline_featured_image":false},"product_brand":[],"product_cat":[314],"product_tag":[],"class_list":{"0":"post-18097","1":"product","2":"type-product","3":"status-publish","4":"has-post-thumbnail","6":"product_cat-eteriskas-ellas","8":"first","9":"instock","10":"shipping-taxable","11":"product-type-simple"},"_links":{"self":[{"href":"https:\/\/greenum.jp\/lv\/wp-json\/wp\/v2\/product\/18097","targetHints":{"allow":["GET"]}}],"collection":[{"href":"https:\/\/greenum.jp\/lv\/wp-json\/wp\/v2\/product"}],"about":[{"href":"https:\/\/greenum.jp\/lv\/wp-json\/wp\/v2\/types\/product"}],"version-history":[{"count":1,"href":"https:\/\/greenum.jp\/lv\/wp-json\/wp\/v2\/product\/18097\/revisions"}],"predecessor-version":[{"id":18098,"href":"https:\/\/greenum.jp\/lv\/wp-json\/wp\/v2\/product\/18097\/revisions\/18098"}],"wp:featuredmedia":[{"embeddable":true,"href":"https:\/\/greenum.jp\/lv\/wp-json\/wp\/v2\/media\/18041"}],"wp:attachment":[{"href":"https:\/\/greenum.jp\/lv\/wp-json\/wp\/v2\/media?parent=18097"}],"wp:term":[{"taxonomy":"product_brand","embeddable":true,"href":"https:\/\/greenum.jp\/lv\/wp-json\/wp\/v2\/product_brand?post=18097"},{"taxonomy":"product_cat","embeddable":true,"href":"https:\/\/greenum.jp\/lv\/wp-json\/wp\/v2\/product_cat?post=18097"},{"taxonomy":"product_tag","embeddable":true,"href":"https:\/\/greenum.jp\/lv\/wp-json\/wp\/v2\/product_tag?post=18097"}],"curies":[{"name":"wp","href":"https:\/\/api.w.org\/{rel}","templated":true}]}}