{"id":18298,"date":"2025-02-13T11:45:11","date_gmt":"2025-02-13T09:45:11","guid":{"rendered":"https:\/\/greenum.eu\/?post_type=product&#038;p=18298"},"modified":"2025-02-13T11:45:11","modified_gmt":"2025-02-13T09:45:11","slug":"flowers-2","status":"publish","type":"product","link":"https:\/\/greenum.jp\/lv\/products\/flowers-2\/","title":{"rendered":"FLOWERS"},"content":{"rendered":"","protected":false},"excerpt":{"rendered":"<p>Putojo\u0161a vannas bumba relaks\u0101cijai un mieram.<\/p>\n<p>&nbsp;<\/p>\n<p>Bag\u0101tin\u0101ta ar v\u012bnogu kauli\u0146u e\u013c\u013cu, kas r\u016bp\u0113jas par j\u016bsu \u0101das labsaj\u016btu.<\/p>\n<p>100% roku darbs.<\/p>\n<p>Svars 125 g \/ 4.4 oz.<\/p>\n<p>&nbsp;<\/p>\n<p>K\u0100 LIETOT: Ievietojiet vannas bumbu vann\u0101 zem teko\u0161a \u016bdens, lai veidotos putas. Baudiet vanno\u0161anos l\u012bdz 20 min\u016bt\u0113m, p\u0113c tam noskalojieties du\u0161\u0101. Produkts var atst\u0101t nogulsnes.<\/p>\n","protected":false},"featured_media":18295,"template":"","meta":{"inline_featured_image":false},"product_brand":[],"product_cat":[220],"product_tag":[],"class_list":{"0":"post-18298","1":"product","2":"type-product","3":"status-publish","4":"has-post-thumbnail","6":"product_cat-vannas-bumbas","8":"first","9":"instock","10":"shipping-taxable","11":"product-type-simple"},"_links":{"self":[{"href":"https:\/\/greenum.jp\/lv\/wp-json\/wp\/v2\/product\/18298","targetHints":{"allow":["GET"]}}],"collection":[{"href":"https:\/\/greenum.jp\/lv\/wp-json\/wp\/v2\/product"}],"about":[{"href":"https:\/\/greenum.jp\/lv\/wp-json\/wp\/v2\/types\/product"}],"version-history":[{"count":1,"href":"https:\/\/greenum.jp\/lv\/wp-json\/wp\/v2\/product\/18298\/revisions"}],"predecessor-version":[{"id":18299,"href":"https:\/\/greenum.jp\/lv\/wp-json\/wp\/v2\/product\/18298\/revisions\/18299"}],"wp:featuredmedia":[{"embeddable":true,"href":"https:\/\/greenum.jp\/lv\/wp-json\/wp\/v2\/media\/18295"}],"wp:attachment":[{"href":"https:\/\/greenum.jp\/lv\/wp-json\/wp\/v2\/media?parent=18298"}],"wp:term":[{"taxonomy":"product_brand","embeddable":true,"href":"https:\/\/greenum.jp\/lv\/wp-json\/wp\/v2\/product_brand?post=18298"},{"taxonomy":"product_cat","embeddable":true,"href":"https:\/\/greenum.jp\/lv\/wp-json\/wp\/v2\/product_cat?post=18298"},{"taxonomy":"product_tag","embeddable":true,"href":"https:\/\/greenum.jp\/lv\/wp-json\/wp\/v2\/product_tag?post=18298"}],"curies":[{"name":"wp","href":"https:\/\/api.w.org\/{rel}","templated":true}]}}